{"id":107892,"date":"2021-02-16T11:30:33","date_gmt":"2021-02-16T11:30:33","guid":{"rendered":"https:\/\/cernelic.hr\/spaces\/hotels-restaurants-cafes\/"},"modified":"2023-12-08T02:02:12","modified_gmt":"2023-12-08T02:02:12","slug":"hoteli-restorani-cafe","status":"publish","type":"page","link":"https:\/\/cernelic.hr\/en\/spaces\/hoteli-restorani-cafe\/","title":{"rendered":"Hoteli, restorani, cafe"},"content":{"rendered":"<h1 style=\"text-align: center\">Kvalitetan dizajn interijera &#8211; klju\u010dan za dobro iskustvo gosta i presudan za prepoznatljivost brenda<\/h1>\n<h4 style=\"text-align: center\">Kvalitetan dizajn hotelskih i ugostiteljskih interijera jedna je od klju\u010dnih prednosti u privla\u010denju gostiju te stvaranju vizualne pri\u010de koje \u0107e se gosti sje\u0107ati jo\u0161 dugo nakon posjeta.<\/h4>\n<p><img loading=\"lazy\" decoding=\"async\" class=\"alignnone wp-image-67615 size-full\" src=\"https:\/\/cernelic.hr\/wp-content\/uploads\/images\/reference\/ref_du_hotel_excelsior_03.jpg\" alt=\"ref du hotel excelsior 03\" width=\"1410\" height=\"720\" title=\"\" srcset=\"https:\/\/cernelic.hr\/wp-content\/uploads\/images\/reference\/ref_du_hotel_excelsior_03.jpg 1410w, https:\/\/cernelic.hr\/wp-content\/uploads\/images\/reference\/ref_du_hotel_excelsior_03-1400x715.jpg 1400w, https:\/\/cernelic.hr\/wp-content\/uploads\/images\/reference\/ref_du_hotel_excelsior_03-324x165.jpg 324w, https:\/\/cernelic.hr\/wp-content\/uploads\/images\/reference\/ref_du_hotel_excelsior_03-416x212.jpg 416w\" sizes=\"auto, (max-width: 1410px) 100vw, 1410px\" \/><\/p>\n<p>DEFINIRANJE OPSEGA I CILJEVA PROJEKTA ANALIZA ORGANIZACIJE RADA, POSLOVNIH PROCESA I POTREBA KLIJENTA<\/p>\n<p>U pripremnoj fazi projekta, na\u0161 zadatak je saslu\u0161ati i razumjeti klijenta, tj. sagledati trenutno stanje, planove i poslovnu strategiju klijenta, te analizirati njegovu organizaciju rada, poslovne procese i budu\u0107e potrebe.<\/p>\n<p>Ova analiza nu\u017ena je radi kvalitetne realizacije narednih faza \u2013 pronala\u017eenja adekvatnog prostora, njegovog planiranja i dizajnerskog oblikovanja, te prijedloga opremanja.<\/p>\n<ul>\n<li>suradnja izme\u0111u profesionalaca koji se bave arhitekturom, dizajnom interijera itd.<\/li>\n<li>rje\u0161enja koja uskla\u0111uju sve aspekte kvalitetnog i ugodnog interijera: antropometriju i ergonomiju namje\u0161taja, identitet marke, dizajn rasvjete i usluge,<\/li>\n<li>pratimo trendove u turizmu i osmi\u0161ljavamo rje\u0161enja za sve cjenovne kategorije hotelske ponude &#8211; od luksuznih do povoljnih<\/li>\n<li>savjetovanje i integrirani dizajn (arhitektura, dizajn interijera, osvjetljenje, upravljanje i dizajn usluga).<\/li>\n<li>suradnja sa stru\u010dnjacima i specijaliziranim profesionalcima na podru\u010dju projekata i upravljanja omogu\u0107uje nam pra\u0107enje svih faza projektiranja i izgradnje, nude\u0107i koncept i studije izvodljivosti za ugostiteljske prostore, izvr\u0161ne arhitektonske i interijerske projekte, dizajn namje\u0161taja i prenamjenu postoje\u0107eg hotelskog prostora.<\/li>\n<\/ul>\n<p>ODABIR ODGOVARAJU\u0106EG POSLOVNOG PROSTORA<\/p>\n<p>Temeljem analize potreba iz prethodne faze, klijentu pru\u017eamo na\u0161e konzultantske usluge pri odabiru odgovaraju\u0107eg poslovnog prostora.<\/p>\n<p>Vrsta i opseg konzultantskih usluga pri odabiru prostora ovise o specifi\u010dnosti projekta, a naj\u010de\u0161\u0107e uklju\u010duju ogled prostora, izradu skice organizacije prostora u svrhu provjere da li prostor zadovoljava potrebe klijenta, analizu iskoristivosti prostora i sl.<\/p>\n<p>PLANIRANJE PROSTORA<\/p>\n<p>Na osnovu analize potreba i poslovnih procesa klijenta, te raspolo\u017eivog prostora razra\u0111ujemo detaljni projekt organizacije prostora na na\u010din da smje\u0161taj pojedinih radnih cjelina i timova omogu\u0107uje optimalnu razinu interakcije me\u0111u njima.<\/p>\n<p>DIZAJNERSKO OBLIKOVANJE PROSTORA<\/p>\n<p>Nakon prihva\u0107anja koncepta organizacije prostora pristupamo kreativnom dijelu projektiranja \u2013 dizajnerskom oblikovanju prostora na na\u010din da svi elementi unutarnjeg ure\u0111enja \u2013 podovi, zidovi, namje\u0161taj, zelenilo, slike \u010dine jednu skladnu cjelinu. Temeljito promi\u0161ljanje vizualnog identiteta poslovnih prostorija nu\u017eno je, kako radi definiranja imagea tvrtke koji klijent \u017eeli pokazati (moderan, klasi\u010dan, dizajnerski itd.), tako i radi stvaranja ambijenta u kojem \u0107e se zaposlenici ugodno osje\u0107ati te biti produktivni.<\/p>\n<p>PRIJEDLOG OPREMANJA<\/p>\n<p>Nakon definiranja svih parametara projekta klijentu prezentiramo prijedlog opremanja \u2013 tro\u0161kovnik s uklju\u010denim svim cijenama odabranih proizvoda i usluga. Prijedlog opremanja dajemo u dvije ili vi\u0161e varijanti, odnosno cjenovnih kategorija tako da klijent mo\u017ee odabrati opremu koja najbolje zadovoljava njegove zahtijeve, te nudi najoptimalniji omjer dizajna, kvalitete i cijene.<\/p>\n<p>ISPORUKA I UGRADNJA OPREME, POSTPRODAJNI SERVIS<\/p>\n<p>Nakon definiranja svih detalja organiziramo isporuku i ugradnju opreme do potpune gotovosti i funkcionalnosti prostora.<\/p>\n<p>Nakon ugradnje, osiguravamo usluge postprodajnog servisa prema potrebama klijenta \u2013 redoviti obilazak i kontrolu opreme, projekt nove organizacije i stru\u010dnu demonta\u017eu i monta\u017eu u slu\u010daju preseljenja na novu lokaciju i sl.<\/p>\n","protected":false},"excerpt":{"rendered":"<p>Kvalitetan dizajn interijera &#8211; klju\u010dan za dobro iskustvo gosta i presudan za prepoznatljivost brenda Kvalitetan dizajn hotelskih i ugostiteljskih interijera jedna je od klju\u010dnih prednosti u privla\u010denju gostiju te stvaranju vizualne pri\u010de koje \u0107e se gosti sje\u0107ati jo\u0161 dugo nakon posjeta. DEFINIRANJE OPSEGA I CILJEVA PROJEKTA ANALIZA ORGANIZACIJE RADA, POSLOVNIH PROCESA I POTREBA KLIJENTA U [&hellip;]<\/p>\n","protected":false},"author":1,"featured_media":0,"parent":55784,"menu_order":0,"comment_status":"closed","ping_status":"closed","template":"inc\/prostori.php","meta":{"_acf_changed":false,"footnotes":""},"class_list":["post-107892","page","type-page","status-publish","hentry"],"acf":[],"_links":{"self":[{"href":"https:\/\/cernelic.hr\/en\/wp-json\/wp\/v2\/pages\/107892","targetHints":{"allow":["GET"]}}],"collection":[{"href":"https:\/\/cernelic.hr\/en\/wp-json\/wp\/v2\/pages"}],"about":[{"href":"https:\/\/cernelic.hr\/en\/wp-json\/wp\/v2\/types\/page"}],"author":[{"embeddable":true,"href":"https:\/\/cernelic.hr\/en\/wp-json\/wp\/v2\/users\/1"}],"replies":[{"embeddable":true,"href":"https:\/\/cernelic.hr\/en\/wp-json\/wp\/v2\/comments?post=107892"}],"version-history":[{"count":1,"href":"https:\/\/cernelic.hr\/en\/wp-json\/wp\/v2\/pages\/107892\/revisions"}],"predecessor-version":[{"id":133780,"href":"https:\/\/cernelic.hr\/en\/wp-json\/wp\/v2\/pages\/107892\/revisions\/133780"}],"up":[{"embeddable":true,"href":"https:\/\/cernelic.hr\/en\/wp-json\/wp\/v2\/pages\/55784"}],"wp:attachment":[{"href":"https:\/\/cernelic.hr\/en\/wp-json\/wp\/v2\/media?parent=107892"}],"curies":[{"name":"wp","href":"https:\/\/api.w.org\/{rel}","templated":true}]}}