{"id":109405,"date":"2021-05-12T18:07:46","date_gmt":"2021-05-12T18:07:46","guid":{"rendered":"https:\/\/cernelic.hr\/?post_type=product&#038;p=109405"},"modified":"2023-12-08T07:14:01","modified_gmt":"2023-12-08T07:14:01","slug":"raglan-occasional-by-andreu-world","status":"publish","type":"product","link":"https:\/\/cernelic.hr\/en\/proizvod\/raglan-occasional-by-andreu-world\/","title":{"rendered":"RAGLAN OCCASIONAL by Andreu World"},"content":{"rendered":"<p>Razvijen zajedno s \u201eRaglan\u201c kolekcijom trosjeda, ovaj niski stoli\u0107 ima \u010detiri aluminijske noge i \u0161irok izbor stolnih plo\u010da od raznih materijala: drva, keramike, mramora, itd. Diskretna i funkcionalna opcija koja podr\u017eava i nisko sjedenje.<\/p>\n","protected":false},"excerpt":{"rendered":"<p>Razvijen zajedno s \u201eRaglan\u201c kolekcijom trosjeda, ovaj niski stoli\u0107 ima \u010detiri aluminijske noge i \u0161irok izbor stolnih plo\u010da od raznih materijala: drva, keramike, mramora, itd. Diskretna i funkcionalna opcija koja podr\u017eava i nisko sjedenje.<\/p>\n","protected":false},"featured_media":114983,"template":"","meta":{"_acf_changed":false},"product_brand":[],"product_cat":[2142,2119,2138,2144,2140,2147,2186,2121,2146,2118,2135,2143],"product_tag":[],"berocket_brand":[518],"class_list":{"0":"post-109405","1":"product","2":"type-product","3":"status-publish","4":"has-post-thumbnail","6":"product_cat-proizvodi-stolovi-niski-stolovi-vanjske-prostore","7":"product_cat-proizvodi-stolovi-niski-stolovi-za-unutarnje-prostore","8":"product_cat-prostori-horeca-stolovi-za-unutarnje-prostore","9":"product_cat-prostori-horeca-stolovi-za-vanjske-prostore","10":"product_cat-prostori-javni-stolovi-za-unutarnje-prostore","11":"product_cat-prostori-javni-stolovi-za-vanjske-prostore","12":"product_cat-prostori-outdoor-stolovi","13":"product_cat-prostori-rezidencijalni-niski-klubski-stolici-za-unutarnje-prostore","14":"product_cat-prostori-rezidencijalni-niski-klubski-stolici-za-vanjske-prostore","15":"product_cat-stolovi","16":"product_cat-proizvodi-stolovi-stolovi-za-unutarnje-prostore","17":"product_cat-proizvodi-stolovi-stolovi-za-vanjske-prostore","18":"berocket_brand-andreu-world","20":"first","21":"instock","22":"shipping-taxable","23":"product-type-grouped"},"acf":[],"_links":{"self":[{"href":"https:\/\/cernelic.hr\/en\/wp-json\/wp\/v2\/product\/109405","targetHints":{"allow":["GET"]}}],"collection":[{"href":"https:\/\/cernelic.hr\/en\/wp-json\/wp\/v2\/product"}],"about":[{"href":"https:\/\/cernelic.hr\/en\/wp-json\/wp\/v2\/types\/product"}],"wp:featuredmedia":[{"embeddable":true,"href":"https:\/\/cernelic.hr\/en\/wp-json\/wp\/v2\/media\/114983"}],"wp:attachment":[{"href":"https:\/\/cernelic.hr\/en\/wp-json\/wp\/v2\/media?parent=109405"}],"wp:term":[{"taxonomy":"product_brand","embeddable":true,"href":"https:\/\/cernelic.hr\/en\/wp-json\/wp\/v2\/product_brand?post=109405"},{"taxonomy":"product_cat","embeddable":true,"href":"https:\/\/cernelic.hr\/en\/wp-json\/wp\/v2\/product_cat?post=109405"},{"taxonomy":"product_tag","embeddable":true,"href":"https:\/\/cernelic.hr\/en\/wp-json\/wp\/v2\/product_tag?post=109405"},{"taxonomy":"berocket_brand","embeddable":true,"href":"https:\/\/cernelic.hr\/en\/wp-json\/wp\/v2\/berocket_brand?post=109405"}],"curies":[{"name":"wp","href":"https:\/\/api.w.org\/{rel}","templated":true}]}}