{"id":123107,"date":"2022-08-21T20:44:59","date_gmt":"2022-08-21T20:44:59","guid":{"rendered":"https:\/\/cernelic.hr\/proizvod\/ghost-by-fiam\/"},"modified":"2023-12-08T08:38:17","modified_gmt":"2023-12-08T08:38:17","slug":"ghost-by-fiam","status":"publish","type":"product","link":"https:\/\/cernelic.hr\/en\/proizvod\/ghost-by-fiam\/","title":{"rendered":"Ghost by Fiam"},"content":{"rendered":"<p>Staklo je priroda. Sastoji se uglavnom od pijeska i vapna. Netoksi\u010dno i ne ispu\u0161ta nikakve \u0161tetne tvari. Staklo je vje\u010dno i mo\u017ee se beskona\u010dno reciklirati bez stvaranja otpada. FIAM Italia u potpunosti iskori\u0161tava prednosti stakla kroz svoje ekolo\u0161ke proizvodne procese. \u201eGhost\u201c su monolitne udobne stolice od zakrivljenog stakla debljine 12 mm.<\/p>\n","protected":false},"excerpt":{"rendered":"<p>Staklo je priroda. Sastoji se uglavnom od pijeska i vapna. Netoksi\u010dno i ne ispu\u0161ta nikakve \u0161tetne tvari. Staklo je vje\u010dno i mo\u017ee se beskona\u010dno reciklirati bez stvaranja otpada. FIAM Italia u potpunosti iskori\u0161tava prednosti stakla kroz svoje ekolo\u0161ke proizvodne procese. \u201eGhost\u201c su monolitne udobne stolice od zakrivljenog stakla debljine 12 mm.<\/p>\n","protected":false},"featured_media":119037,"template":"","meta":{"_acf_changed":false},"product_brand":[],"product_cat":[3116,3122,3117,3121,3041,2061,2068,2073],"product_tag":[],"berocket_brand":[525],"class_list":{"0":"post-123107","1":"product","2":"type-product","3":"status-publish","4":"has-post-thumbnail","6":"product_cat-fotelje-garniture-proizvodi","7":"product_cat-fotelje-i-garniture-unutarnje-prostore-rezidencijalni","8":"product_cat-fotelje-i-garniture-unutarnje-prostore-fotelje-garniture-proizvodi","9":"product_cat-fotelje-i-garniture-za-unutarnje-prostore-horeca-prostori","10":"product_cat-horeca-prostori","11":"product_cat-proizvodi","12":"product_cat-prostori","13":"product_cat-rezidencijalni","14":"berocket_brand-fiam","16":"first","17":"instock","18":"product-type-grouped"},"acf":[],"_links":{"self":[{"href":"https:\/\/cernelic.hr\/en\/wp-json\/wp\/v2\/product\/123107","targetHints":{"allow":["GET"]}}],"collection":[{"href":"https:\/\/cernelic.hr\/en\/wp-json\/wp\/v2\/product"}],"about":[{"href":"https:\/\/cernelic.hr\/en\/wp-json\/wp\/v2\/types\/product"}],"wp:featuredmedia":[{"embeddable":true,"href":"https:\/\/cernelic.hr\/en\/wp-json\/wp\/v2\/media\/119037"}],"wp:attachment":[{"href":"https:\/\/cernelic.hr\/en\/wp-json\/wp\/v2\/media?parent=123107"}],"wp:term":[{"taxonomy":"product_brand","embeddable":true,"href":"https:\/\/cernelic.hr\/en\/wp-json\/wp\/v2\/product_brand?post=123107"},{"taxonomy":"product_cat","embeddable":true,"href":"https:\/\/cernelic.hr\/en\/wp-json\/wp\/v2\/product_cat?post=123107"},{"taxonomy":"product_tag","embeddable":true,"href":"https:\/\/cernelic.hr\/en\/wp-json\/wp\/v2\/product_tag?post=123107"},{"taxonomy":"berocket_brand","embeddable":true,"href":"https:\/\/cernelic.hr\/en\/wp-json\/wp\/v2\/berocket_brand?post=123107"}],"curies":[{"name":"wp","href":"https:\/\/api.w.org\/{rel}","templated":true}]}}