{"id":123110,"date":"2022-08-21T20:45:18","date_gmt":"2022-08-21T20:45:18","guid":{"rendered":"https:\/\/cernelic.hr\/proizvod\/caadre-tv-by-fiam\/"},"modified":"2023-12-08T08:37:26","modified_gmt":"2023-12-08T08:37:26","slug":"caadre-tv-by-fiam","status":"publish","type":"product","link":"https:\/\/cernelic.hr\/en\/proizvod\/caadre-tv-by-fiam\/","title":{"rendered":"Caadre TV by Fiam"},"content":{"rendered":"<p>Ogledalo s integriranim televizorom. Zidno ogledalo u polureflektiraju\u0107em staklu debljine 5 mm koje se sastoji od 4 jednostruka zakrivljena elementa u polureflektiraju\u0107em staklu debljine 6 mm u crnoj boji. Metalni okvir obojen mat crnom bojom. Za iznimno moderne kancelarije ili ure\u0111enje ureda koji hvataju svu pozornost!<\/p>\n","protected":false},"excerpt":{"rendered":"<p>Ogledalo s integriranim televizorom. Zidno ogledalo u polureflektiraju\u0107em staklu debljine 5 mm koje se sastoji od 4 jednostruka zakrivljena elementa u polureflektiraju\u0107em staklu debljine 6 mm u crnoj boji. Metalni okvir obojen mat crnom bojom. Za iznimno moderne kancelarije ili ure\u0111enje ureda koji hvataju svu pozornost!<\/p>\n","protected":false},"featured_media":119017,"template":"","meta":{"_acf_changed":false},"product_brand":[],"product_cat":[3071,2514,3147,3041,3143,3144,3145,2061,3070,2068,2073],"product_tag":[],"berocket_brand":[525],"class_list":{"0":"post-123110","1":"product","2":"type-product","3":"status-publish","4":"has-post-thumbnail","6":"product_cat-accessories-proizvodi-accessories","7":"product_cat-accessories","8":"product_cat-accessories-za-unutarnje-prostore-accessories-proizvodi-accessories","9":"product_cat-horeca-prostori","10":"product_cat-ogledala","11":"product_cat-ogledala-horeca-prostori","12":"product_cat-ogledala-rezidencijalni","13":"product_cat-proizvodi","14":"product_cat-proizvodi-accessories","15":"product_cat-prostori","16":"product_cat-rezidencijalni","17":"berocket_brand-fiam","19":"first","20":"instock","21":"product-type-grouped"},"acf":[],"_links":{"self":[{"href":"https:\/\/cernelic.hr\/en\/wp-json\/wp\/v2\/product\/123110","targetHints":{"allow":["GET"]}}],"collection":[{"href":"https:\/\/cernelic.hr\/en\/wp-json\/wp\/v2\/product"}],"about":[{"href":"https:\/\/cernelic.hr\/en\/wp-json\/wp\/v2\/types\/product"}],"wp:featuredmedia":[{"embeddable":true,"href":"https:\/\/cernelic.hr\/en\/wp-json\/wp\/v2\/media\/119017"}],"wp:attachment":[{"href":"https:\/\/cernelic.hr\/en\/wp-json\/wp\/v2\/media?parent=123110"}],"wp:term":[{"taxonomy":"product_brand","embeddable":true,"href":"https:\/\/cernelic.hr\/en\/wp-json\/wp\/v2\/product_brand?post=123110"},{"taxonomy":"product_cat","embeddable":true,"href":"https:\/\/cernelic.hr\/en\/wp-json\/wp\/v2\/product_cat?post=123110"},{"taxonomy":"product_tag","embeddable":true,"href":"https:\/\/cernelic.hr\/en\/wp-json\/wp\/v2\/product_tag?post=123110"},{"taxonomy":"berocket_brand","embeddable":true,"href":"https:\/\/cernelic.hr\/en\/wp-json\/wp\/v2\/berocket_brand?post=123110"}],"curies":[{"name":"wp","href":"https:\/\/api.w.org\/{rel}","templated":true}]}}