{"id":123115,"date":"2022-08-21T20:46:06","date_gmt":"2022-08-21T20:46:06","guid":{"rendered":"https:\/\/cernelic.hr\/proizvod\/mirage-tv-by-fiam\/"},"modified":"2023-12-08T08:39:58","modified_gmt":"2023-12-08T08:39:58","slug":"mirage-tv-by-fiam","status":"publish","type":"product","link":"https:\/\/cernelic.hr\/en\/proizvod\/mirage-tv-by-fiam\/","title":{"rendered":"Mirage TV by Fiam"},"content":{"rendered":"<p>Ogledalo s ugra\u0111enim okvirom za smje\u0161taj TV prijemnika. Zidno ogledalo od 5-milimetarskog polureflektiraju\u0107eg stakla, titanijske boje, sa stra\u017enjim okvirom od poliranog aluminija koji \u010dini cijelokupni dizajn interijera impozantnim. Ku\u0107i\u0161te od mat crno obojenog metala. TV prijemnik nije uklju\u010den.<\/p>\n","protected":false},"excerpt":{"rendered":"<p>Ogledalo s ugra\u0111enim okvirom za smje\u0161taj TV prijemnika. Zidno ogledalo od 5-milimetarskog polureflektiraju\u0107eg stakla, titanijske boje, sa stra\u017enjim okvirom od poliranog aluminija koji \u010dini cijelokupni dizajn interijera impozantnim. Ku\u0107i\u0161te od mat crno obojenog metala. TV prijemnik nije uklju\u010den.<\/p>\n","protected":false},"featured_media":119075,"template":"","meta":{"_acf_changed":false},"product_brand":[],"product_cat":[3071,2514,3147,3041,3145,3143,3144,2061,3070,2068,2073],"product_tag":[],"berocket_brand":[525],"class_list":{"0":"post-123115","1":"product","2":"type-product","3":"status-publish","4":"has-post-thumbnail","6":"product_cat-accessories-proizvodi-accessories","7":"product_cat-accessories","8":"product_cat-accessories-za-unutarnje-prostore-accessories-proizvodi-accessories","9":"product_cat-horeca-prostori","10":"product_cat-ogledala-rezidencijalni","11":"product_cat-ogledala","12":"product_cat-ogledala-horeca-prostori","13":"product_cat-proizvodi","14":"product_cat-proizvodi-accessories","15":"product_cat-prostori","16":"product_cat-rezidencijalni","17":"berocket_brand-fiam","19":"first","20":"instock","21":"product-type-grouped"},"acf":[],"_links":{"self":[{"href":"https:\/\/cernelic.hr\/en\/wp-json\/wp\/v2\/product\/123115","targetHints":{"allow":["GET"]}}],"collection":[{"href":"https:\/\/cernelic.hr\/en\/wp-json\/wp\/v2\/product"}],"about":[{"href":"https:\/\/cernelic.hr\/en\/wp-json\/wp\/v2\/types\/product"}],"wp:featuredmedia":[{"embeddable":true,"href":"https:\/\/cernelic.hr\/en\/wp-json\/wp\/v2\/media\/119075"}],"wp:attachment":[{"href":"https:\/\/cernelic.hr\/en\/wp-json\/wp\/v2\/media?parent=123115"}],"wp:term":[{"taxonomy":"product_brand","embeddable":true,"href":"https:\/\/cernelic.hr\/en\/wp-json\/wp\/v2\/product_brand?post=123115"},{"taxonomy":"product_cat","embeddable":true,"href":"https:\/\/cernelic.hr\/en\/wp-json\/wp\/v2\/product_cat?post=123115"},{"taxonomy":"product_tag","embeddable":true,"href":"https:\/\/cernelic.hr\/en\/wp-json\/wp\/v2\/product_tag?post=123115"},{"taxonomy":"berocket_brand","embeddable":true,"href":"https:\/\/cernelic.hr\/en\/wp-json\/wp\/v2\/berocket_brand?post=123115"}],"curies":[{"name":"wp","href":"https:\/\/api.w.org\/{rel}","templated":true}]}}