{"id":123119,"date":"2022-08-21T20:46:38","date_gmt":"2022-08-21T20:46:38","guid":{"rendered":"https:\/\/cernelic.hr\/proizvod\/pop-tv-by-fiam\/"},"modified":"2023-12-08T08:40:45","modified_gmt":"2023-12-08T08:40:45","slug":"pop-tv-by-fiam","status":"publish","type":"product","link":"https:\/\/cernelic.hr\/en\/proizvod\/pop-tv-by-fiam\/","title":{"rendered":"Pop TV by Fiam"},"content":{"rendered":"<p>Zidno ogledalo s uklju\u010denim TV-om. Centralno ogledalo u polureflektiraju\u0107em crno obojanom staklu debljine 5 mm. Okvir se sastoji od 4 spojena i posrebrena elementa od dimnog stakla debljine 6 mm. Odgovaraju\u0107i stra\u017enji okvir od lakiranog crnog neprozirnog metala. Svaki studio za dizajn interijera ovim izborom podignuti \u0107e prostor!<\/p>\n","protected":false},"excerpt":{"rendered":"<p>Zidno ogledalo s uklju\u010denim TV-om. Centralno ogledalo u polureflektiraju\u0107em crno obojanom staklu debljine 5 mm. Okvir se sastoji od 4 spojena i posrebrena elementa od dimnog stakla debljine 6 mm. Odgovaraju\u0107i stra\u017enji okvir od lakiranog crnog neprozirnog metala. Svaki studio za dizajn interijera ovim izborom podignuti \u0107e prostor!<\/p>\n","protected":false},"featured_media":119088,"template":"","meta":{"_acf_changed":false},"product_brand":[],"product_cat":[3071,2514,3147,3041,3143,3144,3145,2061,3070,2068,2073],"product_tag":[],"berocket_brand":[525],"class_list":{"0":"post-123119","1":"product","2":"type-product","3":"status-publish","4":"has-post-thumbnail","6":"product_cat-accessories-proizvodi-accessories","7":"product_cat-accessories","8":"product_cat-accessories-za-unutarnje-prostore-accessories-proizvodi-accessories","9":"product_cat-horeca-prostori","10":"product_cat-ogledala","11":"product_cat-ogledala-horeca-prostori","12":"product_cat-ogledala-rezidencijalni","13":"product_cat-proizvodi","14":"product_cat-proizvodi-accessories","15":"product_cat-prostori","16":"product_cat-rezidencijalni","17":"berocket_brand-fiam","19":"first","20":"instock","21":"product-type-grouped"},"acf":[],"_links":{"self":[{"href":"https:\/\/cernelic.hr\/en\/wp-json\/wp\/v2\/product\/123119","targetHints":{"allow":["GET"]}}],"collection":[{"href":"https:\/\/cernelic.hr\/en\/wp-json\/wp\/v2\/product"}],"about":[{"href":"https:\/\/cernelic.hr\/en\/wp-json\/wp\/v2\/types\/product"}],"wp:featuredmedia":[{"embeddable":true,"href":"https:\/\/cernelic.hr\/en\/wp-json\/wp\/v2\/media\/119088"}],"wp:attachment":[{"href":"https:\/\/cernelic.hr\/en\/wp-json\/wp\/v2\/media?parent=123119"}],"wp:term":[{"taxonomy":"product_brand","embeddable":true,"href":"https:\/\/cernelic.hr\/en\/wp-json\/wp\/v2\/product_brand?post=123119"},{"taxonomy":"product_cat","embeddable":true,"href":"https:\/\/cernelic.hr\/en\/wp-json\/wp\/v2\/product_cat?post=123119"},{"taxonomy":"product_tag","embeddable":true,"href":"https:\/\/cernelic.hr\/en\/wp-json\/wp\/v2\/product_tag?post=123119"},{"taxonomy":"berocket_brand","embeddable":true,"href":"https:\/\/cernelic.hr\/en\/wp-json\/wp\/v2\/berocket_brand?post=123119"}],"curies":[{"name":"wp","href":"https:\/\/api.w.org\/{rel}","templated":true}]}}