{"id":123120,"date":"2022-08-21T20:46:38","date_gmt":"2022-08-21T20:46:38","guid":{"rendered":"https:\/\/cernelic.hr\/proizvod\/reverso-by-fiam\/"},"modified":"2023-12-08T08:41:00","modified_gmt":"2023-12-08T08:41:00","slug":"reverso-by-fiam","status":"publish","type":"product","link":"https:\/\/cernelic.hr\/en\/proizvod\/reverso-by-fiam\/","title":{"rendered":"Reverso by Fiam"},"content":{"rendered":"<p>Fiam zidno ogledalo od zavarenog stakla debljine 6 mm. Kut zrcalnih povr\u0161ina reflektira objekt s nekoliko to\u010daka gledi\u0161ta.<\/p>\n","protected":false},"excerpt":{"rendered":"<p>Fiam zidno ogledalo od zavarenog stakla debljine 6 mm. Kut zrcalnih povr\u0161ina reflektira objekt s nekoliko to\u010daka gledi\u0161ta.<\/p>\n","protected":false},"featured_media":119094,"template":"","meta":{"_acf_changed":false},"product_brand":[],"product_cat":[2514,3041,3145,3143,3144,2061,2068,2073],"product_tag":[],"berocket_brand":[525],"class_list":{"0":"post-123120","1":"product","2":"type-product","3":"status-publish","4":"has-post-thumbnail","6":"product_cat-accessories","7":"product_cat-horeca-prostori","8":"product_cat-ogledala-rezidencijalni","9":"product_cat-ogledala","10":"product_cat-ogledala-horeca-prostori","11":"product_cat-proizvodi","12":"product_cat-prostori","13":"product_cat-rezidencijalni","14":"berocket_brand-fiam","16":"first","17":"instock","18":"product-type-grouped"},"acf":[],"_links":{"self":[{"href":"https:\/\/cernelic.hr\/en\/wp-json\/wp\/v2\/product\/123120","targetHints":{"allow":["GET"]}}],"collection":[{"href":"https:\/\/cernelic.hr\/en\/wp-json\/wp\/v2\/product"}],"about":[{"href":"https:\/\/cernelic.hr\/en\/wp-json\/wp\/v2\/types\/product"}],"wp:featuredmedia":[{"embeddable":true,"href":"https:\/\/cernelic.hr\/en\/wp-json\/wp\/v2\/media\/119094"}],"wp:attachment":[{"href":"https:\/\/cernelic.hr\/en\/wp-json\/wp\/v2\/media?parent=123120"}],"wp:term":[{"taxonomy":"product_brand","embeddable":true,"href":"https:\/\/cernelic.hr\/en\/wp-json\/wp\/v2\/product_brand?post=123120"},{"taxonomy":"product_cat","embeddable":true,"href":"https:\/\/cernelic.hr\/en\/wp-json\/wp\/v2\/product_cat?post=123120"},{"taxonomy":"product_tag","embeddable":true,"href":"https:\/\/cernelic.hr\/en\/wp-json\/wp\/v2\/product_tag?post=123120"},{"taxonomy":"berocket_brand","embeddable":true,"href":"https:\/\/cernelic.hr\/en\/wp-json\/wp\/v2\/berocket_brand?post=123120"}],"curies":[{"name":"wp","href":"https:\/\/api.w.org\/{rel}","templated":true}]}}