{"id":123123,"date":"2022-08-21T20:47:12","date_gmt":"2022-08-21T20:47:12","guid":{"rendered":"https:\/\/cernelic.hr\/proizvod\/kathleen-by-fiam\/"},"modified":"2023-12-08T08:38:42","modified_gmt":"2023-12-08T08:38:42","slug":"kathleen-by-fiam","status":"publish","type":"product","link":"https:\/\/cernelic.hr\/en\/proizvod\/kathleen-by-fiam\/","title":{"rendered":"Kathleen by Fiam"},"content":{"rendered":"<p>Ogledalo od topljenog stakla!<br \/>\nSamostoje\u0107e ogledalo, tako\u0111er dostupno u vise\u0107oj verziji. Okvir od 6-milimetarskog visokotemperaturnog topljenog stakla, dostupan u neutralnoj zavr\u0161noj obradi ili dimno sivoj, antikno ru\u017ei\u010dastoj i jantarnoj zavr\u0161noj obradi. 5 milimetarsko ravno sredi\u0161nje ogledalo. Samostoje\u0107a verzija od metalne konstrukcije, s metalik Champagne zavr\u0161nom obradom. Integrirani komplet LED rasvjete (samo za samostoje\u0107u verziju) \u010dini odva\u017ean izbor kod projektiranja stana Ili opremanje vila.<\/p>\n","protected":false},"excerpt":{"rendered":"<p>Ogledalo od topljenog stakla! Samostoje\u0107e ogledalo, tako\u0111er dostupno u vise\u0107oj verziji. Okvir od 6-milimetarskog visokotemperaturnog topljenog stakla, dostupan u neutralnoj zavr\u0161noj obradi ili dimno sivoj, antikno ru\u017ei\u010dastoj i jantarnoj zavr\u0161noj obradi. 5 milimetarsko ravno sredi\u0161nje ogledalo. Samostoje\u0107a verzija od metalne konstrukcije, s metalik Champagne zavr\u0161nom obradom. Integrirani komplet LED rasvjete (samo za samostoje\u0107u verziju) \u010dini [&hellip;]<\/p>\n","protected":false},"featured_media":119047,"template":"","meta":{"_acf_changed":false},"product_brand":[],"product_cat":[2514,3041,3143,3144,3145,2061,2068,2073],"product_tag":[],"berocket_brand":[525],"class_list":{"0":"post-123123","1":"product","2":"type-product","3":"status-publish","4":"has-post-thumbnail","6":"product_cat-accessories","7":"product_cat-horeca-prostori","8":"product_cat-ogledala","9":"product_cat-ogledala-horeca-prostori","10":"product_cat-ogledala-rezidencijalni","11":"product_cat-proizvodi","12":"product_cat-prostori","13":"product_cat-rezidencijalni","14":"berocket_brand-fiam","16":"first","17":"instock","18":"product-type-grouped"},"acf":[],"_links":{"self":[{"href":"https:\/\/cernelic.hr\/en\/wp-json\/wp\/v2\/product\/123123","targetHints":{"allow":["GET"]}}],"collection":[{"href":"https:\/\/cernelic.hr\/en\/wp-json\/wp\/v2\/product"}],"about":[{"href":"https:\/\/cernelic.hr\/en\/wp-json\/wp\/v2\/types\/product"}],"wp:featuredmedia":[{"embeddable":true,"href":"https:\/\/cernelic.hr\/en\/wp-json\/wp\/v2\/media\/119047"}],"wp:attachment":[{"href":"https:\/\/cernelic.hr\/en\/wp-json\/wp\/v2\/media?parent=123123"}],"wp:term":[{"taxonomy":"product_brand","embeddable":true,"href":"https:\/\/cernelic.hr\/en\/wp-json\/wp\/v2\/product_brand?post=123123"},{"taxonomy":"product_cat","embeddable":true,"href":"https:\/\/cernelic.hr\/en\/wp-json\/wp\/v2\/product_cat?post=123123"},{"taxonomy":"product_tag","embeddable":true,"href":"https:\/\/cernelic.hr\/en\/wp-json\/wp\/v2\/product_tag?post=123123"},{"taxonomy":"berocket_brand","embeddable":true,"href":"https:\/\/cernelic.hr\/en\/wp-json\/wp\/v2\/berocket_brand?post=123123"}],"curies":[{"name":"wp","href":"https:\/\/api.w.org\/{rel}","templated":true}]}}