{"id":123124,"date":"2022-08-21T20:47:12","date_gmt":"2022-08-21T20:47:12","guid":{"rendered":"https:\/\/cernelic.hr\/proizvod\/let-me-see-by-fiam\/"},"modified":"2023-12-08T08:39:03","modified_gmt":"2023-12-08T08:39:03","slug":"let-me-see-by-fiam","status":"publish","type":"product","link":"https:\/\/cernelic.hr\/en\/proizvod\/let-me-see-by-fiam\/","title":{"rendered":"Let me see by Fiam"},"content":{"rendered":"<p>Zrcalna konzola od zakrivljenog stakla debljine 8 mm. Konzola se mo\u017ee montirati s policom s lijeve ili desne strane. Okvir od ostakljenog nehr\u0111aju\u0107eg \u010delika. Sna\u017ean dizajn koji bi se odli\u010dno uklopio u arhitektonski ured ili u manji stan.<\/p>\n","protected":false},"excerpt":{"rendered":"<p>Zrcalna konzola od zakrivljenog stakla debljine 8 mm. Konzola se mo\u017ee montirati s policom s lijeve ili desne strane. Okvir od ostakljenog nehr\u0111aju\u0107eg \u010delika. Sna\u017ean dizajn koji bi se odli\u010dno uklopio u arhitektonski ured ili u manji stan.<\/p>\n","protected":false},"featured_media":119057,"template":"","meta":{"_acf_changed":false},"product_brand":[],"product_cat":[2514,3041,3143,3144,3145,2061,2068,2073],"product_tag":[],"berocket_brand":[525],"class_list":{"0":"post-123124","1":"product","2":"type-product","3":"status-publish","4":"has-post-thumbnail","6":"product_cat-accessories","7":"product_cat-horeca-prostori","8":"product_cat-ogledala","9":"product_cat-ogledala-horeca-prostori","10":"product_cat-ogledala-rezidencijalni","11":"product_cat-proizvodi","12":"product_cat-prostori","13":"product_cat-rezidencijalni","14":"berocket_brand-fiam","16":"first","17":"instock","18":"product-type-grouped"},"acf":[],"_links":{"self":[{"href":"https:\/\/cernelic.hr\/en\/wp-json\/wp\/v2\/product\/123124","targetHints":{"allow":["GET"]}}],"collection":[{"href":"https:\/\/cernelic.hr\/en\/wp-json\/wp\/v2\/product"}],"about":[{"href":"https:\/\/cernelic.hr\/en\/wp-json\/wp\/v2\/types\/product"}],"wp:featuredmedia":[{"embeddable":true,"href":"https:\/\/cernelic.hr\/en\/wp-json\/wp\/v2\/media\/119057"}],"wp:attachment":[{"href":"https:\/\/cernelic.hr\/en\/wp-json\/wp\/v2\/media?parent=123124"}],"wp:term":[{"taxonomy":"product_brand","embeddable":true,"href":"https:\/\/cernelic.hr\/en\/wp-json\/wp\/v2\/product_brand?post=123124"},{"taxonomy":"product_cat","embeddable":true,"href":"https:\/\/cernelic.hr\/en\/wp-json\/wp\/v2\/product_cat?post=123124"},{"taxonomy":"product_tag","embeddable":true,"href":"https:\/\/cernelic.hr\/en\/wp-json\/wp\/v2\/product_tag?post=123124"},{"taxonomy":"berocket_brand","embeddable":true,"href":"https:\/\/cernelic.hr\/en\/wp-json\/wp\/v2\/berocket_brand?post=123124"}],"curies":[{"name":"wp","href":"https:\/\/api.w.org\/{rel}","templated":true}]}}