{"id":123130,"date":"2022-08-21T20:48:04","date_gmt":"2022-08-21T20:48:04","guid":{"rendered":"https:\/\/cernelic.hr\/proizvod\/the-wing-by-fiam\/"},"modified":"2023-02-14T08:16:11","modified_gmt":"2023-02-14T08:16:11","slug":"the-wing-by-fiam","status":"publish","type":"product","link":"https:\/\/cernelic.hr\/en\/proizvod\/the-wing-by-fiam\/","title":{"rendered":"The wing by Fiam"},"content":{"rendered":"<p>Zidno ogledalo koje se sastoji od dva zakrivljena staklena elementa u posrebrenom staklu i tri ravna zavarena ogledala. Metalni stra\u017enji okvir koji omogu\u0107uje vje\u0161anje u razli\u010ditim polo\u017eajima. Fiam studio za dizajn interijera i ovim modelom pokazuje snagu koje ogledalo mo\u017ee projicirati u prostoru.<\/p>\n","protected":false},"excerpt":{"rendered":"<p>Zidno ogledalo koje se sastoji od dva zakrivljena staklena elementa u posrebrenom staklu i tri ravna zavarena ogledala. Metalni stra\u017enji okvir koji omogu\u0107uje vje\u0161anje u razli\u010ditim polo\u017eajima. Fiam studio za dizajn interijera i ovim modelom pokazuje snagu koje ogledalo mo\u017ee projicirati u prostoru.<\/p>\n","protected":false},"featured_media":0,"template":"","meta":{"_acf_changed":false},"product_brand":[],"product_cat":[2514,3041,3143,3144,3145,2061,2068,2073],"product_tag":[],"berocket_brand":[525],"class_list":{"0":"post-123130","1":"product","2":"type-product","3":"status-publish","5":"product_cat-accessories","6":"product_cat-horeca-prostori","7":"product_cat-ogledala","8":"product_cat-ogledala-horeca-prostori","9":"product_cat-ogledala-rezidencijalni","10":"product_cat-proizvodi","11":"product_cat-prostori","12":"product_cat-rezidencijalni","13":"berocket_brand-fiam","15":"first","16":"instock","17":"product-type-grouped"},"acf":[],"_links":{"self":[{"href":"https:\/\/cernelic.hr\/en\/wp-json\/wp\/v2\/product\/123130","targetHints":{"allow":["GET"]}}],"collection":[{"href":"https:\/\/cernelic.hr\/en\/wp-json\/wp\/v2\/product"}],"about":[{"href":"https:\/\/cernelic.hr\/en\/wp-json\/wp\/v2\/types\/product"}],"wp:attachment":[{"href":"https:\/\/cernelic.hr\/en\/wp-json\/wp\/v2\/media?parent=123130"}],"wp:term":[{"taxonomy":"product_brand","embeddable":true,"href":"https:\/\/cernelic.hr\/en\/wp-json\/wp\/v2\/product_brand?post=123130"},{"taxonomy":"product_cat","embeddable":true,"href":"https:\/\/cernelic.hr\/en\/wp-json\/wp\/v2\/product_cat?post=123130"},{"taxonomy":"product_tag","embeddable":true,"href":"https:\/\/cernelic.hr\/en\/wp-json\/wp\/v2\/product_tag?post=123130"},{"taxonomy":"berocket_brand","embeddable":true,"href":"https:\/\/cernelic.hr\/en\/wp-json\/wp\/v2\/berocket_brand?post=123130"}],"curies":[{"name":"wp","href":"https:\/\/api.w.org\/{rel}","templated":true}]}}