{"id":123133,"date":"2022-08-21T20:48:39","date_gmt":"2022-08-21T20:48:39","guid":{"rendered":"https:\/\/cernelic.hr\/proizvod\/plie-by-fiam\/"},"modified":"2023-12-08T08:40:35","modified_gmt":"2023-12-08T08:40:35","slug":"plie-by-fiam","status":"publish","type":"product","link":"https:\/\/cernelic.hr\/en\/proizvod\/plie-by-fiam\/","title":{"rendered":"Plie by Fiam"},"content":{"rendered":"<p>Ormari\u0107 koji je idealan za projektiranje hotela ili kod ure\u0111enja javnih objekata. Pozadina mu se sastoji od zakrivljenog 8-milimetarskog Nero95 crnog stakla, dok mu je gornji dio od dimljenog stakla debljine 10-milimetara, a vrata su od 6-milimetarskog zakrivljenog laganog stakla, djelomi\u010dno stra\u017enje obojanog. Dolazi sa 2 police od 8-milimetarskog lakog stakla, od kojih je jedna obojana u istoj boji . Tako\u0111er, sastoji se i od vrata u mat crno lakiranom drvu, nogu, stupova i profila od mat crno lakiranog metala. Vrata su s push-pull mehanizmom za zatvaranje dok je rasvjeta sa LED diodama opcionalna.<\/p>\n","protected":false},"excerpt":{"rendered":"<p>Ormari\u0107 koji je idealan za projektiranje hotela ili kod ure\u0111enja javnih objekata. Pozadina mu se sastoji od zakrivljenog 8-milimetarskog Nero95 crnog stakla, dok mu je gornji dio od dimljenog stakla debljine 10-milimetara, a vrata su od 6-milimetarskog zakrivljenog laganog stakla, djelomi\u010dno stra\u017enje obojanog. Dolazi sa 2 police od 8-milimetarskog lakog stakla, od kojih je jedna [&hellip;]<\/p>\n","protected":false},"featured_media":119084,"template":"","meta":{"_acf_changed":false},"product_brand":[],"product_cat":[3087,3041,3162,3079,3164,3091,3131,2085,2171,3165,3166,3081,2061,2068,2073,2092,3089],"product_tag":[],"berocket_brand":[525],"class_list":{"0":"post-123133","1":"product","2":"type-product","3":"status-publish","4":"has-post-thumbnail","6":"product_cat-home-office","7":"product_cat-horeca-prostori","8":"product_cat-komode","9":"product_cat-namjestaj","10":"product_cat-namjestaj-za-hotelske-sobe","11":"product_cat-namjestaj-za-kucni-ured","12":"product_cat-namjestaj-za-neformalne-sastanke-i-druzenje","13":"product_cat-namjestaj-za-urede","14":"product_cat-ormari-i-komode","15":"product_cat-ormari-i-komode-horeca-prostori","16":"product_cat-ormari-i-komode-rezidencijalni","17":"product_cat-police-i-regali","18":"product_cat-proizvodi","19":"product_cat-prostori","20":"product_cat-rezidencijalni","21":"product_cat-uredi","22":"product_cat-uredski-namjestaj","23":"berocket_brand-fiam","25":"first","26":"instock","27":"product-type-grouped"},"acf":[],"_links":{"self":[{"href":"https:\/\/cernelic.hr\/en\/wp-json\/wp\/v2\/product\/123133","targetHints":{"allow":["GET"]}}],"collection":[{"href":"https:\/\/cernelic.hr\/en\/wp-json\/wp\/v2\/product"}],"about":[{"href":"https:\/\/cernelic.hr\/en\/wp-json\/wp\/v2\/types\/product"}],"wp:featuredmedia":[{"embeddable":true,"href":"https:\/\/cernelic.hr\/en\/wp-json\/wp\/v2\/media\/119084"}],"wp:attachment":[{"href":"https:\/\/cernelic.hr\/en\/wp-json\/wp\/v2\/media?parent=123133"}],"wp:term":[{"taxonomy":"product_brand","embeddable":true,"href":"https:\/\/cernelic.hr\/en\/wp-json\/wp\/v2\/product_brand?post=123133"},{"taxonomy":"product_cat","embeddable":true,"href":"https:\/\/cernelic.hr\/en\/wp-json\/wp\/v2\/product_cat?post=123133"},{"taxonomy":"product_tag","embeddable":true,"href":"https:\/\/cernelic.hr\/en\/wp-json\/wp\/v2\/product_tag?post=123133"},{"taxonomy":"berocket_brand","embeddable":true,"href":"https:\/\/cernelic.hr\/en\/wp-json\/wp\/v2\/berocket_brand?post=123133"}],"curies":[{"name":"wp","href":"https:\/\/api.w.org\/{rel}","templated":true}]}}