{"id":123135,"date":"2022-08-21T20:48:57","date_gmt":"2022-08-21T20:48:57","guid":{"rendered":"https:\/\/cernelic.hr\/proizvod\/echo-showcase-by-fiam\/"},"modified":"2023-12-08T08:38:08","modified_gmt":"2023-12-08T08:38:08","slug":"echo-showcase-by-fiam","status":"publish","type":"product","link":"https:\/\/cernelic.hr\/en\/proizvod\/echo-showcase-by-fiam\/","title":{"rendered":"Echo Showcase by Fiam"},"content":{"rendered":"<p>Vitrina s lakiranim aluminijskim profilima, dostupna u metaliziranom \u0161ampanjac ili vulkanski sivom fini\u0161u. Baza od kaljenog i stra\u017enjeg lakiranog ekstralight stakla debljine 6 mm iste boje profila; relevantna staklena struktura i vrata od ekstralight, dimnog ili bron\u010danog kaljenog i topljenog stakla debljine 6 mm; unutarnje police od ekstralight kaljenog stakla debljine 8 mm. Vitrina je tako\u0111er dostupna u float (netopljenom) staklu i u polureflektiraju\u0107em staklu. LED sustav rasvjete integriran u prednje stupove konstrukcije (opcija), \u010dime ovo postaje jo\u0161 privla\u010dniji dizajn za ure\u0111enje stana ili opremanje ku\u0107a.<\/p>\n","protected":false},"excerpt":{"rendered":"<p>Vitrina s lakiranim aluminijskim profilima, dostupna u metaliziranom \u0161ampanjac ili vulkanski sivom fini\u0161u. Baza od kaljenog i stra\u017enjeg lakiranog ekstralight stakla debljine 6 mm iste boje profila; relevantna staklena struktura i vrata od ekstralight, dimnog ili bron\u010danog kaljenog i topljenog stakla debljine 6 mm; unutarnje police od ekstralight kaljenog stakla debljine 8 mm. Vitrina je [&hellip;]<\/p>\n","protected":false},"featured_media":119033,"template":"","meta":{"_acf_changed":false},"product_brand":[],"product_cat":[3087,3041,3162,3079,3164,3091,3131,2085,3165,3166,2171,3081,2061,2068,2073,2092,3089],"product_tag":[],"berocket_brand":[525],"class_list":{"0":"post-123135","1":"product","2":"type-product","3":"status-publish","4":"has-post-thumbnail","6":"product_cat-home-office","7":"product_cat-horeca-prostori","8":"product_cat-komode","9":"product_cat-namjestaj","10":"product_cat-namjestaj-za-hotelske-sobe","11":"product_cat-namjestaj-za-kucni-ured","12":"product_cat-namjestaj-za-neformalne-sastanke-i-druzenje","13":"product_cat-namjestaj-za-urede","14":"product_cat-ormari-i-komode-horeca-prostori","15":"product_cat-ormari-i-komode-rezidencijalni","16":"product_cat-ormari-i-komode","17":"product_cat-police-i-regali","18":"product_cat-proizvodi","19":"product_cat-prostori","20":"product_cat-rezidencijalni","21":"product_cat-uredi","22":"product_cat-uredski-namjestaj","23":"berocket_brand-fiam","25":"first","26":"instock","27":"product-type-grouped"},"acf":[],"_links":{"self":[{"href":"https:\/\/cernelic.hr\/en\/wp-json\/wp\/v2\/product\/123135","targetHints":{"allow":["GET"]}}],"collection":[{"href":"https:\/\/cernelic.hr\/en\/wp-json\/wp\/v2\/product"}],"about":[{"href":"https:\/\/cernelic.hr\/en\/wp-json\/wp\/v2\/types\/product"}],"wp:featuredmedia":[{"embeddable":true,"href":"https:\/\/cernelic.hr\/en\/wp-json\/wp\/v2\/media\/119033"}],"wp:attachment":[{"href":"https:\/\/cernelic.hr\/en\/wp-json\/wp\/v2\/media?parent=123135"}],"wp:term":[{"taxonomy":"product_brand","embeddable":true,"href":"https:\/\/cernelic.hr\/en\/wp-json\/wp\/v2\/product_brand?post=123135"},{"taxonomy":"product_cat","embeddable":true,"href":"https:\/\/cernelic.hr\/en\/wp-json\/wp\/v2\/product_cat?post=123135"},{"taxonomy":"product_tag","embeddable":true,"href":"https:\/\/cernelic.hr\/en\/wp-json\/wp\/v2\/product_tag?post=123135"},{"taxonomy":"berocket_brand","embeddable":true,"href":"https:\/\/cernelic.hr\/en\/wp-json\/wp\/v2\/berocket_brand?post=123135"}],"curies":[{"name":"wp","href":"https:\/\/api.w.org\/{rel}","templated":true}]}}