{"id":123136,"date":"2022-08-21T20:48:57","date_gmt":"2022-08-21T20:48:57","guid":{"rendered":"https:\/\/cernelic.hr\/proizvod\/milo-day-by-fiam\/"},"modified":"2023-12-08T08:39:52","modified_gmt":"2023-12-08T08:39:52","slug":"milo-day-by-fiam","status":"publish","type":"product","link":"https:\/\/cernelic.hr\/en\/proizvod\/milo-day-by-fiam\/","title":{"rendered":"Milo Day by Fiam"},"content":{"rendered":"<p>Fiam vitrina od zakrivljenog prozirnog stakla posjeduje debljinu od 8 mm, dok su joj vrata od stakla debljine 6 mm. Dolazi sa \u010detiri police od stakla debljine 8 mm. Baza joj je od ekstralight stakla debljine 12 mm, bijele ili crne pozadine, posrebrena ili jetkana kiselinom. Vrh od stakla debljine je 12 mm. Profili su u sjajnoj zavr\u0161noj obradi od bru\u0161enog aluminija. Pogodna za komplet rasvjete. Tako\u0111er je dostupna s dvije police opremljene rasvjetnim LED diodama povezanim s odgovaraju\u0107im prigu\u0161iva\u010dem (Milo Day Led).<\/p>\n","protected":false},"excerpt":{"rendered":"<p>Fiam vitrina od zakrivljenog prozirnog stakla posjeduje debljinu od 8 mm, dok su joj vrata od stakla debljine 6 mm. Dolazi sa \u010detiri police od stakla debljine 8 mm. Baza joj je od ekstralight stakla debljine 12 mm, bijele ili crne pozadine, posrebrena ili jetkana kiselinom. Vrh od stakla debljine je 12 mm. Profili su [&hellip;]<\/p>\n","protected":false},"featured_media":119072,"template":"","meta":{"_acf_changed":false},"product_brand":[],"product_cat":[3087,3041,3162,3079,3164,3091,3131,2085,3166,2171,3165,3081,2061,2068,2073,2092,3089],"product_tag":[],"berocket_brand":[525],"class_list":{"0":"post-123136","1":"product","2":"type-product","3":"status-publish","4":"has-post-thumbnail","6":"product_cat-home-office","7":"product_cat-horeca-prostori","8":"product_cat-komode","9":"product_cat-namjestaj","10":"product_cat-namjestaj-za-hotelske-sobe","11":"product_cat-namjestaj-za-kucni-ured","12":"product_cat-namjestaj-za-neformalne-sastanke-i-druzenje","13":"product_cat-namjestaj-za-urede","14":"product_cat-ormari-i-komode-rezidencijalni","15":"product_cat-ormari-i-komode","16":"product_cat-ormari-i-komode-horeca-prostori","17":"product_cat-police-i-regali","18":"product_cat-proizvodi","19":"product_cat-prostori","20":"product_cat-rezidencijalni","21":"product_cat-uredi","22":"product_cat-uredski-namjestaj","23":"berocket_brand-fiam","25":"first","26":"instock","27":"product-type-grouped"},"acf":[],"_links":{"self":[{"href":"https:\/\/cernelic.hr\/en\/wp-json\/wp\/v2\/product\/123136","targetHints":{"allow":["GET"]}}],"collection":[{"href":"https:\/\/cernelic.hr\/en\/wp-json\/wp\/v2\/product"}],"about":[{"href":"https:\/\/cernelic.hr\/en\/wp-json\/wp\/v2\/types\/product"}],"wp:featuredmedia":[{"embeddable":true,"href":"https:\/\/cernelic.hr\/en\/wp-json\/wp\/v2\/media\/119072"}],"wp:attachment":[{"href":"https:\/\/cernelic.hr\/en\/wp-json\/wp\/v2\/media?parent=123136"}],"wp:term":[{"taxonomy":"product_brand","embeddable":true,"href":"https:\/\/cernelic.hr\/en\/wp-json\/wp\/v2\/product_brand?post=123136"},{"taxonomy":"product_cat","embeddable":true,"href":"https:\/\/cernelic.hr\/en\/wp-json\/wp\/v2\/product_cat?post=123136"},{"taxonomy":"product_tag","embeddable":true,"href":"https:\/\/cernelic.hr\/en\/wp-json\/wp\/v2\/product_tag?post=123136"},{"taxonomy":"berocket_brand","embeddable":true,"href":"https:\/\/cernelic.hr\/en\/wp-json\/wp\/v2\/berocket_brand?post=123136"}],"curies":[{"name":"wp","href":"https:\/\/api.w.org\/{rel}","templated":true}]}}