{"id":123141,"date":"2022-08-21T20:49:49","date_gmt":"2022-08-21T20:49:49","guid":{"rendered":"https:\/\/cernelic.hr\/proizvod\/inori-system-by-fiam\/"},"modified":"2023-12-08T08:38:40","modified_gmt":"2023-12-08T08:38:40","slug":"inori-system-by-fiam","status":"publish","type":"product","link":"https:\/\/cernelic.hr\/en\/proizvod\/inori-system-by-fiam\/","title":{"rendered":"Inori System by Fiam"},"content":{"rendered":"<p>Vjerni \u010duvar koji \u010duva na\u0161e najdragocjenije knjige kroz \u010dvrste prozirne barijere koje ne uskra\u0107uju pogled na uspomenu na na\u0161a najljep\u0161a \u0161tiva. Regali za knji\u017enice sada su uklopljeni u dizajn interijera na\u0161ih domova i hotela.<br \/>\nFiam \u201eInori\u201c se mo\u017ee koristiti kao polica za knjige, zaslon, spremnik i TV stalak: sva rje\u0161enja dostupna su u zidnoj ili samostoje\u0107oj verziji. Modularnost i svestranost omogu\u0107uju stvaranje beskrajnih kompozicijskih oblika.<\/p>\n","protected":false},"excerpt":{"rendered":"<p>Vjerni \u010duvar koji \u010duva na\u0161e najdragocjenije knjige kroz \u010dvrste prozirne barijere koje ne uskra\u0107uju pogled na uspomenu na na\u0161a najljep\u0161a \u0161tiva. Regali za knji\u017enice sada su uklopljeni u dizajn interijera na\u0161ih domova i hotela. Fiam \u201eInori\u201c se mo\u017ee koristiti kao polica za knjige, zaslon, spremnik i TV stalak: sva rje\u0161enja dostupna su u zidnoj ili [&hellip;]<\/p>\n","protected":false},"featured_media":119046,"template":"","meta":{"_acf_changed":false},"product_brand":[],"product_cat":[3087,3041,3079,3164,3091,3131,2085,3166,2171,3165,3163,3081,2061,2068,2073,2092,3089],"product_tag":[],"berocket_brand":[525],"class_list":{"0":"post-123141","1":"product","2":"type-product","3":"status-publish","4":"has-post-thumbnail","6":"product_cat-home-office","7":"product_cat-horeca-prostori","8":"product_cat-namjestaj","9":"product_cat-namjestaj-za-hotelske-sobe","10":"product_cat-namjestaj-za-kucni-ured","11":"product_cat-namjestaj-za-neformalne-sastanke-i-druzenje","12":"product_cat-namjestaj-za-urede","13":"product_cat-ormari-i-komode-rezidencijalni","14":"product_cat-ormari-i-komode","15":"product_cat-ormari-i-komode-horeca-prostori","16":"product_cat-ormarici-za-tv-i-multimediju","17":"product_cat-police-i-regali","18":"product_cat-proizvodi","19":"product_cat-prostori","20":"product_cat-rezidencijalni","21":"product_cat-uredi","22":"product_cat-uredski-namjestaj","23":"berocket_brand-fiam","25":"first","26":"instock","27":"product-type-grouped"},"acf":[],"_links":{"self":[{"href":"https:\/\/cernelic.hr\/en\/wp-json\/wp\/v2\/product\/123141","targetHints":{"allow":["GET"]}}],"collection":[{"href":"https:\/\/cernelic.hr\/en\/wp-json\/wp\/v2\/product"}],"about":[{"href":"https:\/\/cernelic.hr\/en\/wp-json\/wp\/v2\/types\/product"}],"wp:featuredmedia":[{"embeddable":true,"href":"https:\/\/cernelic.hr\/en\/wp-json\/wp\/v2\/media\/119046"}],"wp:attachment":[{"href":"https:\/\/cernelic.hr\/en\/wp-json\/wp\/v2\/media?parent=123141"}],"wp:term":[{"taxonomy":"product_brand","embeddable":true,"href":"https:\/\/cernelic.hr\/en\/wp-json\/wp\/v2\/product_brand?post=123141"},{"taxonomy":"product_cat","embeddable":true,"href":"https:\/\/cernelic.hr\/en\/wp-json\/wp\/v2\/product_cat?post=123141"},{"taxonomy":"product_tag","embeddable":true,"href":"https:\/\/cernelic.hr\/en\/wp-json\/wp\/v2\/product_tag?post=123141"},{"taxonomy":"berocket_brand","embeddable":true,"href":"https:\/\/cernelic.hr\/en\/wp-json\/wp\/v2\/berocket_brand?post=123141"}],"curies":[{"name":"wp","href":"https:\/\/api.w.org\/{rel}","templated":true}]}}