{"id":123148,"date":"2022-08-21T20:50:42","date_gmt":"2022-08-21T20:50:42","guid":{"rendered":"https:\/\/cernelic.hr\/proizvod\/lastra-by-fiam\/"},"modified":"2023-12-08T08:39:01","modified_gmt":"2023-12-08T08:39:01","slug":"lastra-by-fiam","status":"publish","type":"product","link":"https:\/\/cernelic.hr\/en\/proizvod\/lastra-by-fiam\/","title":{"rendered":"Lastra by Fiam"},"content":{"rendered":"<p>Stolna lampa od zakrivljenog prozirnog stakla debljine 8 mm posjeduje aluminijsku strukturu dr\u017ea\u010da. \u010cesto je kori\u0161tena kod projektiranje hotela.<\/p>\n","protected":false},"excerpt":{"rendered":"<p>Stolna lampa od zakrivljenog prozirnog stakla debljine 8 mm posjeduje aluminijsku strukturu dr\u017ea\u010da. \u010cesto je kori\u0161tena kod projektiranje hotela.<\/p>\n","protected":false},"featured_media":119056,"template":"","meta":{"_acf_changed":false},"product_brand":[],"product_cat":[3071,3170,3078,2514,3086,3175,3147,3148,3041,2085,2061,3070,2068,2200,3173,3174,3176,2073,2092],"product_tag":[],"berocket_brand":[525],"class_list":{"0":"post-123148","1":"product","2":"type-product","3":"status-publish","4":"has-post-thumbnail","6":"product_cat-accessories-proizvodi-accessories","7":"product_cat-accessories-rezidencijalni","8":"product_cat-accessories-namjestaj-za-urede","9":"product_cat-accessories","10":"product_cat-accessories-uredi","11":"product_cat-accessories-horeca-prostori","12":"product_cat-accessories-za-unutarnje-prostore-accessories-proizvodi-accessories","13":"product_cat-dekorativna-rasvjeta-za-unutarnje-prostore","14":"product_cat-horeca-prostori","15":"product_cat-namjestaj-za-urede","16":"product_cat-proizvodi","17":"product_cat-proizvodi-accessories","18":"product_cat-prostori","19":"product_cat-rasvjeta","20":"product_cat-rasvjeta-uredi","21":"product_cat-rasvjeta-horeca-prostori","22":"product_cat-rasvjeta-rezidencijalni","23":"product_cat-rezidencijalni","24":"product_cat-uredi","25":"berocket_brand-fiam","27":"first","28":"instock","29":"product-type-grouped"},"acf":[],"_links":{"self":[{"href":"https:\/\/cernelic.hr\/en\/wp-json\/wp\/v2\/product\/123148","targetHints":{"allow":["GET"]}}],"collection":[{"href":"https:\/\/cernelic.hr\/en\/wp-json\/wp\/v2\/product"}],"about":[{"href":"https:\/\/cernelic.hr\/en\/wp-json\/wp\/v2\/types\/product"}],"wp:featuredmedia":[{"embeddable":true,"href":"https:\/\/cernelic.hr\/en\/wp-json\/wp\/v2\/media\/119056"}],"wp:attachment":[{"href":"https:\/\/cernelic.hr\/en\/wp-json\/wp\/v2\/media?parent=123148"}],"wp:term":[{"taxonomy":"product_brand","embeddable":true,"href":"https:\/\/cernelic.hr\/en\/wp-json\/wp\/v2\/product_brand?post=123148"},{"taxonomy":"product_cat","embeddable":true,"href":"https:\/\/cernelic.hr\/en\/wp-json\/wp\/v2\/product_cat?post=123148"},{"taxonomy":"product_tag","embeddable":true,"href":"https:\/\/cernelic.hr\/en\/wp-json\/wp\/v2\/product_tag?post=123148"},{"taxonomy":"berocket_brand","embeddable":true,"href":"https:\/\/cernelic.hr\/en\/wp-json\/wp\/v2\/berocket_brand?post=123148"}],"curies":[{"name":"wp","href":"https:\/\/api.w.org\/{rel}","templated":true}]}}