{"id":123150,"date":"2022-08-21T20:51:01","date_gmt":"2022-08-21T20:51:01","guid":{"rendered":"https:\/\/cernelic.hr\/proizvod\/coral-beach-by-fiam\/"},"modified":"2023-12-08T08:37:56","modified_gmt":"2023-12-08T08:37:56","slug":"coral-beach-by-fiam","status":"publish","type":"product","link":"https:\/\/cernelic.hr\/en\/proizvod\/coral-beach-by-fiam\/","title":{"rendered":"Coral Beach by Fiam"},"content":{"rendered":"<p>Polivalentni stolovi s metalnom lakiranom bazom i neprozirnom \u201eLava Grey\u201c zavr\u0161nom obradom \u010diji je vrh izra\u0111en od 15-milimetarskog topljenog i kaljenog stakla te dostupan u neutralnom fini\u0161u ili lakiran s metalnim sjenilima.<\/p>\n","protected":false},"excerpt":{"rendered":"<p>Polivalentni stolovi s metalnom lakiranom bazom i neprozirnom \u201eLava Grey\u201c zavr\u0161nom obradom \u010diji je vrh izra\u0111en od 15-milimetarskog topljenog i kaljenog stakla te dostupan u neutralnom fini\u0161u ili lakiran s metalnim sjenilima.<\/p>\n","protected":false},"featured_media":119027,"template":"","meta":{"_acf_changed":false},"product_brand":[],"product_cat":[2061,2068,2073,2118,3181,3182],"product_tag":[],"berocket_brand":[525],"class_list":{"0":"post-123150","1":"product","2":"type-product","3":"status-publish","4":"has-post-thumbnail","6":"product_cat-proizvodi","7":"product_cat-prostori","8":"product_cat-rezidencijalni","9":"product_cat-stolovi","10":"product_cat-stolovi-za-unutarnje-prostore-stolovi","11":"product_cat-stolovi-za-unutarnje-prostore-rezidencijalni","12":"berocket_brand-fiam","14":"first","15":"instock","16":"product-type-grouped"},"acf":[],"_links":{"self":[{"href":"https:\/\/cernelic.hr\/en\/wp-json\/wp\/v2\/product\/123150","targetHints":{"allow":["GET"]}}],"collection":[{"href":"https:\/\/cernelic.hr\/en\/wp-json\/wp\/v2\/product"}],"about":[{"href":"https:\/\/cernelic.hr\/en\/wp-json\/wp\/v2\/types\/product"}],"wp:featuredmedia":[{"embeddable":true,"href":"https:\/\/cernelic.hr\/en\/wp-json\/wp\/v2\/media\/119027"}],"wp:attachment":[{"href":"https:\/\/cernelic.hr\/en\/wp-json\/wp\/v2\/media?parent=123150"}],"wp:term":[{"taxonomy":"product_brand","embeddable":true,"href":"https:\/\/cernelic.hr\/en\/wp-json\/wp\/v2\/product_brand?post=123150"},{"taxonomy":"product_cat","embeddable":true,"href":"https:\/\/cernelic.hr\/en\/wp-json\/wp\/v2\/product_cat?post=123150"},{"taxonomy":"product_tag","embeddable":true,"href":"https:\/\/cernelic.hr\/en\/wp-json\/wp\/v2\/product_tag?post=123150"},{"taxonomy":"berocket_brand","embeddable":true,"href":"https:\/\/cernelic.hr\/en\/wp-json\/wp\/v2\/berocket_brand?post=123150"}],"curies":[{"name":"wp","href":"https:\/\/api.w.org\/{rel}","templated":true}]}}