{"id":123157,"date":"2022-08-21T20:52:15","date_gmt":"2022-08-21T20:52:15","guid":{"rendered":"https:\/\/cernelic.hr\/proizvod\/llt-by-fiam\/"},"modified":"2023-12-08T08:38:49","modified_gmt":"2023-12-08T08:38:49","slug":"llt-by-fiam","status":"publish","type":"product","link":"https:\/\/cernelic.hr\/en\/proizvod\/llt-by-fiam\/","title":{"rendered":"LLT by Fiam"},"content":{"rendered":"<p>Fiamov stol sastavljen od prozirne staklene plo\u010de debljine 15 ili 19 mm kojeg opisuju zako\u0161eni rubovi na dvije kra\u0107e strane te baza od prozirnog zavarenog stakla debljine 15 ili 19 mm sa zako\u0161enim rubom. Elementi za pri\u010dvr\u0161\u0107ivanje su mu od nehr\u0111aju\u0107eg \u010delika. &#8220;LLT&#8221; stol tako\u0111er je dostupan s plo\u010dom po mjeri do 360&#215;100 cm.<\/p>\n","protected":false},"excerpt":{"rendered":"<p>Fiamov stol sastavljen od prozirne staklene plo\u010de debljine 15 ili 19 mm kojeg opisuju zako\u0161eni rubovi na dvije kra\u0107e strane te baza od prozirnog zavarenog stakla debljine 15 ili 19 mm sa zako\u0161enim rubom. Elementi za pri\u010dvr\u0161\u0107ivanje su mu od nehr\u0111aju\u0107eg \u010delika. &#8220;LLT&#8221; stol tako\u0111er je dostupan s plo\u010dom po mjeri do 360&#215;100 cm.<\/p>\n","protected":false},"featured_media":119050,"template":"","meta":{"_acf_changed":false},"product_brand":[],"product_cat":[2061,2068,2073,2118,3181,3182],"product_tag":[],"berocket_brand":[525],"class_list":{"0":"post-123157","1":"product","2":"type-product","3":"status-publish","4":"has-post-thumbnail","6":"product_cat-proizvodi","7":"product_cat-prostori","8":"product_cat-rezidencijalni","9":"product_cat-stolovi","10":"product_cat-stolovi-za-unutarnje-prostore-stolovi","11":"product_cat-stolovi-za-unutarnje-prostore-rezidencijalni","12":"berocket_brand-fiam","14":"first","15":"instock","16":"product-type-grouped"},"acf":[],"_links":{"self":[{"href":"https:\/\/cernelic.hr\/en\/wp-json\/wp\/v2\/product\/123157","targetHints":{"allow":["GET"]}}],"collection":[{"href":"https:\/\/cernelic.hr\/en\/wp-json\/wp\/v2\/product"}],"about":[{"href":"https:\/\/cernelic.hr\/en\/wp-json\/wp\/v2\/types\/product"}],"wp:featuredmedia":[{"embeddable":true,"href":"https:\/\/cernelic.hr\/en\/wp-json\/wp\/v2\/media\/119050"}],"wp:attachment":[{"href":"https:\/\/cernelic.hr\/en\/wp-json\/wp\/v2\/media?parent=123157"}],"wp:term":[{"taxonomy":"product_brand","embeddable":true,"href":"https:\/\/cernelic.hr\/en\/wp-json\/wp\/v2\/product_brand?post=123157"},{"taxonomy":"product_cat","embeddable":true,"href":"https:\/\/cernelic.hr\/en\/wp-json\/wp\/v2\/product_cat?post=123157"},{"taxonomy":"product_tag","embeddable":true,"href":"https:\/\/cernelic.hr\/en\/wp-json\/wp\/v2\/product_tag?post=123157"},{"taxonomy":"berocket_brand","embeddable":true,"href":"https:\/\/cernelic.hr\/en\/wp-json\/wp\/v2\/berocket_brand?post=123157"}],"curies":[{"name":"wp","href":"https:\/\/api.w.org\/{rel}","templated":true}]}}