{"id":123159,"date":"2022-08-21T20:52:33","date_gmt":"2022-08-21T20:52:33","guid":{"rendered":"https:\/\/cernelic.hr\/proizvod\/epsylon-by-fiam\/"},"modified":"2023-12-08T08:38:15","modified_gmt":"2023-12-08T08:38:15","slug":"epsylon-by-fiam","status":"publish","type":"product","link":"https:\/\/cernelic.hr\/en\/proizvod\/epsylon-by-fiam\/","title":{"rendered":"Epsylon by Fiam"},"content":{"rendered":"<p>Faimov okrugli stol posjeduje povr\u0161inu od kaljenog prozirnog, dimljenog ili bron\u010danog stakla debljine 10 mm. Obrada nogu dolazi u opciji kao kromirana ili bru\u0161eni-mesing. \u201eEpsylon\u201c stol tako\u0111er je dostupan s povr\u0161inom po mjeri, promjera od 90 cm do 140 cm. Uredski stolovi za opremanje prostorija kojima treba dodir sjaja.<\/p>\n","protected":false},"excerpt":{"rendered":"<p>Faimov okrugli stol posjeduje povr\u0161inu od kaljenog prozirnog, dimljenog ili bron\u010danog stakla debljine 10 mm. Obrada nogu dolazi u opciji kao kromirana ili bru\u0161eni-mesing. \u201eEpsylon\u201c stol tako\u0111er je dostupan s povr\u0161inom po mjeri, promjera od 90 cm do 140 cm. Uredski stolovi za opremanje prostorija kojima treba dodir sjaja.<\/p>\n","protected":false},"featured_media":119036,"template":"","meta":{"_acf_changed":false},"product_brand":[],"product_cat":[2061,2068,2073,2118,3181,3182],"product_tag":[],"berocket_brand":[525],"class_list":{"0":"post-123159","1":"product","2":"type-product","3":"status-publish","4":"has-post-thumbnail","6":"product_cat-proizvodi","7":"product_cat-prostori","8":"product_cat-rezidencijalni","9":"product_cat-stolovi","10":"product_cat-stolovi-za-unutarnje-prostore-stolovi","11":"product_cat-stolovi-za-unutarnje-prostore-rezidencijalni","12":"berocket_brand-fiam","14":"first","15":"instock","16":"product-type-grouped"},"acf":[],"_links":{"self":[{"href":"https:\/\/cernelic.hr\/en\/wp-json\/wp\/v2\/product\/123159","targetHints":{"allow":["GET"]}}],"collection":[{"href":"https:\/\/cernelic.hr\/en\/wp-json\/wp\/v2\/product"}],"about":[{"href":"https:\/\/cernelic.hr\/en\/wp-json\/wp\/v2\/types\/product"}],"wp:featuredmedia":[{"embeddable":true,"href":"https:\/\/cernelic.hr\/en\/wp-json\/wp\/v2\/media\/119036"}],"wp:attachment":[{"href":"https:\/\/cernelic.hr\/en\/wp-json\/wp\/v2\/media?parent=123159"}],"wp:term":[{"taxonomy":"product_brand","embeddable":true,"href":"https:\/\/cernelic.hr\/en\/wp-json\/wp\/v2\/product_brand?post=123159"},{"taxonomy":"product_cat","embeddable":true,"href":"https:\/\/cernelic.hr\/en\/wp-json\/wp\/v2\/product_cat?post=123159"},{"taxonomy":"product_tag","embeddable":true,"href":"https:\/\/cernelic.hr\/en\/wp-json\/wp\/v2\/product_tag?post=123159"},{"taxonomy":"berocket_brand","embeddable":true,"href":"https:\/\/cernelic.hr\/en\/wp-json\/wp\/v2\/berocket_brand?post=123159"}],"curies":[{"name":"wp","href":"https:\/\/api.w.org\/{rel}","templated":true}]}}