{"id":123163,"date":"2022-08-21T20:53:09","date_gmt":"2022-08-21T20:53:09","guid":{"rendered":"https:\/\/cernelic.hr\/proizvod\/luxor-by-fiam\/"},"modified":"2023-12-08T08:39:39","modified_gmt":"2023-12-08T08:39:39","slug":"luxor-by-fiam","status":"publish","type":"product","link":"https:\/\/cernelic.hr\/en\/proizvod\/luxor-by-fiam\/","title":{"rendered":"Luxor by Fiam"},"content":{"rendered":"<p>&#8220;Luxor&#8221; blagovaonski stol posjeduje slojevitu staklenu povr\u0161inu debljine 8+8 mm koja ima sjajni polirani rub te dimljeno ili bron\u010dano staklo. Tako\u0111er, dostupan je u prozirnom ili ekstra laganom staklu. Zakrivljena staklena baza debljine 10 mm mo\u017ee biti sastavljena od 2, 3 ili 4 cilindra (\u00d8 40 cm) ovisno o veli\u010dini i tra\u017eenom obliku. Baze su dostupne u dimljenom staklu, bron\u010danom staklu, prozirnom staklu ili ekstralight staklu. Tako\u0111er, gornji dio mo\u017ee biti prilago\u0111ene veli\u010dine \u0161to ga \u010dini istinskim namje\u0161tajem po mjeri.<\/p>\n","protected":false},"excerpt":{"rendered":"<p>&#8220;Luxor&#8221; blagovaonski stol posjeduje slojevitu staklenu povr\u0161inu debljine 8+8 mm koja ima sjajni polirani rub te dimljeno ili bron\u010dano staklo. Tako\u0111er, dostupan je u prozirnom ili ekstra laganom staklu. Zakrivljena staklena baza debljine 10 mm mo\u017ee biti sastavljena od 2, 3 ili 4 cilindra (\u00d8 40 cm) ovisno o veli\u010dini i tra\u017eenom obliku. Baze su [&hellip;]<\/p>\n","protected":false},"featured_media":119065,"template":"","meta":{"_acf_changed":false},"product_brand":[],"product_cat":[2061,2068,2073,2118,3182,3181],"product_tag":[],"berocket_brand":[525],"class_list":{"0":"post-123163","1":"product","2":"type-product","3":"status-publish","4":"has-post-thumbnail","6":"product_cat-proizvodi","7":"product_cat-prostori","8":"product_cat-rezidencijalni","9":"product_cat-stolovi","10":"product_cat-stolovi-za-unutarnje-prostore-rezidencijalni","11":"product_cat-stolovi-za-unutarnje-prostore-stolovi","12":"berocket_brand-fiam","14":"first","15":"instock","16":"product-type-grouped"},"acf":[],"_links":{"self":[{"href":"https:\/\/cernelic.hr\/en\/wp-json\/wp\/v2\/product\/123163","targetHints":{"allow":["GET"]}}],"collection":[{"href":"https:\/\/cernelic.hr\/en\/wp-json\/wp\/v2\/product"}],"about":[{"href":"https:\/\/cernelic.hr\/en\/wp-json\/wp\/v2\/types\/product"}],"wp:featuredmedia":[{"embeddable":true,"href":"https:\/\/cernelic.hr\/en\/wp-json\/wp\/v2\/media\/119065"}],"wp:attachment":[{"href":"https:\/\/cernelic.hr\/en\/wp-json\/wp\/v2\/media?parent=123163"}],"wp:term":[{"taxonomy":"product_brand","embeddable":true,"href":"https:\/\/cernelic.hr\/en\/wp-json\/wp\/v2\/product_brand?post=123163"},{"taxonomy":"product_cat","embeddable":true,"href":"https:\/\/cernelic.hr\/en\/wp-json\/wp\/v2\/product_cat?post=123163"},{"taxonomy":"product_tag","embeddable":true,"href":"https:\/\/cernelic.hr\/en\/wp-json\/wp\/v2\/product_tag?post=123163"},{"taxonomy":"berocket_brand","embeddable":true,"href":"https:\/\/cernelic.hr\/en\/wp-json\/wp\/v2\/berocket_brand?post=123163"}],"curies":[{"name":"wp","href":"https:\/\/api.w.org\/{rel}","templated":true}]}}