{"id":123165,"date":"2022-08-21T20:53:26","date_gmt":"2022-08-21T20:53:26","guid":{"rendered":"https:\/\/cernelic.hr\/proizvod\/ray-plus-by-fiam\/"},"modified":"2023-12-08T08:40:54","modified_gmt":"2023-12-08T08:40:54","slug":"ray-plus-by-fiam","status":"publish","type":"product","link":"https:\/\/cernelic.hr\/en\/proizvod\/ray-plus-by-fiam\/","title":{"rendered":"Ray Plus by Fiam"},"content":{"rendered":"<p>Fiamovi produ\u017eni uredski stolovi s plo\u010dom od kaljenog stakla debljine 15 mm i neovisnim nastavcima debljine 12 mm i duljine 52\/41 cm imaju odvojive noge koje su tako\u0111er od kaljenog zakrivljenog stakla, ali debljine 19 mm. Tako\u0111er, posjeduje rotiraju\u0107i mehanizam od aluminija u sjajnoj zavr\u0161noj obradi sa plo\u010dom od nehr\u0111aju\u0107eg \u010delika.<\/p>\n","protected":false},"excerpt":{"rendered":"<p>Fiamovi produ\u017eni uredski stolovi s plo\u010dom od kaljenog stakla debljine 15 mm i neovisnim nastavcima debljine 12 mm i duljine 52\/41 cm imaju odvojive noge koje su tako\u0111er od kaljenog zakrivljenog stakla, ali debljine 19 mm. Tako\u0111er, posjeduje rotiraju\u0107i mehanizam od aluminija u sjajnoj zavr\u0161noj obradi sa plo\u010dom od nehr\u0111aju\u0107eg \u010delika.<\/p>\n","protected":false},"featured_media":119092,"template":"","meta":{"_acf_changed":false},"product_brand":[],"product_cat":[2061,2068,2073,2118,3181,3182],"product_tag":[],"berocket_brand":[525],"class_list":{"0":"post-123165","1":"product","2":"type-product","3":"status-publish","4":"has-post-thumbnail","6":"product_cat-proizvodi","7":"product_cat-prostori","8":"product_cat-rezidencijalni","9":"product_cat-stolovi","10":"product_cat-stolovi-za-unutarnje-prostore-stolovi","11":"product_cat-stolovi-za-unutarnje-prostore-rezidencijalni","12":"berocket_brand-fiam","14":"first","15":"instock","16":"product-type-grouped"},"acf":[],"_links":{"self":[{"href":"https:\/\/cernelic.hr\/en\/wp-json\/wp\/v2\/product\/123165","targetHints":{"allow":["GET"]}}],"collection":[{"href":"https:\/\/cernelic.hr\/en\/wp-json\/wp\/v2\/product"}],"about":[{"href":"https:\/\/cernelic.hr\/en\/wp-json\/wp\/v2\/types\/product"}],"wp:featuredmedia":[{"embeddable":true,"href":"https:\/\/cernelic.hr\/en\/wp-json\/wp\/v2\/media\/119092"}],"wp:attachment":[{"href":"https:\/\/cernelic.hr\/en\/wp-json\/wp\/v2\/media?parent=123165"}],"wp:term":[{"taxonomy":"product_brand","embeddable":true,"href":"https:\/\/cernelic.hr\/en\/wp-json\/wp\/v2\/product_brand?post=123165"},{"taxonomy":"product_cat","embeddable":true,"href":"https:\/\/cernelic.hr\/en\/wp-json\/wp\/v2\/product_cat?post=123165"},{"taxonomy":"product_tag","embeddable":true,"href":"https:\/\/cernelic.hr\/en\/wp-json\/wp\/v2\/product_tag?post=123165"},{"taxonomy":"berocket_brand","embeddable":true,"href":"https:\/\/cernelic.hr\/en\/wp-json\/wp\/v2\/berocket_brand?post=123165"}],"curies":[{"name":"wp","href":"https:\/\/api.w.org\/{rel}","templated":true}]}}