{"id":123167,"date":"2022-08-21T20:53:44","date_gmt":"2022-08-21T20:53:44","guid":{"rendered":"https:\/\/cernelic.hr\/proizvod\/kayo-by-fiam\/"},"modified":"2023-12-08T08:38:45","modified_gmt":"2023-12-08T08:38:45","slug":"kayo-by-fiam","status":"publish","type":"product","link":"https:\/\/cernelic.hr\/en\/proizvod\/kayo-by-fiam\/","title":{"rendered":"Kayo by Fiam"},"content":{"rendered":"<p>Ekstenzivni Fiam uredski stolovi s 15-milimetarskom plo\u010dom od kaljenog stakla sadr\u017ee nezavisne nastavke od kaljenog stakla debljine 12 mm, duga\u010dke 52 cm. Tako\u0111er, posjeduju odvojive noge od 19 mm zakrivljenog stakla i mehanizam od bru\u0161enog metala, sa zavr\u0161nom obradom od poliranog aluminija. Plo\u010de su od nehr\u0111aju\u0107eg \u010delika.<\/p>\n","protected":false},"excerpt":{"rendered":"<p>Ekstenzivni Fiam uredski stolovi s 15-milimetarskom plo\u010dom od kaljenog stakla sadr\u017ee nezavisne nastavke od kaljenog stakla debljine 12 mm, duga\u010dke 52 cm. Tako\u0111er, posjeduju odvojive noge od 19 mm zakrivljenog stakla i mehanizam od bru\u0161enog metala, sa zavr\u0161nom obradom od poliranog aluminija. Plo\u010de su od nehr\u0111aju\u0107eg \u010delika.<\/p>\n","protected":false},"featured_media":119048,"template":"","meta":{"_acf_changed":false},"product_brand":[],"product_cat":[2061,2068,2073,2118,3181,3182],"product_tag":[],"berocket_brand":[525],"class_list":{"0":"post-123167","1":"product","2":"type-product","3":"status-publish","4":"has-post-thumbnail","6":"product_cat-proizvodi","7":"product_cat-prostori","8":"product_cat-rezidencijalni","9":"product_cat-stolovi","10":"product_cat-stolovi-za-unutarnje-prostore-stolovi","11":"product_cat-stolovi-za-unutarnje-prostore-rezidencijalni","12":"berocket_brand-fiam","14":"first","15":"instock","16":"product-type-grouped"},"acf":[],"_links":{"self":[{"href":"https:\/\/cernelic.hr\/en\/wp-json\/wp\/v2\/product\/123167","targetHints":{"allow":["GET"]}}],"collection":[{"href":"https:\/\/cernelic.hr\/en\/wp-json\/wp\/v2\/product"}],"about":[{"href":"https:\/\/cernelic.hr\/en\/wp-json\/wp\/v2\/types\/product"}],"wp:featuredmedia":[{"embeddable":true,"href":"https:\/\/cernelic.hr\/en\/wp-json\/wp\/v2\/media\/119048"}],"wp:attachment":[{"href":"https:\/\/cernelic.hr\/en\/wp-json\/wp\/v2\/media?parent=123167"}],"wp:term":[{"taxonomy":"product_brand","embeddable":true,"href":"https:\/\/cernelic.hr\/en\/wp-json\/wp\/v2\/product_brand?post=123167"},{"taxonomy":"product_cat","embeddable":true,"href":"https:\/\/cernelic.hr\/en\/wp-json\/wp\/v2\/product_cat?post=123167"},{"taxonomy":"product_tag","embeddable":true,"href":"https:\/\/cernelic.hr\/en\/wp-json\/wp\/v2\/product_tag?post=123167"},{"taxonomy":"berocket_brand","embeddable":true,"href":"https:\/\/cernelic.hr\/en\/wp-json\/wp\/v2\/berocket_brand?post=123167"}],"curies":[{"name":"wp","href":"https:\/\/api.w.org\/{rel}","templated":true}]}}