{"id":123171,"date":"2022-08-21T20:54:20","date_gmt":"2022-08-21T20:54:20","guid":{"rendered":"https:\/\/cernelic.hr\/proizvod\/waves-by-fiam\/"},"modified":"2023-12-08T08:41:58","modified_gmt":"2023-12-08T08:41:58","slug":"waves-by-fiam","status":"publish","type":"product","link":"https:\/\/cernelic.hr\/en\/proizvod\/waves-by-fiam\/","title":{"rendered":"Waves by Fiam"},"content":{"rendered":"<p>Fiamov stol za kavu dostupan je u prozirnom ili linijskom staklu u boji, s plo\u010dom od DV stakla debljine 23 mm. Metalna baza dolazi u neprozirnom titaniju ili crnom sjajnom niklu. Mo\u017ee poslu\u017eiti kao niski pult u predvorjima hotela ili kao element za opremanje kafi\u0107a u elegantnom stilu.<\/p>\n","protected":false},"excerpt":{"rendered":"<p>Fiamov stol za kavu dostupan je u prozirnom ili linijskom staklu u boji, s plo\u010dom od DV stakla debljine 23 mm. Metalna baza dolazi u neprozirnom titaniju ili crnom sjajnom niklu. Mo\u017ee poslu\u017eiti kao niski pult u predvorjima hotela ili kao element za opremanje kafi\u0107a u elegantnom stilu.<\/p>\n","protected":false},"featured_media":119114,"template":"","meta":{"_acf_changed":false},"product_brand":[],"product_cat":[3041,2105,3137,3130,2061,2068,2073,2118,3139,3134],"product_tag":[],"berocket_brand":[525],"class_list":{"0":"post-123171","1":"product","2":"type-product","3":"status-publish","4":"has-post-thumbnail","6":"product_cat-horeca-prostori","7":"product_cat-javni","8":"product_cat-niski-klubski-stolici-za-unutarnje-prostore","9":"product_cat-niski-stolovi-za-unutarnje-prostore","10":"product_cat-proizvodi","11":"product_cat-prostori","12":"product_cat-rezidencijalni","13":"product_cat-stolovi","14":"product_cat-stolovi-za-unutarnje-prostore-javni","15":"product_cat-stolovi-za-unutarnje-prostore-horeca-prostori","16":"berocket_brand-fiam","18":"first","19":"instock","20":"product-type-grouped"},"acf":[],"_links":{"self":[{"href":"https:\/\/cernelic.hr\/en\/wp-json\/wp\/v2\/product\/123171","targetHints":{"allow":["GET"]}}],"collection":[{"href":"https:\/\/cernelic.hr\/en\/wp-json\/wp\/v2\/product"}],"about":[{"href":"https:\/\/cernelic.hr\/en\/wp-json\/wp\/v2\/types\/product"}],"wp:featuredmedia":[{"embeddable":true,"href":"https:\/\/cernelic.hr\/en\/wp-json\/wp\/v2\/media\/119114"}],"wp:attachment":[{"href":"https:\/\/cernelic.hr\/en\/wp-json\/wp\/v2\/media?parent=123171"}],"wp:term":[{"taxonomy":"product_brand","embeddable":true,"href":"https:\/\/cernelic.hr\/en\/wp-json\/wp\/v2\/product_brand?post=123171"},{"taxonomy":"product_cat","embeddable":true,"href":"https:\/\/cernelic.hr\/en\/wp-json\/wp\/v2\/product_cat?post=123171"},{"taxonomy":"product_tag","embeddable":true,"href":"https:\/\/cernelic.hr\/en\/wp-json\/wp\/v2\/product_tag?post=123171"},{"taxonomy":"berocket_brand","embeddable":true,"href":"https:\/\/cernelic.hr\/en\/wp-json\/wp\/v2\/berocket_brand?post=123171"}],"curies":[{"name":"wp","href":"https:\/\/api.w.org\/{rel}","templated":true}]}}