{"id":123172,"date":"2022-08-21T20:54:20","date_gmt":"2022-08-21T20:54:20","guid":{"rendered":"https:\/\/cernelic.hr\/proizvod\/magma-coffee-by-fiam\/"},"modified":"2023-12-08T08:39:50","modified_gmt":"2023-12-08T08:39:50","slug":"magma-coffee-by-fiam","status":"publish","type":"product","link":"https:\/\/cernelic.hr\/en\/proizvod\/magma-coffee-by-fiam\/","title":{"rendered":"Magma coffee by Fiam"},"content":{"rendered":"<p>&#8220;Magma&#8221; stol za kavu s plo\u010dom od topljenog i kaljenog stakla debljine 12 mm dostupan je u dimno sivoj, plavoj, jantarnoj ili prirodnoj satenskoj zavr\u0161nici. Struktura mu je od punog drveta u sivoj boji \u0161to \u010dini nisko sjedenje oko njega pravim u\u017eitkom.<\/p>\n","protected":false},"excerpt":{"rendered":"<p>&#8220;Magma&#8221; stol za kavu s plo\u010dom od topljenog i kaljenog stakla debljine 12 mm dostupan je u dimno sivoj, plavoj, jantarnoj ili prirodnoj satenskoj zavr\u0161nici. Struktura mu je od punog drveta u sivoj boji \u0161to \u010dini nisko sjedenje oko njega pravim u\u017eitkom.<\/p>\n","protected":false},"featured_media":119071,"template":"","meta":{"_acf_changed":false},"product_brand":[],"product_cat":[3041,2105,3137,3130,2061,2068,2073,2118,3134,3139],"product_tag":[],"berocket_brand":[525],"class_list":{"0":"post-123172","1":"product","2":"type-product","3":"status-publish","4":"has-post-thumbnail","6":"product_cat-horeca-prostori","7":"product_cat-javni","8":"product_cat-niski-klubski-stolici-za-unutarnje-prostore","9":"product_cat-niski-stolovi-za-unutarnje-prostore","10":"product_cat-proizvodi","11":"product_cat-prostori","12":"product_cat-rezidencijalni","13":"product_cat-stolovi","14":"product_cat-stolovi-za-unutarnje-prostore-horeca-prostori","15":"product_cat-stolovi-za-unutarnje-prostore-javni","16":"berocket_brand-fiam","18":"first","19":"instock","20":"product-type-grouped"},"acf":[],"_links":{"self":[{"href":"https:\/\/cernelic.hr\/en\/wp-json\/wp\/v2\/product\/123172","targetHints":{"allow":["GET"]}}],"collection":[{"href":"https:\/\/cernelic.hr\/en\/wp-json\/wp\/v2\/product"}],"about":[{"href":"https:\/\/cernelic.hr\/en\/wp-json\/wp\/v2\/types\/product"}],"wp:featuredmedia":[{"embeddable":true,"href":"https:\/\/cernelic.hr\/en\/wp-json\/wp\/v2\/media\/119071"}],"wp:attachment":[{"href":"https:\/\/cernelic.hr\/en\/wp-json\/wp\/v2\/media?parent=123172"}],"wp:term":[{"taxonomy":"product_brand","embeddable":true,"href":"https:\/\/cernelic.hr\/en\/wp-json\/wp\/v2\/product_brand?post=123172"},{"taxonomy":"product_cat","embeddable":true,"href":"https:\/\/cernelic.hr\/en\/wp-json\/wp\/v2\/product_cat?post=123172"},{"taxonomy":"product_tag","embeddable":true,"href":"https:\/\/cernelic.hr\/en\/wp-json\/wp\/v2\/product_tag?post=123172"},{"taxonomy":"berocket_brand","embeddable":true,"href":"https:\/\/cernelic.hr\/en\/wp-json\/wp\/v2\/berocket_brand?post=123172"}],"curies":[{"name":"wp","href":"https:\/\/api.w.org\/{rel}","templated":true}]}}