{"id":123173,"date":"2022-08-21T20:54:38","date_gmt":"2022-08-21T20:54:38","guid":{"rendered":"https:\/\/cernelic.hr\/proizvod\/quadra-by-fiam\/"},"modified":"2023-12-08T08:40:47","modified_gmt":"2023-12-08T08:40:47","slug":"quadra-by-fiam","status":"publish","type":"product","link":"https:\/\/cernelic.hr\/en\/proizvod\/quadra-by-fiam\/","title":{"rendered":"Quadra by Fiam"},"content":{"rendered":"<p>Polivalentni stoli\u0107i za kavu sastavljeni su od 4 elementa u zakrivljenom staklu od 10 mm postavljenih izme\u0111u dva staklena stalka od 10 mm. Gornji dio, pregrade i baza su od ekstra laganog stakla \u0161to \u0107e odu\u0161eviti svakog tko ima osje\u0107a estetiku i eleganciju.<\/p>\n","protected":false},"excerpt":{"rendered":"<p>Polivalentni stoli\u0107i za kavu sastavljeni su od 4 elementa u zakrivljenom staklu od 10 mm postavljenih izme\u0111u dva staklena stalka od 10 mm. Gornji dio, pregrade i baza su od ekstra laganog stakla \u0161to \u0107e odu\u0161eviti svakog tko ima osje\u0107a estetiku i eleganciju.<\/p>\n","protected":false},"featured_media":119089,"template":"","meta":{"_acf_changed":false},"product_brand":[],"product_cat":[3041,2105,3137,3130,2061,2068,2073,2118,3139,3134],"product_tag":[],"berocket_brand":[525],"class_list":{"0":"post-123173","1":"product","2":"type-product","3":"status-publish","4":"has-post-thumbnail","6":"product_cat-horeca-prostori","7":"product_cat-javni","8":"product_cat-niski-klubski-stolici-za-unutarnje-prostore","9":"product_cat-niski-stolovi-za-unutarnje-prostore","10":"product_cat-proizvodi","11":"product_cat-prostori","12":"product_cat-rezidencijalni","13":"product_cat-stolovi","14":"product_cat-stolovi-za-unutarnje-prostore-javni","15":"product_cat-stolovi-za-unutarnje-prostore-horeca-prostori","16":"berocket_brand-fiam","18":"first","19":"instock","20":"product-type-grouped"},"acf":[],"_links":{"self":[{"href":"https:\/\/cernelic.hr\/en\/wp-json\/wp\/v2\/product\/123173","targetHints":{"allow":["GET"]}}],"collection":[{"href":"https:\/\/cernelic.hr\/en\/wp-json\/wp\/v2\/product"}],"about":[{"href":"https:\/\/cernelic.hr\/en\/wp-json\/wp\/v2\/types\/product"}],"wp:featuredmedia":[{"embeddable":true,"href":"https:\/\/cernelic.hr\/en\/wp-json\/wp\/v2\/media\/119089"}],"wp:attachment":[{"href":"https:\/\/cernelic.hr\/en\/wp-json\/wp\/v2\/media?parent=123173"}],"wp:term":[{"taxonomy":"product_brand","embeddable":true,"href":"https:\/\/cernelic.hr\/en\/wp-json\/wp\/v2\/product_brand?post=123173"},{"taxonomy":"product_cat","embeddable":true,"href":"https:\/\/cernelic.hr\/en\/wp-json\/wp\/v2\/product_cat?post=123173"},{"taxonomy":"product_tag","embeddable":true,"href":"https:\/\/cernelic.hr\/en\/wp-json\/wp\/v2\/product_tag?post=123173"},{"taxonomy":"berocket_brand","embeddable":true,"href":"https:\/\/cernelic.hr\/en\/wp-json\/wp\/v2\/berocket_brand?post=123173"}],"curies":[{"name":"wp","href":"https:\/\/api.w.org\/{rel}","templated":true}]}}