{"id":123179,"date":"2022-08-21T20:55:36","date_gmt":"2022-08-21T20:55:36","guid":{"rendered":"https:\/\/cernelic.hr\/proizvod\/rialto-tris-by-fiam\/"},"modified":"2023-12-08T08:41:39","modified_gmt":"2023-12-08T08:41:39","slug":"rialto-tris-by-fiam","status":"publish","type":"product","link":"https:\/\/cernelic.hr\/en\/proizvod\/rialto-tris-by-fiam\/","title":{"rendered":"Rialto tris by Fiam"},"content":{"rendered":"<p>Asortiman stoli\u0107a za kavu koji se savr\u0161eno uklapaju u raznovrstan namje\u0161taj po mjeri. Sa\u010dinjeni su od zakrivljenog stakla debljine 10 mm, a dostupni u : ekstra laganom staklu, crnom 95 (NERO 95) staklu ili posrebrenom bron\u010danom staklu i dolaze u prilago\u0111enim veli\u010dinama za optimalno ure\u0111enje stana.<\/p>\n","protected":false},"excerpt":{"rendered":"<p>Asortiman stoli\u0107a za kavu koji se savr\u0161eno uklapaju u raznovrstan namje\u0161taj po mjeri. Sa\u010dinjeni su od zakrivljenog stakla debljine 10 mm, a dostupni u : ekstra laganom staklu, crnom 95 (NERO 95) staklu ili posrebrenom bron\u010danom staklu i dolaze u prilago\u0111enim veli\u010dinama za optimalno ure\u0111enje stana.<\/p>\n","protected":false},"featured_media":119104,"template":"","meta":{"_acf_changed":false},"product_brand":[],"product_cat":[3041,2105,3137,3130,2061,2068,2073,2118,3139,3134],"product_tag":[],"berocket_brand":[525],"class_list":{"0":"post-123179","1":"product","2":"type-product","3":"status-publish","4":"has-post-thumbnail","6":"product_cat-horeca-prostori","7":"product_cat-javni","8":"product_cat-niski-klubski-stolici-za-unutarnje-prostore","9":"product_cat-niski-stolovi-za-unutarnje-prostore","10":"product_cat-proizvodi","11":"product_cat-prostori","12":"product_cat-rezidencijalni","13":"product_cat-stolovi","14":"product_cat-stolovi-za-unutarnje-prostore-javni","15":"product_cat-stolovi-za-unutarnje-prostore-horeca-prostori","16":"berocket_brand-fiam","18":"first","19":"instock","20":"product-type-grouped"},"acf":[],"_links":{"self":[{"href":"https:\/\/cernelic.hr\/en\/wp-json\/wp\/v2\/product\/123179","targetHints":{"allow":["GET"]}}],"collection":[{"href":"https:\/\/cernelic.hr\/en\/wp-json\/wp\/v2\/product"}],"about":[{"href":"https:\/\/cernelic.hr\/en\/wp-json\/wp\/v2\/types\/product"}],"wp:featuredmedia":[{"embeddable":true,"href":"https:\/\/cernelic.hr\/en\/wp-json\/wp\/v2\/media\/119104"}],"wp:attachment":[{"href":"https:\/\/cernelic.hr\/en\/wp-json\/wp\/v2\/media?parent=123179"}],"wp:term":[{"taxonomy":"product_brand","embeddable":true,"href":"https:\/\/cernelic.hr\/en\/wp-json\/wp\/v2\/product_brand?post=123179"},{"taxonomy":"product_cat","embeddable":true,"href":"https:\/\/cernelic.hr\/en\/wp-json\/wp\/v2\/product_cat?post=123179"},{"taxonomy":"product_tag","embeddable":true,"href":"https:\/\/cernelic.hr\/en\/wp-json\/wp\/v2\/product_tag?post=123179"},{"taxonomy":"berocket_brand","embeddable":true,"href":"https:\/\/cernelic.hr\/en\/wp-json\/wp\/v2\/berocket_brand?post=123179"}],"curies":[{"name":"wp","href":"https:\/\/api.w.org\/{rel}","templated":true}]}}