{"id":123193,"date":"2022-08-21T20:57:47","date_gmt":"2022-08-21T20:57:47","guid":{"rendered":"https:\/\/cernelic.hr\/proizvod\/llt-console-by-fiam\/"},"modified":"2023-12-08T08:38:51","modified_gmt":"2023-12-08T08:38:51","slug":"llt-console-by-fiam","status":"publish","type":"product","link":"https:\/\/cernelic.hr\/en\/proizvod\/llt-console-by-fiam\/","title":{"rendered":"LLT console by Fiam"},"content":{"rendered":"<p>Fiam konzola sastoji se od prozirnog stakla debljine 15 mm s nako\u0161enim rubovima na dvije kra\u0107e strane i od zalijepljenog postolja od prozirnog stakla debljine 15 mm s nako\u0161enim rubom od 30 mm. Elementi za pri\u010dvr\u0161\u0107ivanje su joj od nehr\u0111aju\u0107eg \u010delika. \u201eLLT Console\u201c tako\u0111er je dostupna s gornjim dijelom po mjeri, do 240 cm duljine.<\/p>\n","protected":false},"excerpt":{"rendered":"<p>Fiam konzola sastoji se od prozirnog stakla debljine 15 mm s nako\u0161enim rubovima na dvije kra\u0107e strane i od zalijepljenog postolja od prozirnog stakla debljine 15 mm s nako\u0161enim rubom od 30 mm. Elementi za pri\u010dvr\u0161\u0107ivanje su joj od nehr\u0111aju\u0107eg \u010delika. \u201eLLT Console\u201c tako\u0111er je dostupna s gornjim dijelom po mjeri, do 240 cm duljine.<\/p>\n","protected":false},"featured_media":119051,"template":"","meta":{"_acf_changed":false},"product_brand":[],"product_cat":[3041,3162,3164,3091,3131,2171,2061,2068,2073,2092],"product_tag":[],"berocket_brand":[525],"class_list":{"0":"post-123193","1":"product","2":"type-product","3":"status-publish","4":"has-post-thumbnail","6":"product_cat-horeca-prostori","7":"product_cat-komode","8":"product_cat-namjestaj-za-hotelske-sobe","9":"product_cat-namjestaj-za-kucni-ured","10":"product_cat-namjestaj-za-neformalne-sastanke-i-druzenje","11":"product_cat-ormari-i-komode","12":"product_cat-proizvodi","13":"product_cat-prostori","14":"product_cat-rezidencijalni","15":"product_cat-uredi","16":"berocket_brand-fiam","18":"first","19":"instock","20":"product-type-grouped"},"acf":[],"_links":{"self":[{"href":"https:\/\/cernelic.hr\/en\/wp-json\/wp\/v2\/product\/123193","targetHints":{"allow":["GET"]}}],"collection":[{"href":"https:\/\/cernelic.hr\/en\/wp-json\/wp\/v2\/product"}],"about":[{"href":"https:\/\/cernelic.hr\/en\/wp-json\/wp\/v2\/types\/product"}],"wp:featuredmedia":[{"embeddable":true,"href":"https:\/\/cernelic.hr\/en\/wp-json\/wp\/v2\/media\/119051"}],"wp:attachment":[{"href":"https:\/\/cernelic.hr\/en\/wp-json\/wp\/v2\/media?parent=123193"}],"wp:term":[{"taxonomy":"product_brand","embeddable":true,"href":"https:\/\/cernelic.hr\/en\/wp-json\/wp\/v2\/product_brand?post=123193"},{"taxonomy":"product_cat","embeddable":true,"href":"https:\/\/cernelic.hr\/en\/wp-json\/wp\/v2\/product_cat?post=123193"},{"taxonomy":"product_tag","embeddable":true,"href":"https:\/\/cernelic.hr\/en\/wp-json\/wp\/v2\/product_tag?post=123193"},{"taxonomy":"berocket_brand","embeddable":true,"href":"https:\/\/cernelic.hr\/en\/wp-json\/wp\/v2\/berocket_brand?post=123193"}],"curies":[{"name":"wp","href":"https:\/\/api.w.org\/{rel}","templated":true}]}}