{"id":123195,"date":"2022-08-21T20:58:06","date_gmt":"2022-08-21T20:58:06","guid":{"rendered":"https:\/\/cernelic.hr\/proizvod\/rialto-console-by-fiam\/"},"modified":"2023-12-08T08:41:10","modified_gmt":"2023-12-08T08:41:10","slug":"rialto-console-by-fiam","status":"publish","type":"product","link":"https:\/\/cernelic.hr\/en\/proizvod\/rialto-console-by-fiam\/","title":{"rendered":"Rialto console by Fiam"},"content":{"rendered":"<p>Konzola od zakrivljenog stakla debljine 12 mm, dostupna je i sa staklenom policom debljine 10 mm. Mo\u017ee do\u0107i i u potpuno prilago\u0111enoj verziji kako bi se uklopila u svako opremanje po mjeri.<\/p>\n","protected":false},"excerpt":{"rendered":"<p>Konzola od zakrivljenog stakla debljine 12 mm, dostupna je i sa staklenom policom debljine 10 mm. Mo\u017ee do\u0107i i u potpuno prilago\u0111enoj verziji kako bi se uklopila u svako opremanje po mjeri.<\/p>\n","protected":false},"featured_media":119099,"template":"","meta":{"_acf_changed":false},"product_brand":[],"product_cat":[3041,3162,3164,3091,3131,2171,2061,2068,2073,2092],"product_tag":[],"berocket_brand":[525],"class_list":{"0":"post-123195","1":"product","2":"type-product","3":"status-publish","4":"has-post-thumbnail","6":"product_cat-horeca-prostori","7":"product_cat-komode","8":"product_cat-namjestaj-za-hotelske-sobe","9":"product_cat-namjestaj-za-kucni-ured","10":"product_cat-namjestaj-za-neformalne-sastanke-i-druzenje","11":"product_cat-ormari-i-komode","12":"product_cat-proizvodi","13":"product_cat-prostori","14":"product_cat-rezidencijalni","15":"product_cat-uredi","16":"berocket_brand-fiam","18":"first","19":"instock","20":"product-type-grouped"},"acf":[],"_links":{"self":[{"href":"https:\/\/cernelic.hr\/en\/wp-json\/wp\/v2\/product\/123195","targetHints":{"allow":["GET"]}}],"collection":[{"href":"https:\/\/cernelic.hr\/en\/wp-json\/wp\/v2\/product"}],"about":[{"href":"https:\/\/cernelic.hr\/en\/wp-json\/wp\/v2\/types\/product"}],"wp:featuredmedia":[{"embeddable":true,"href":"https:\/\/cernelic.hr\/en\/wp-json\/wp\/v2\/media\/119099"}],"wp:attachment":[{"href":"https:\/\/cernelic.hr\/en\/wp-json\/wp\/v2\/media?parent=123195"}],"wp:term":[{"taxonomy":"product_brand","embeddable":true,"href":"https:\/\/cernelic.hr\/en\/wp-json\/wp\/v2\/product_brand?post=123195"},{"taxonomy":"product_cat","embeddable":true,"href":"https:\/\/cernelic.hr\/en\/wp-json\/wp\/v2\/product_cat?post=123195"},{"taxonomy":"product_tag","embeddable":true,"href":"https:\/\/cernelic.hr\/en\/wp-json\/wp\/v2\/product_tag?post=123195"},{"taxonomy":"berocket_brand","embeddable":true,"href":"https:\/\/cernelic.hr\/en\/wp-json\/wp\/v2\/berocket_brand?post=123195"}],"curies":[{"name":"wp","href":"https:\/\/api.w.org\/{rel}","templated":true}]}}