{"id":123197,"date":"2022-08-21T20:58:24","date_gmt":"2022-08-21T20:58:24","guid":{"rendered":"https:\/\/cernelic.hr\/proizvod\/lloyd-by-fiam\/"},"modified":"2023-12-08T08:39:05","modified_gmt":"2023-12-08T08:39:05","slug":"lloyd-by-fiam","status":"publish","type":"product","link":"https:\/\/cernelic.hr\/en\/proizvod\/lloyd-by-fiam\/","title":{"rendered":"Lloyd by Fiam"},"content":{"rendered":"<p>Polivalentne stolice sa strukturom od punog drveta, dostupne su u oak tobacco zavr\u0161noj obradi ili u sjajnoj crnoj boji s otvorenim porama. Sjedalo i naslon presvu\u010deni su ko\u017eom.<\/p>\n","protected":false},"excerpt":{"rendered":"<p>Polivalentne stolice sa strukturom od punog drveta, dostupne su u oak tobacco zavr\u0161noj obradi ili u sjajnoj crnoj boji s otvorenim porama. Sjedalo i naslon presvu\u010deni su ko\u017eom.<\/p>\n","protected":false},"featured_media":119058,"template":"","meta":{"_acf_changed":false},"product_brand":[],"product_cat":[3041,2105,2061,2068,2073,2087,3199,3112,3100,3104,3108,2092],"product_tag":[],"berocket_brand":[525],"class_list":{"0":"post-123197","1":"product","2":"type-product","3":"status-publish","4":"has-post-thumbnail","6":"product_cat-horeca-prostori","7":"product_cat-javni","8":"product_cat-proizvodi","9":"product_cat-prostori","10":"product_cat-rezidencijalni","11":"product_cat-stolice","12":"product_cat-stolice-za-sastanke","13":"product_cat-stolice-za-unutarnje-prostore-javni","14":"product_cat-stolice-za-unutarnje-prostore","15":"product_cat-stolice-za-unutarnje-prostore-horeca-prostori","16":"product_cat-stolice-za-unutarnje-prostore-rezidencijalni","17":"product_cat-uredi","18":"berocket_brand-fiam","20":"first","21":"instock","22":"product-type-grouped"},"acf":[],"_links":{"self":[{"href":"https:\/\/cernelic.hr\/en\/wp-json\/wp\/v2\/product\/123197","targetHints":{"allow":["GET"]}}],"collection":[{"href":"https:\/\/cernelic.hr\/en\/wp-json\/wp\/v2\/product"}],"about":[{"href":"https:\/\/cernelic.hr\/en\/wp-json\/wp\/v2\/types\/product"}],"wp:featuredmedia":[{"embeddable":true,"href":"https:\/\/cernelic.hr\/en\/wp-json\/wp\/v2\/media\/119058"}],"wp:attachment":[{"href":"https:\/\/cernelic.hr\/en\/wp-json\/wp\/v2\/media?parent=123197"}],"wp:term":[{"taxonomy":"product_brand","embeddable":true,"href":"https:\/\/cernelic.hr\/en\/wp-json\/wp\/v2\/product_brand?post=123197"},{"taxonomy":"product_cat","embeddable":true,"href":"https:\/\/cernelic.hr\/en\/wp-json\/wp\/v2\/product_cat?post=123197"},{"taxonomy":"product_tag","embeddable":true,"href":"https:\/\/cernelic.hr\/en\/wp-json\/wp\/v2\/product_tag?post=123197"},{"taxonomy":"berocket_brand","embeddable":true,"href":"https:\/\/cernelic.hr\/en\/wp-json\/wp\/v2\/berocket_brand?post=123197"}],"curies":[{"name":"wp","href":"https:\/\/api.w.org\/{rel}","templated":true}]}}