{"id":123199,"date":"2022-08-21T20:58:42","date_gmt":"2022-08-21T20:58:42","guid":{"rendered":"https:\/\/cernelic.hr\/proizvod\/dress-by-fiam\/"},"modified":"2023-12-08T08:38:04","modified_gmt":"2023-12-08T08:38:04","slug":"dress-by-fiam","status":"publish","type":"product","link":"https:\/\/cernelic.hr\/en\/proizvod\/dress-by-fiam\/","title":{"rendered":"Dress by Fiam"},"content":{"rendered":"<p>Fiamova &#8220;Dress&#8221; stolica presvu\u010dena ko\u017eom posjeduje unutarnju strukturu od cjevastog metala i drveta, a dostupna je u standardnim punim bojama: bijeloj, sme\u0111oj i crnoj, te s prilago\u0111enim bojama iz \u0161irokog izbora boja kako bi se prilagodila razli\u010ditim zahtjevima prilikom ure\u0111enja dvorana ili opremanja restorana.<\/p>\n","protected":false},"excerpt":{"rendered":"<p>Fiamova &#8220;Dress&#8221; stolica presvu\u010dena ko\u017eom posjeduje unutarnju strukturu od cjevastog metala i drveta, a dostupna je u standardnim punim bojama: bijeloj, sme\u0111oj i crnoj, te s prilago\u0111enim bojama iz \u0161irokog izbora boja kako bi se prilagodila razli\u010ditim zahtjevima prilikom ure\u0111enja dvorana ili opremanja restorana.<\/p>\n","protected":false},"featured_media":119031,"template":"","meta":{"_acf_changed":false},"product_brand":[],"product_cat":[3041,2105,2061,2068,2073,2087,3199,3100,3104,3108,3112,2092],"product_tag":[],"berocket_brand":[525],"class_list":{"0":"post-123199","1":"product","2":"type-product","3":"status-publish","4":"has-post-thumbnail","6":"product_cat-horeca-prostori","7":"product_cat-javni","8":"product_cat-proizvodi","9":"product_cat-prostori","10":"product_cat-rezidencijalni","11":"product_cat-stolice","12":"product_cat-stolice-za-sastanke","13":"product_cat-stolice-za-unutarnje-prostore","14":"product_cat-stolice-za-unutarnje-prostore-horeca-prostori","15":"product_cat-stolice-za-unutarnje-prostore-rezidencijalni","16":"product_cat-stolice-za-unutarnje-prostore-javni","17":"product_cat-uredi","18":"berocket_brand-fiam","20":"first","21":"instock","22":"product-type-grouped"},"acf":[],"_links":{"self":[{"href":"https:\/\/cernelic.hr\/en\/wp-json\/wp\/v2\/product\/123199","targetHints":{"allow":["GET"]}}],"collection":[{"href":"https:\/\/cernelic.hr\/en\/wp-json\/wp\/v2\/product"}],"about":[{"href":"https:\/\/cernelic.hr\/en\/wp-json\/wp\/v2\/types\/product"}],"wp:featuredmedia":[{"embeddable":true,"href":"https:\/\/cernelic.hr\/en\/wp-json\/wp\/v2\/media\/119031"}],"wp:attachment":[{"href":"https:\/\/cernelic.hr\/en\/wp-json\/wp\/v2\/media?parent=123199"}],"wp:term":[{"taxonomy":"product_brand","embeddable":true,"href":"https:\/\/cernelic.hr\/en\/wp-json\/wp\/v2\/product_brand?post=123199"},{"taxonomy":"product_cat","embeddable":true,"href":"https:\/\/cernelic.hr\/en\/wp-json\/wp\/v2\/product_cat?post=123199"},{"taxonomy":"product_tag","embeddable":true,"href":"https:\/\/cernelic.hr\/en\/wp-json\/wp\/v2\/product_tag?post=123199"},{"taxonomy":"berocket_brand","embeddable":true,"href":"https:\/\/cernelic.hr\/en\/wp-json\/wp\/v2\/berocket_brand?post=123199"}],"curies":[{"name":"wp","href":"https:\/\/api.w.org\/{rel}","templated":true}]}}