{"id":123200,"date":"2022-08-21T20:58:42","date_gmt":"2022-08-21T20:58:42","guid":{"rendered":"https:\/\/cernelic.hr\/proizvod\/callas-by-fiam\/"},"modified":"2023-12-08T08:37:35","modified_gmt":"2023-12-08T08:37:35","slug":"callas-by-fiam","status":"publish","type":"product","link":"https:\/\/cernelic.hr\/en\/proizvod\/callas-by-fiam\/","title":{"rendered":"Callas by Fiam"},"content":{"rendered":"<p>&#8220;Callas&#8221; je ko\u017eom presvu\u010dena stolica ali s unutarnjom strukturom od cjevastog metala. Dostupna je u bijeloj, crnoj, sme\u0111oj, sivoj boji praha ili boji pepela. Idealna je za luksuzno opremanje kafi\u0107a ili dvorana za konferencije.<\/p>\n","protected":false},"excerpt":{"rendered":"<p>&#8220;Callas&#8221; je ko\u017eom presvu\u010dena stolica ali s unutarnjom strukturom od cjevastog metala. Dostupna je u bijeloj, crnoj, sme\u0111oj, sivoj boji praha ili boji pepela. Idealna je za luksuzno opremanje kafi\u0107a ili dvorana za konferencije.<\/p>\n","protected":false},"featured_media":119021,"template":"","meta":{"_acf_changed":false},"product_brand":[],"product_cat":[3041,2105,2061,2068,2073,2087,3199,3108,3112,3100,3104,2092],"product_tag":[],"berocket_brand":[525],"class_list":{"0":"post-123200","1":"product","2":"type-product","3":"status-publish","4":"has-post-thumbnail","6":"product_cat-horeca-prostori","7":"product_cat-javni","8":"product_cat-proizvodi","9":"product_cat-prostori","10":"product_cat-rezidencijalni","11":"product_cat-stolice","12":"product_cat-stolice-za-sastanke","13":"product_cat-stolice-za-unutarnje-prostore-rezidencijalni","14":"product_cat-stolice-za-unutarnje-prostore-javni","15":"product_cat-stolice-za-unutarnje-prostore","16":"product_cat-stolice-za-unutarnje-prostore-horeca-prostori","17":"product_cat-uredi","18":"berocket_brand-fiam","20":"first","21":"instock","22":"product-type-grouped"},"acf":[],"_links":{"self":[{"href":"https:\/\/cernelic.hr\/en\/wp-json\/wp\/v2\/product\/123200","targetHints":{"allow":["GET"]}}],"collection":[{"href":"https:\/\/cernelic.hr\/en\/wp-json\/wp\/v2\/product"}],"about":[{"href":"https:\/\/cernelic.hr\/en\/wp-json\/wp\/v2\/types\/product"}],"wp:featuredmedia":[{"embeddable":true,"href":"https:\/\/cernelic.hr\/en\/wp-json\/wp\/v2\/media\/119021"}],"wp:attachment":[{"href":"https:\/\/cernelic.hr\/en\/wp-json\/wp\/v2\/media?parent=123200"}],"wp:term":[{"taxonomy":"product_brand","embeddable":true,"href":"https:\/\/cernelic.hr\/en\/wp-json\/wp\/v2\/product_brand?post=123200"},{"taxonomy":"product_cat","embeddable":true,"href":"https:\/\/cernelic.hr\/en\/wp-json\/wp\/v2\/product_cat?post=123200"},{"taxonomy":"product_tag","embeddable":true,"href":"https:\/\/cernelic.hr\/en\/wp-json\/wp\/v2\/product_tag?post=123200"},{"taxonomy":"berocket_brand","embeddable":true,"href":"https:\/\/cernelic.hr\/en\/wp-json\/wp\/v2\/berocket_brand?post=123200"}],"curies":[{"name":"wp","href":"https:\/\/api.w.org\/{rel}","templated":true}]}}