{"id":123203,"date":"2022-08-21T20:59:21","date_gmt":"2022-08-21T20:59:21","guid":{"rendered":"https:\/\/cernelic.hr\/proizvod\/rialto-l-home-office-by-fiam\/"},"modified":"2023-12-08T08:40:50","modified_gmt":"2023-12-08T08:40:50","slug":"rialto-l-home-office-by-fiam","status":"publish","type":"product","link":"https:\/\/cernelic.hr\/en\/proizvod\/rialto-l-home-office-by-fiam\/","title":{"rendered":"Rialto L home office by Fiam"},"content":{"rendered":"<p>&#8220;Rialto&#8221; uredski stol od zakrivljenog stakla debljine 15 mm dolazi u kombinaciji s ladicama u bijelom ili crnom mat lakiranom drvu, s frontama od stakla lakiranih u skladu s bojom strukture. Tako\u0111er dostupan je u crnoj ili bijeloj strukturi presvu\u010denoj u ko\u017ei \u0161to ga \u010dini optimalnim uredskim namje\u0161tajem koji se prilago\u0111ava prostoru u kojem se nalazi.<\/p>\n","protected":false},"excerpt":{"rendered":"<p>&#8220;Rialto&#8221; uredski stol od zakrivljenog stakla debljine 15 mm dolazi u kombinaciji s ladicama u bijelom ili crnom mat lakiranom drvu, s frontama od stakla lakiranih u skladu s bojom strukture. Tako\u0111er dostupan je u crnoj ili bijeloj strukturi presvu\u010denoj u ko\u017ei \u0161to ga \u010dini optimalnim uredskim namje\u0161tajem koji se prilago\u0111ava prostoru u kojem se [&hellip;]<\/p>\n","protected":false},"featured_media":119090,"template":"","meta":{"_acf_changed":false},"product_brand":[],"product_cat":[3087,3091,2061,2068,2073,2118,3083,3085,2092],"product_tag":[],"berocket_brand":[525],"class_list":{"0":"post-123203","1":"product","2":"type-product","3":"status-publish","4":"has-post-thumbnail","6":"product_cat-home-office","7":"product_cat-namjestaj-za-kucni-ured","8":"product_cat-proizvodi","9":"product_cat-prostori","10":"product_cat-rezidencijalni","11":"product_cat-stolovi","12":"product_cat-stolovi-za-kucni-ured","13":"product_cat-stolovi-za-urede","14":"product_cat-uredi","15":"berocket_brand-fiam","17":"first","18":"instock","19":"product-type-grouped"},"acf":[],"_links":{"self":[{"href":"https:\/\/cernelic.hr\/en\/wp-json\/wp\/v2\/product\/123203","targetHints":{"allow":["GET"]}}],"collection":[{"href":"https:\/\/cernelic.hr\/en\/wp-json\/wp\/v2\/product"}],"about":[{"href":"https:\/\/cernelic.hr\/en\/wp-json\/wp\/v2\/types\/product"}],"wp:featuredmedia":[{"embeddable":true,"href":"https:\/\/cernelic.hr\/en\/wp-json\/wp\/v2\/media\/119090"}],"wp:attachment":[{"href":"https:\/\/cernelic.hr\/en\/wp-json\/wp\/v2\/media?parent=123203"}],"wp:term":[{"taxonomy":"product_brand","embeddable":true,"href":"https:\/\/cernelic.hr\/en\/wp-json\/wp\/v2\/product_brand?post=123203"},{"taxonomy":"product_cat","embeddable":true,"href":"https:\/\/cernelic.hr\/en\/wp-json\/wp\/v2\/product_cat?post=123203"},{"taxonomy":"product_tag","embeddable":true,"href":"https:\/\/cernelic.hr\/en\/wp-json\/wp\/v2\/product_tag?post=123203"},{"taxonomy":"berocket_brand","embeddable":true,"href":"https:\/\/cernelic.hr\/en\/wp-json\/wp\/v2\/berocket_brand?post=123203"}],"curies":[{"name":"wp","href":"https:\/\/api.w.org\/{rel}","templated":true}]}}