{"id":123212,"date":"2022-08-21T21:00:44","date_gmt":"2022-08-21T21:00:44","guid":{"rendered":"https:\/\/cernelic.hr\/proizvod\/luxor-meeting-by-fiam\/"},"modified":"2023-12-08T08:39:37","modified_gmt":"2023-12-08T08:39:37","slug":"luxor-meeting-by-fiam","status":"publish","type":"product","link":"https:\/\/cernelic.hr\/en\/proizvod\/luxor-meeting-by-fiam\/","title":{"rendered":"Luxor Meeting by Fiam"},"content":{"rendered":"<p>Fiam blagovaonski stol sa slojevitom staklenom plo\u010dom debljine 8+8 mm sjajnog poliranog ruba, dostupan je u dimljenom, bron\u010danom, prozirnom ili ekstra laganom staklu. Zakrivljena staklena baza debljine 10 mm sastavljena je od 2, 3 ili 4 cilindra (\u00d8 40 cm) ovisno o veli\u010dini i tra\u017eenom obliku. Tako\u0111er je dostupan s povr\u0161inom prilago\u0111ene veli\u010dine kako bi zadovoljio svako opremanje po mjeri.<\/p>\n","protected":false},"excerpt":{"rendered":"<p>Fiam blagovaonski stol sa slojevitom staklenom plo\u010dom debljine 8+8 mm sjajnog poliranog ruba, dostupan je u dimljenom, bron\u010danom, prozirnom ili ekstra laganom staklu. Zakrivljena staklena baza debljine 10 mm sastavljena je od 2, 3 ili 4 cilindra (\u00d8 40 cm) ovisno o veli\u010dini i tra\u017eenom obliku. Tako\u0111er je dostupan s povr\u0161inom prilago\u0111ene veli\u010dine kako bi [&hellip;]<\/p>\n","protected":false},"featured_media":119064,"template":"","meta":{"_acf_changed":false},"product_brand":[],"product_cat":[3088,2061,2068,2118,3084,2092],"product_tag":[],"berocket_brand":[525],"class_list":{"0":"post-123212","1":"product","2":"type-product","3":"status-publish","4":"has-post-thumbnail","6":"product_cat-namjestaj-za-sastanke-i-konferencije","7":"product_cat-proizvodi","8":"product_cat-prostori","9":"product_cat-stolovi","10":"product_cat-stolovi-za-sastanke-i-konferencije","11":"product_cat-uredi","12":"berocket_brand-fiam","14":"first","15":"instock","16":"product-type-grouped"},"acf":[],"_links":{"self":[{"href":"https:\/\/cernelic.hr\/en\/wp-json\/wp\/v2\/product\/123212","targetHints":{"allow":["GET"]}}],"collection":[{"href":"https:\/\/cernelic.hr\/en\/wp-json\/wp\/v2\/product"}],"about":[{"href":"https:\/\/cernelic.hr\/en\/wp-json\/wp\/v2\/types\/product"}],"wp:featuredmedia":[{"embeddable":true,"href":"https:\/\/cernelic.hr\/en\/wp-json\/wp\/v2\/media\/119064"}],"wp:attachment":[{"href":"https:\/\/cernelic.hr\/en\/wp-json\/wp\/v2\/media?parent=123212"}],"wp:term":[{"taxonomy":"product_brand","embeddable":true,"href":"https:\/\/cernelic.hr\/en\/wp-json\/wp\/v2\/product_brand?post=123212"},{"taxonomy":"product_cat","embeddable":true,"href":"https:\/\/cernelic.hr\/en\/wp-json\/wp\/v2\/product_cat?post=123212"},{"taxonomy":"product_tag","embeddable":true,"href":"https:\/\/cernelic.hr\/en\/wp-json\/wp\/v2\/product_tag?post=123212"},{"taxonomy":"berocket_brand","embeddable":true,"href":"https:\/\/cernelic.hr\/en\/wp-json\/wp\/v2\/berocket_brand?post=123212"}],"curies":[{"name":"wp","href":"https:\/\/api.w.org\/{rel}","templated":true}]}}