{"id":123233,"date":"2022-08-21T21:04:16","date_gmt":"2022-08-21T21:04:16","guid":{"rendered":"https:\/\/cernelic.hr\/proizvod\/grapa-by-cernelic\/"},"modified":"2023-12-08T10:06:44","modified_gmt":"2023-12-08T10:06:44","slug":"plat-out-by-bt","status":"publish","type":"product","link":"https:\/\/cernelic.hr\/en\/proizvod\/plat-out-by-bt\/","title":{"rendered":"PLAT OUT by B&amp;T"},"content":{"rendered":"<p>Lagana i laka za pomicanje zahvaljuju\u0107i svojoj aluminijskoj unutarnjoj strukturi okvira iza svog monumentalnog izgleda, obitelj GRAPA pojednostavljuje dizajn interijera. Kombiniraju\u0107i jednostavnost i udobnost u profinjenom estetskom stilu, GRAPA pru\u017ea udobno sjedenje koje posti\u017ee sa svojim okomitim le\u0111nim rotacijama koji uokviruju asimetri\u010dnu formu koja je prikladna ergonomiji s cilindri\u010dno oblikovanim tajnim unutarnjim i vanjskim jastucima.<\/p>\n","protected":false},"excerpt":{"rendered":"<p>Lagana i laka za pomicanje zahvaljuju\u0107i svojoj aluminijskoj unutarnjoj strukturi okvira iza svog monumentalnog izgleda, obitelj GRAPA pojednostavljuje dizajn interijera. Kombiniraju\u0107i jednostavnost i udobnost u profinjenom estetskom stilu, GRAPA pru\u017ea udobno sjedenje koje posti\u017ee sa svojim okomitim le\u0111nim rotacijama koji uokviruju asimetri\u010dnu formu koja je prikladna ergonomiji s cilindri\u010dno oblikovanim tajnim unutarnjim i vanjskim jastucima.<\/p>\n","protected":false},"featured_media":122369,"template":"","meta":{"_acf_changed":false},"product_brand":[],"product_cat":[2111,3116,3212,3214,3211,3213,3209,3210,3041,2105,2513,2061,2068,2073,3128],"product_tag":[],"berocket_brand":[1324],"class_list":{"0":"post-123233","1":"product","2":"type-product","3":"status-publish","4":"has-post-thumbnail","6":"product_cat-dvorane","7":"product_cat-fotelje-garniture-proizvodi","8":"product_cat-fotelje-i-garniture-vanjske-prostore-javni","9":"product_cat-fotelje-i-garniture-vanjske-prostore-outdoor","10":"product_cat-fotelje-i-garniture-vanjske-prostore","11":"product_cat-fotelje-i-garniture-za-vanjske-prostore-dvorane","12":"product_cat-fotelje-i-garniture-za-vanjske-prostore","13":"product_cat-fotelje-i-garniture-za-vanjske-prostore-horeca-prostori","14":"product_cat-horeca-prostori","15":"product_cat-javni","16":"product_cat-outdoor","17":"product_cat-proizvodi","18":"product_cat-prostori","19":"product_cat-rezidencijalni","20":"product_cat-taburei-fotelje-garniture-proizvodi","21":"berocket_brand-bt","23":"first","24":"instock","25":"product-type-grouped"},"acf":[],"_links":{"self":[{"href":"https:\/\/cernelic.hr\/en\/wp-json\/wp\/v2\/product\/123233","targetHints":{"allow":["GET"]}}],"collection":[{"href":"https:\/\/cernelic.hr\/en\/wp-json\/wp\/v2\/product"}],"about":[{"href":"https:\/\/cernelic.hr\/en\/wp-json\/wp\/v2\/types\/product"}],"wp:featuredmedia":[{"embeddable":true,"href":"https:\/\/cernelic.hr\/en\/wp-json\/wp\/v2\/media\/122369"}],"wp:attachment":[{"href":"https:\/\/cernelic.hr\/en\/wp-json\/wp\/v2\/media?parent=123233"}],"wp:term":[{"taxonomy":"product_brand","embeddable":true,"href":"https:\/\/cernelic.hr\/en\/wp-json\/wp\/v2\/product_brand?post=123233"},{"taxonomy":"product_cat","embeddable":true,"href":"https:\/\/cernelic.hr\/en\/wp-json\/wp\/v2\/product_cat?post=123233"},{"taxonomy":"product_tag","embeddable":true,"href":"https:\/\/cernelic.hr\/en\/wp-json\/wp\/v2\/product_tag?post=123233"},{"taxonomy":"berocket_brand","embeddable":true,"href":"https:\/\/cernelic.hr\/en\/wp-json\/wp\/v2\/berocket_brand?post=123233"}],"curies":[{"name":"wp","href":"https:\/\/api.w.org\/{rel}","templated":true}]}}