{"id":123236,"date":"2022-08-21T21:04:34","date_gmt":"2022-08-21T21:04:34","guid":{"rendered":"https:\/\/cernelic.hr\/proizvod\/resnik-out-by-cernelic\/"},"modified":"2023-12-08T10:07:12","modified_gmt":"2023-12-08T10:07:12","slug":"rest-out-by-bt","status":"publish","type":"product","link":"https:\/\/cernelic.hr\/en\/proizvod\/rest-out-by-bt\/","title":{"rendered":"REST OUT by B&amp;T"},"content":{"rendered":"<p>Kombiniraju\u0107i svoj minimalisti\u010dki i jednostavan stil s udobno\u0161\u0107u, stolice za vanjsku upotrebu RESNIK OUT donose svoj moderan \u0161arm na otvorenom. Dok nudi savr\u0161enu kombinaciju jednostavnosti i besprijekorne izrade, donosi udobnost u sredi\u0161te iskustva sa svojom upletenom strukturom i glatkom teksturom.<br \/>\nUdobne stolice RESNIK OUT lako se pakiraju zahvaljuju\u0107i laganom i kompaktnom dizajnu, dok njihova polipropilenska vanjska za\u0161tita zajedno s nogama od nehr\u0111aju\u0107eg \u010delika, koje se mogu uskladiti s tri verzije, s tapeciranim sjedalom ili potpuno tapeciranim, nudi mogu\u0107nost dugotrajne upotrebe. Njegov model sa \u017ei\u010danim nogama i rukama, koji se mo\u017ee pri\u010dvrstiti na stolicu kada je potrebno, nudi prakti\u010dnu metodu skupljanja i prednost jednostavnog \u010di\u0161\u0107enja poda. Sa svojim modelom bez naslona za ruke, dvije razli\u010dite opcije za noge i mogu\u0107nosti tapeciranog naslona i sjedala prikladan za vanjske uvjete, omogu\u0107uje prilagodbu specifi\u010dnu za potrebe i stil.<\/p>\n","protected":false},"excerpt":{"rendered":"<p>Kombiniraju\u0107i svoj minimalisti\u010dki i jednostavan stil s udobno\u0161\u0107u, stolice za vanjsku upotrebu RESNIK OUT donose svoj moderan \u0161arm na otvorenom. Dok nudi savr\u0161enu kombinaciju jednostavnosti i besprijekorne izrade, donosi udobnost u sredi\u0161te iskustva sa svojom upletenom strukturom i glatkom teksturom. Udobne stolice RESNIK OUT lako se pakiraju zahvaljuju\u0107i laganom i kompaktnom dizajnu, dok njihova polipropilenska [&hellip;]<\/p>\n","protected":false},"featured_media":122377,"template":"","meta":{"_acf_changed":false},"product_brand":[],"product_cat":[3041,2105,2513,2061,2068,2073,2087,3205,3109,3113,3115,3101,3105],"product_tag":[],"berocket_brand":[1324],"class_list":{"0":"post-123236","1":"product","2":"type-product","3":"status-publish","4":"has-post-thumbnail","6":"product_cat-horeca-prostori","7":"product_cat-javni","8":"product_cat-outdoor","9":"product_cat-proizvodi","10":"product_cat-prostori","11":"product_cat-rezidencijalni","12":"product_cat-stolice","13":"product_cat-stolice-za-cekaonice","14":"product_cat-stolice-za-vanjske-prostore-rezidencijalni","15":"product_cat-stolice-za-vanjske-prostore-javni","16":"product_cat-stolice-za-vanjske-prostore-outdoor","17":"product_cat-stolice-za-vanjske-prostore","18":"product_cat-stolice-za-vanjske-prostore-horeca-prostori","19":"berocket_brand-bt","21":"first","22":"instock","23":"product-type-grouped"},"acf":[],"_links":{"self":[{"href":"https:\/\/cernelic.hr\/en\/wp-json\/wp\/v2\/product\/123236","targetHints":{"allow":["GET"]}}],"collection":[{"href":"https:\/\/cernelic.hr\/en\/wp-json\/wp\/v2\/product"}],"about":[{"href":"https:\/\/cernelic.hr\/en\/wp-json\/wp\/v2\/types\/product"}],"wp:featuredmedia":[{"embeddable":true,"href":"https:\/\/cernelic.hr\/en\/wp-json\/wp\/v2\/media\/122377"}],"wp:attachment":[{"href":"https:\/\/cernelic.hr\/en\/wp-json\/wp\/v2\/media?parent=123236"}],"wp:term":[{"taxonomy":"product_brand","embeddable":true,"href":"https:\/\/cernelic.hr\/en\/wp-json\/wp\/v2\/product_brand?post=123236"},{"taxonomy":"product_cat","embeddable":true,"href":"https:\/\/cernelic.hr\/en\/wp-json\/wp\/v2\/product_cat?post=123236"},{"taxonomy":"product_tag","embeddable":true,"href":"https:\/\/cernelic.hr\/en\/wp-json\/wp\/v2\/product_tag?post=123236"},{"taxonomy":"berocket_brand","embeddable":true,"href":"https:\/\/cernelic.hr\/en\/wp-json\/wp\/v2\/berocket_brand?post=123236"}],"curies":[{"name":"wp","href":"https:\/\/api.w.org\/{rel}","templated":true}]}}