{"id":123238,"date":"2022-08-21T21:04:51","date_gmt":"2022-08-21T21:04:51","guid":{"rendered":"https:\/\/cernelic.hr\/proizvod\/mix-by-cernelic\/"},"modified":"2023-12-08T10:07:00","modified_gmt":"2023-12-08T10:07:00","slug":"sorbe-out-by-bt","status":"publish","type":"product","link":"https:\/\/cernelic.hr\/en\/proizvod\/sorbe-out-by-bt\/","title":{"rendered":"SORBE OUT by B&amp;T"},"content":{"rendered":"<p>Obitelj MIX poufova donosi dinamiku i zabavu vani!<br \/>\nUnato\u010d svom grandioznom izgledu, pru\u017ea funkcionalnu upotrebu svojom lako\u0107om i lakom pokretljivo\u0161\u0107u zahvaljuju\u0107i unutarnjem aluminijskom okviru. Lako prilago\u0111avaju svakom stilu opremanja stana ili ku\u0107e, zahvaljuju\u0107i svojem jednostavnom i minimalisti\u010dkom dizajnu. Poufovi se pretvaraju u savr\u0161en element ravnote\u017ee u prostorima razli\u010ditih veli\u010dina, pogotovo velikim ili kompaktnim.<\/p>\n","protected":false},"excerpt":{"rendered":"<p>Obitelj MIX poufova donosi dinamiku i zabavu vani! Unato\u010d svom grandioznom izgledu, pru\u017ea funkcionalnu upotrebu svojom lako\u0107om i lakom pokretljivo\u0161\u0107u zahvaljuju\u0107i unutarnjem aluminijskom okviru. Lako prilago\u0111avaju svakom stilu opremanja stana ili ku\u0107e, zahvaljuju\u0107i svojem jednostavnom i minimalisti\u010dkom dizajnu. Poufovi se pretvaraju u savr\u0161en element ravnote\u017ee u prostorima razli\u010ditih veli\u010dina, pogotovo velikim ili kompaktnim.<\/p>\n","protected":false},"featured_media":122372,"template":"","meta":{"_acf_changed":false},"product_brand":[],"product_cat":[2111,3116,3214,3211,3212,3209,3210,3213,3041,2105,2513,2061,2068,2073,3128],"product_tag":[],"berocket_brand":[1324],"class_list":{"0":"post-123238","1":"product","2":"type-product","3":"status-publish","4":"has-post-thumbnail","6":"product_cat-dvorane","7":"product_cat-fotelje-garniture-proizvodi","8":"product_cat-fotelje-i-garniture-vanjske-prostore-outdoor","9":"product_cat-fotelje-i-garniture-vanjske-prostore","10":"product_cat-fotelje-i-garniture-vanjske-prostore-javni","11":"product_cat-fotelje-i-garniture-za-vanjske-prostore","12":"product_cat-fotelje-i-garniture-za-vanjske-prostore-horeca-prostori","13":"product_cat-fotelje-i-garniture-za-vanjske-prostore-dvorane","14":"product_cat-horeca-prostori","15":"product_cat-javni","16":"product_cat-outdoor","17":"product_cat-proizvodi","18":"product_cat-prostori","19":"product_cat-rezidencijalni","20":"product_cat-taburei-fotelje-garniture-proizvodi","21":"berocket_brand-bt","23":"first","24":"instock","25":"product-type-grouped"},"acf":[],"_links":{"self":[{"href":"https:\/\/cernelic.hr\/en\/wp-json\/wp\/v2\/product\/123238","targetHints":{"allow":["GET"]}}],"collection":[{"href":"https:\/\/cernelic.hr\/en\/wp-json\/wp\/v2\/product"}],"about":[{"href":"https:\/\/cernelic.hr\/en\/wp-json\/wp\/v2\/types\/product"}],"wp:featuredmedia":[{"embeddable":true,"href":"https:\/\/cernelic.hr\/en\/wp-json\/wp\/v2\/media\/122372"}],"wp:attachment":[{"href":"https:\/\/cernelic.hr\/en\/wp-json\/wp\/v2\/media?parent=123238"}],"wp:term":[{"taxonomy":"product_brand","embeddable":true,"href":"https:\/\/cernelic.hr\/en\/wp-json\/wp\/v2\/product_brand?post=123238"},{"taxonomy":"product_cat","embeddable":true,"href":"https:\/\/cernelic.hr\/en\/wp-json\/wp\/v2\/product_cat?post=123238"},{"taxonomy":"product_tag","embeddable":true,"href":"https:\/\/cernelic.hr\/en\/wp-json\/wp\/v2\/product_tag?post=123238"},{"taxonomy":"berocket_brand","embeddable":true,"href":"https:\/\/cernelic.hr\/en\/wp-json\/wp\/v2\/berocket_brand?post=123238"}],"curies":[{"name":"wp","href":"https:\/\/api.w.org\/{rel}","templated":true}]}}