{"id":123239,"date":"2022-08-21T21:05:12","date_gmt":"2022-08-21T21:05:12","guid":{"rendered":"https:\/\/cernelic.hr\/proizvod\/kvadrat-out-by-cernelic\/"},"modified":"2023-12-08T10:06:48","modified_gmt":"2023-12-08T10:06:48","slug":"elusive-out-by-bt","status":"publish","type":"product","link":"https:\/\/cernelic.hr\/en\/proizvod\/elusive-out-by-bt\/","title":{"rendered":"ELUSIVE OUT by B&amp;T"},"content":{"rendered":"<p>Manifestiraju\u0107i svoj ugodan, zajedni\u010dki i pozivaju\u0107i karakter kroz svoj dizajn, KVADRAT obitelj nudi bezvremensku udobnost koja \u0107e odgovarati svakom stilu opremanja stana i opremanja ku\u0107e.<\/p>\n","protected":false},"excerpt":{"rendered":"<p>Manifestiraju\u0107i svoj ugodan, zajedni\u010dki i pozivaju\u0107i karakter kroz svoj dizajn, KVADRAT obitelj nudi bezvremensku udobnost koja \u0107e odgovarati svakom stilu opremanja stana i opremanja ku\u0107e.<\/p>\n","protected":false},"featured_media":122371,"template":"","meta":{"_acf_changed":false},"product_brand":[],"product_cat":[3116,3041,2105,3127,3133,3129,2513,2061,2068,2073,3141,2118,3140,3215,3216,3135],"product_tag":[],"berocket_brand":[1324],"class_list":{"0":"post-123239","1":"product","2":"type-product","3":"status-publish","4":"has-post-thumbnail","6":"product_cat-fotelje-garniture-proizvodi","7":"product_cat-horeca-prostori","8":"product_cat-javni","9":"product_cat-klupe-i-separei","10":"product_cat-klupe-i-separei-horeca-prostori","11":"product_cat-niski-stolovi-vanjske-prostore","12":"product_cat-outdoor","13":"product_cat-proizvodi","14":"product_cat-prostori","15":"product_cat-rezidencijalni","16":"product_cat-stolovi-outdoor","17":"product_cat-stolovi","18":"product_cat-stolovi-za-vanjske-prostore-javni","19":"product_cat-stolovi-za-vanjske-prostore-stolovi","20":"product_cat-stolovi-za-vanjske-prostore-rezidencijalni","21":"product_cat-stolovi-za-vanjske-prostore","22":"berocket_brand-bt","24":"first","25":"instock","26":"product-type-grouped"},"acf":[],"_links":{"self":[{"href":"https:\/\/cernelic.hr\/en\/wp-json\/wp\/v2\/product\/123239","targetHints":{"allow":["GET"]}}],"collection":[{"href":"https:\/\/cernelic.hr\/en\/wp-json\/wp\/v2\/product"}],"about":[{"href":"https:\/\/cernelic.hr\/en\/wp-json\/wp\/v2\/types\/product"}],"wp:featuredmedia":[{"embeddable":true,"href":"https:\/\/cernelic.hr\/en\/wp-json\/wp\/v2\/media\/122371"}],"wp:attachment":[{"href":"https:\/\/cernelic.hr\/en\/wp-json\/wp\/v2\/media?parent=123239"}],"wp:term":[{"taxonomy":"product_brand","embeddable":true,"href":"https:\/\/cernelic.hr\/en\/wp-json\/wp\/v2\/product_brand?post=123239"},{"taxonomy":"product_cat","embeddable":true,"href":"https:\/\/cernelic.hr\/en\/wp-json\/wp\/v2\/product_cat?post=123239"},{"taxonomy":"product_tag","embeddable":true,"href":"https:\/\/cernelic.hr\/en\/wp-json\/wp\/v2\/product_tag?post=123239"},{"taxonomy":"berocket_brand","embeddable":true,"href":"https:\/\/cernelic.hr\/en\/wp-json\/wp\/v2\/berocket_brand?post=123239"}],"curies":[{"name":"wp","href":"https:\/\/api.w.org\/{rel}","templated":true}]}}