{"id":123241,"date":"2022-08-21T21:05:31","date_gmt":"2022-08-21T21:05:31","guid":{"rendered":"https:\/\/cernelic.hr\/proizvod\/globus-out-by-cernelic\/"},"modified":"2023-12-08T10:06:42","modified_gmt":"2023-12-08T10:06:42","slug":"globe-out-by-bt","status":"publish","type":"product","link":"https:\/\/cernelic.hr\/en\/proizvod\/globe-out-by-bt\/","title":{"rendered":"GLOBE OUT by B&amp;T"},"content":{"rendered":"<p>Kao jedna od izvanrednih unutarnjih kolekcija, GLOBUS stol i stoli\u0107 za kavu je duo koji je pobolj\u0161an izdr\u017eljivim i dugotrajnim materijalima i mo\u017ee se prenijeti na terase, vrtove, verande i vanjske prostore restorana i hotela, dok podr\u017eava estetski i profinjeni izgled. Sa svojim tehni\u010dkim kamenim gornjim stolom i metalnim presvu\u010denim nogama, podr\u017eava nove ideje za ure\u0111enje.<br \/>\nOslobodiv\u0161i svoj jednostavan, ali sna\u017ean utjecaj sa svojim svestranim alternativama uporabe, GLOBUS OUT nudi fleksibilnu upotrebu. Razli\u010dite visine se mogu uskla\u0111ivati jedno s drugim te se stol i stoli\u0107 za kavu mogu postaviti zajedno ili odvojeno.<\/p>\n","protected":false},"excerpt":{"rendered":"<p>Kao jedna od izvanrednih unutarnjih kolekcija, GLOBUS stol i stoli\u0107 za kavu je duo koji je pobolj\u0161an izdr\u017eljivim i dugotrajnim materijalima i mo\u017ee se prenijeti na terase, vrtove, verande i vanjske prostore restorana i hotela, dok podr\u017eava estetski i profinjeni izgled. Sa svojim tehni\u010dkim kamenim gornjim stolom i metalnim presvu\u010denim nogama, podr\u017eava nove ideje za [&hellip;]<\/p>\n","protected":false},"featured_media":122368,"template":"","meta":{"_acf_changed":false},"product_brand":[],"product_cat":[3041,2105,3136,3129,2513,2061,2068,2073,3141,2118,3140,3215,3135,3216],"product_tag":[],"berocket_brand":[1324],"class_list":{"0":"post-123241","1":"product","2":"type-product","3":"status-publish","4":"has-post-thumbnail","6":"product_cat-horeca-prostori","7":"product_cat-javni","8":"product_cat-niski-klubski-stolici-za-vanjske-prostore","9":"product_cat-niski-stolovi-vanjske-prostore","10":"product_cat-outdoor","11":"product_cat-proizvodi","12":"product_cat-prostori","13":"product_cat-rezidencijalni","14":"product_cat-stolovi-outdoor","15":"product_cat-stolovi","16":"product_cat-stolovi-za-vanjske-prostore-javni","17":"product_cat-stolovi-za-vanjske-prostore-stolovi","18":"product_cat-stolovi-za-vanjske-prostore","19":"product_cat-stolovi-za-vanjske-prostore-rezidencijalni","20":"berocket_brand-bt","22":"first","23":"instock","24":"product-type-grouped"},"acf":[],"_links":{"self":[{"href":"https:\/\/cernelic.hr\/en\/wp-json\/wp\/v2\/product\/123241","targetHints":{"allow":["GET"]}}],"collection":[{"href":"https:\/\/cernelic.hr\/en\/wp-json\/wp\/v2\/product"}],"about":[{"href":"https:\/\/cernelic.hr\/en\/wp-json\/wp\/v2\/types\/product"}],"wp:featuredmedia":[{"embeddable":true,"href":"https:\/\/cernelic.hr\/en\/wp-json\/wp\/v2\/media\/122368"}],"wp:attachment":[{"href":"https:\/\/cernelic.hr\/en\/wp-json\/wp\/v2\/media?parent=123241"}],"wp:term":[{"taxonomy":"product_brand","embeddable":true,"href":"https:\/\/cernelic.hr\/en\/wp-json\/wp\/v2\/product_brand?post=123241"},{"taxonomy":"product_cat","embeddable":true,"href":"https:\/\/cernelic.hr\/en\/wp-json\/wp\/v2\/product_cat?post=123241"},{"taxonomy":"product_tag","embeddable":true,"href":"https:\/\/cernelic.hr\/en\/wp-json\/wp\/v2\/product_tag?post=123241"},{"taxonomy":"berocket_brand","embeddable":true,"href":"https:\/\/cernelic.hr\/en\/wp-json\/wp\/v2\/berocket_brand?post=123241"}],"curies":[{"name":"wp","href":"https:\/\/api.w.org\/{rel}","templated":true}]}}