{"id":123242,"date":"2022-08-21T21:05:31","date_gmt":"2022-08-21T21:05:31","guid":{"rendered":"https:\/\/cernelic.hr\/proizvod\/tronoga-by-cernelic\/"},"modified":"2023-12-08T10:07:18","modified_gmt":"2023-12-08T10:07:18","slug":"fira-out-by-bt","status":"publish","type":"product","link":"https:\/\/cernelic.hr\/en\/proizvod\/fira-out-by-bt\/","title":{"rendered":"FIRA OUT by B&amp;T"},"content":{"rendered":"<p>Preuzimaju\u0107i svoj \u0161arm iz svoje skromne i jednostavne forme, \u010cerneli\u0107 TRONOGA nudi prednost uparivanja sa stolicama razli\u010ditih stilova. Jednokratna primjena u malim prostorima zahvaljuju\u0107i zauzimanju malog mjesta ili vi\u0161ekratna primjena u velikim vrtovima, terasama, restoranima i recepcijama, te laka primjenjivost u svakom prostoru upotpunosti stavlja naglasak na funkcionalnost.<\/p>\n","protected":false},"excerpt":{"rendered":"<p>Preuzimaju\u0107i svoj \u0161arm iz svoje skromne i jednostavne forme, \u010cerneli\u0107 TRONOGA nudi prednost uparivanja sa stolicama razli\u010ditih stilova. Jednokratna primjena u malim prostorima zahvaljuju\u0107i zauzimanju malog mjesta ili vi\u0161ekratna primjena u velikim vrtovima, terasama, restoranima i recepcijama, te laka primjenjivost u svakom prostoru upotpunosti stavlja naglasak na funkcionalnost.<\/p>\n","protected":false},"featured_media":122380,"template":"","meta":{"_acf_changed":false},"product_brand":[],"product_cat":[3041,2105,2513,2061,2068,2073,2118,3141,3135,3140,3215,3216],"product_tag":[],"berocket_brand":[1324],"class_list":{"0":"post-123242","1":"product","2":"type-product","3":"status-publish","4":"has-post-thumbnail","6":"product_cat-horeca-prostori","7":"product_cat-javni","8":"product_cat-outdoor","9":"product_cat-proizvodi","10":"product_cat-prostori","11":"product_cat-rezidencijalni","12":"product_cat-stolovi","13":"product_cat-stolovi-outdoor","14":"product_cat-stolovi-za-vanjske-prostore","15":"product_cat-stolovi-za-vanjske-prostore-javni","16":"product_cat-stolovi-za-vanjske-prostore-stolovi","17":"product_cat-stolovi-za-vanjske-prostore-rezidencijalni","18":"berocket_brand-bt","20":"first","21":"instock","22":"product-type-grouped"},"acf":[],"_links":{"self":[{"href":"https:\/\/cernelic.hr\/en\/wp-json\/wp\/v2\/product\/123242","targetHints":{"allow":["GET"]}}],"collection":[{"href":"https:\/\/cernelic.hr\/en\/wp-json\/wp\/v2\/product"}],"about":[{"href":"https:\/\/cernelic.hr\/en\/wp-json\/wp\/v2\/types\/product"}],"wp:featuredmedia":[{"embeddable":true,"href":"https:\/\/cernelic.hr\/en\/wp-json\/wp\/v2\/media\/122380"}],"wp:attachment":[{"href":"https:\/\/cernelic.hr\/en\/wp-json\/wp\/v2\/media?parent=123242"}],"wp:term":[{"taxonomy":"product_brand","embeddable":true,"href":"https:\/\/cernelic.hr\/en\/wp-json\/wp\/v2\/product_brand?post=123242"},{"taxonomy":"product_cat","embeddable":true,"href":"https:\/\/cernelic.hr\/en\/wp-json\/wp\/v2\/product_cat?post=123242"},{"taxonomy":"product_tag","embeddable":true,"href":"https:\/\/cernelic.hr\/en\/wp-json\/wp\/v2\/product_tag?post=123242"},{"taxonomy":"berocket_brand","embeddable":true,"href":"https:\/\/cernelic.hr\/en\/wp-json\/wp\/v2\/berocket_brand?post=123242"}],"curies":[{"name":"wp","href":"https:\/\/api.w.org\/{rel}","templated":true}]}}