{"id":123243,"date":"2022-08-21T21:05:49","date_gmt":"2022-08-21T21:05:49","guid":{"rendered":"https:\/\/cernelic.hr\/proizvod\/trovrha-by-cernelic\/"},"modified":"2023-12-08T10:07:20","modified_gmt":"2023-12-08T10:07:20","slug":"tori-oute-by-bt","status":"publish","type":"product","link":"https:\/\/cernelic.hr\/en\/proizvod\/tori-oute-by-bt\/","title":{"rendered":"TORI OUT by B&amp;T"},"content":{"rendered":"<p>Svojom elegantnom i upe\u010datljivom siluetom, \u010cerneli\u0107 blagovaonski stol TROVRHA ugo\u0161\u0107uje originalne, dinami\u010dne i zabavne sastanke na otvorenom. Njegova dva glavna modela s okruglim i pravokutnim iroko drvom te opcijom tehni\u010dkog kamena za stol te njegovim jednostrukim ili dvostrukim osmerokutnim aluminijskim nogama, ovisno o obliku i veli\u010dini, pokazuju dovr\u0161ene detalje njegovog neobi\u010dnog dizajna kroz njegovu savr\u0161enu izradu i sna\u017ean estetski jezik.<\/p>\n","protected":false},"excerpt":{"rendered":"<p>Svojom elegantnom i upe\u010datljivom siluetom, \u010cerneli\u0107 blagovaonski stol TROVRHA ugo\u0161\u0107uje originalne, dinami\u010dne i zabavne sastanke na otvorenom. Njegova dva glavna modela s okruglim i pravokutnim iroko drvom te opcijom tehni\u010dkog kamena za stol te njegovim jednostrukim ili dvostrukim osmerokutnim aluminijskim nogama, ovisno o obliku i veli\u010dini, pokazuju dovr\u0161ene detalje njegovog neobi\u010dnog dizajna kroz njegovu savr\u0161enu [&hellip;]<\/p>\n","protected":false},"featured_media":122381,"template":"","meta":{"_acf_changed":false},"product_brand":[],"product_cat":[3041,2105,2513,2061,2068,2073,2118,3141,3140,3215,3216,3135],"product_tag":[],"berocket_brand":[1324],"class_list":{"0":"post-123243","1":"product","2":"type-product","3":"status-publish","4":"has-post-thumbnail","6":"product_cat-horeca-prostori","7":"product_cat-javni","8":"product_cat-outdoor","9":"product_cat-proizvodi","10":"product_cat-prostori","11":"product_cat-rezidencijalni","12":"product_cat-stolovi","13":"product_cat-stolovi-outdoor","14":"product_cat-stolovi-za-vanjske-prostore-javni","15":"product_cat-stolovi-za-vanjske-prostore-stolovi","16":"product_cat-stolovi-za-vanjske-prostore-rezidencijalni","17":"product_cat-stolovi-za-vanjske-prostore","18":"berocket_brand-bt","20":"first","21":"instock","22":"product-type-grouped"},"acf":[],"_links":{"self":[{"href":"https:\/\/cernelic.hr\/en\/wp-json\/wp\/v2\/product\/123243","targetHints":{"allow":["GET"]}}],"collection":[{"href":"https:\/\/cernelic.hr\/en\/wp-json\/wp\/v2\/product"}],"about":[{"href":"https:\/\/cernelic.hr\/en\/wp-json\/wp\/v2\/types\/product"}],"wp:featuredmedia":[{"embeddable":true,"href":"https:\/\/cernelic.hr\/en\/wp-json\/wp\/v2\/media\/122381"}],"wp:attachment":[{"href":"https:\/\/cernelic.hr\/en\/wp-json\/wp\/v2\/media?parent=123243"}],"wp:term":[{"taxonomy":"product_brand","embeddable":true,"href":"https:\/\/cernelic.hr\/en\/wp-json\/wp\/v2\/product_brand?post=123243"},{"taxonomy":"product_cat","embeddable":true,"href":"https:\/\/cernelic.hr\/en\/wp-json\/wp\/v2\/product_cat?post=123243"},{"taxonomy":"product_tag","embeddable":true,"href":"https:\/\/cernelic.hr\/en\/wp-json\/wp\/v2\/product_tag?post=123243"},{"taxonomy":"berocket_brand","embeddable":true,"href":"https:\/\/cernelic.hr\/en\/wp-json\/wp\/v2\/berocket_brand?post=123243"}],"curies":[{"name":"wp","href":"https:\/\/api.w.org\/{rel}","templated":true}]}}