{"id":123245,"date":"2022-08-21T21:06:09","date_gmt":"2022-08-21T21:06:09","guid":{"rendered":"https:\/\/cernelic.hr\/proizvod\/plane-out-by-cernelic\/"},"modified":"2023-12-08T10:07:07","modified_gmt":"2023-12-08T10:07:07","slug":"fly-out-by-bt","status":"publish","type":"product","link":"https:\/\/cernelic.hr\/en\/proizvod\/fly-out-by-bt\/","title":{"rendered":"FLY OUT by B&amp;T"},"content":{"rendered":"<p>Sa svojim vrlo elegantnim i minimalisti\u010dkim dizajnom, obitelj PLANE OUT stoli\u0107a za kavu unosi osje\u0107aj lako\u0107e u prostorije u kojem se nalazi i donosi udobnost i jednostavnost na otvorenom.<br \/>\nNjegove tanke, metalne noge cilindri\u010dnog oblika, koje obuhva\u0107aju i u\u010dvr\u0161\u0107uju njegov gornji dio, savijaju i zaokru\u017euju njegov linearni oblik. S razli\u010ditim oblicima, te razli\u010ditim visinama, obitelj stoli\u0107a za nisko sjedenje PLANE OUT idealni su za prostore koji zahtijevaju udobnost i lako\u0107u.<\/p>\n","protected":false},"excerpt":{"rendered":"<p>Sa svojim vrlo elegantnim i minimalisti\u010dkim dizajnom, obitelj PLANE OUT stoli\u0107a za kavu unosi osje\u0107aj lako\u0107e u prostorije u kojem se nalazi i donosi udobnost i jednostavnost na otvorenom. Njegove tanke, metalne noge cilindri\u010dnog oblika, koje obuhva\u0107aju i u\u010dvr\u0161\u0107uju njegov gornji dio, savijaju i zaokru\u017euju njegov linearni oblik. S razli\u010ditim oblicima, te razli\u010ditim visinama, obitelj [&hellip;]<\/p>\n","protected":false},"featured_media":122375,"template":"","meta":{"_acf_changed":false},"product_brand":[],"product_cat":[3041,2105,3136,3129,2513,2061,2068,2073,3141,2118,3135,3140],"product_tag":[],"berocket_brand":[1324],"class_list":{"0":"post-123245","1":"product","2":"type-product","3":"status-publish","4":"has-post-thumbnail","6":"product_cat-horeca-prostori","7":"product_cat-javni","8":"product_cat-niski-klubski-stolici-za-vanjske-prostore","9":"product_cat-niski-stolovi-vanjske-prostore","10":"product_cat-outdoor","11":"product_cat-proizvodi","12":"product_cat-prostori","13":"product_cat-rezidencijalni","14":"product_cat-stolovi-outdoor","15":"product_cat-stolovi","16":"product_cat-stolovi-za-vanjske-prostore","17":"product_cat-stolovi-za-vanjske-prostore-javni","18":"berocket_brand-bt","20":"first","21":"instock","22":"product-type-grouped"},"acf":[],"_links":{"self":[{"href":"https:\/\/cernelic.hr\/en\/wp-json\/wp\/v2\/product\/123245","targetHints":{"allow":["GET"]}}],"collection":[{"href":"https:\/\/cernelic.hr\/en\/wp-json\/wp\/v2\/product"}],"about":[{"href":"https:\/\/cernelic.hr\/en\/wp-json\/wp\/v2\/types\/product"}],"wp:featuredmedia":[{"embeddable":true,"href":"https:\/\/cernelic.hr\/en\/wp-json\/wp\/v2\/media\/122375"}],"wp:attachment":[{"href":"https:\/\/cernelic.hr\/en\/wp-json\/wp\/v2\/media?parent=123245"}],"wp:term":[{"taxonomy":"product_brand","embeddable":true,"href":"https:\/\/cernelic.hr\/en\/wp-json\/wp\/v2\/product_brand?post=123245"},{"taxonomy":"product_cat","embeddable":true,"href":"https:\/\/cernelic.hr\/en\/wp-json\/wp\/v2\/product_cat?post=123245"},{"taxonomy":"product_tag","embeddable":true,"href":"https:\/\/cernelic.hr\/en\/wp-json\/wp\/v2\/product_tag?post=123245"},{"taxonomy":"berocket_brand","embeddable":true,"href":"https:\/\/cernelic.hr\/en\/wp-json\/wp\/v2\/berocket_brand?post=123245"}],"curies":[{"name":"wp","href":"https:\/\/api.w.org\/{rel}","templated":true}]}}