{"id":123246,"date":"2022-08-21T21:06:09","date_gmt":"2022-08-21T21:06:09","guid":{"rendered":"https:\/\/cernelic.hr\/proizvod\/gb-modular-by-gandiablasco\/"},"modified":"2023-12-08T10:07:33","modified_gmt":"2023-12-08T10:07:33","slug":"gb-modular-by-gandiablasco","status":"publish","type":"product","link":"https:\/\/cernelic.hr\/en\/proizvod\/gb-modular-by-gandiablasco\/","title":{"rendered":"GB MODULAR by Gandia Blasco"},"content":{"rendered":"<p>Posebnost ove Gandia Blasco kolekcije le\u017ei u ravnote\u017ei me\u0111u profilima, \u0161to je omogu\u0107eno putem aluminijskih plo\u010da u beskona\u010dnim dimenzijama i izgradnju konstrukcija pomo\u0107u inovativnog konstrukcijskog sustava koji se sastoji od aluminijskog \u010dvora i vijaka od nehr\u0111aju\u0107eg \u010delika.<\/p>\n","protected":false},"excerpt":{"rendered":"<p>Posebnost ove Gandia Blasco kolekcije le\u017ei u ravnote\u017ei me\u0111u profilima, \u0161to je omogu\u0107eno putem aluminijskih plo\u010da u beskona\u010dnim dimenzijama i izgradnju konstrukcija pomo\u0107u inovativnog konstrukcijskog sustava koji se sastoji od aluminijskog \u010dvora i vijaka od nehr\u0111aju\u0107eg \u010delika.<\/p>\n","protected":false},"featured_media":122386,"template":"","meta":{"_acf_changed":false},"product_brand":[],"product_cat":[3116,3041,2105,3127,3133,2513,2061,2068,2073,3112,3108,3109,3113,3115,2118,3141,3134,3181,3182,3139,3215,3140,3216,3135],"product_tag":[],"berocket_brand":[3224],"class_list":{"0":"post-123246","1":"product","2":"type-product","3":"status-publish","4":"has-post-thumbnail","6":"product_cat-fotelje-garniture-proizvodi","7":"product_cat-horeca-prostori","8":"product_cat-javni","9":"product_cat-klupe-i-separei","10":"product_cat-klupe-i-separei-horeca-prostori","11":"product_cat-outdoor","12":"product_cat-proizvodi","13":"product_cat-prostori","14":"product_cat-rezidencijalni","15":"product_cat-stolice-za-unutarnje-prostore-javni","16":"product_cat-stolice-za-unutarnje-prostore-rezidencijalni","17":"product_cat-stolice-za-vanjske-prostore-rezidencijalni","18":"product_cat-stolice-za-vanjske-prostore-javni","19":"product_cat-stolice-za-vanjske-prostore-outdoor","20":"product_cat-stolovi","21":"product_cat-stolovi-outdoor","22":"product_cat-stolovi-za-unutarnje-prostore-horeca-prostori","23":"product_cat-stolovi-za-unutarnje-prostore-stolovi","24":"product_cat-stolovi-za-unutarnje-prostore-rezidencijalni","25":"product_cat-stolovi-za-unutarnje-prostore-javni","26":"product_cat-stolovi-za-vanjske-prostore-stolovi","27":"product_cat-stolovi-za-vanjske-prostore-javni","28":"product_cat-stolovi-za-vanjske-prostore-rezidencijalni","29":"product_cat-stolovi-za-vanjske-prostore","30":"berocket_brand-gandiablasco","32":"first","33":"instock","34":"product-type-grouped"},"acf":[],"_links":{"self":[{"href":"https:\/\/cernelic.hr\/en\/wp-json\/wp\/v2\/product\/123246","targetHints":{"allow":["GET"]}}],"collection":[{"href":"https:\/\/cernelic.hr\/en\/wp-json\/wp\/v2\/product"}],"about":[{"href":"https:\/\/cernelic.hr\/en\/wp-json\/wp\/v2\/types\/product"}],"wp:featuredmedia":[{"embeddable":true,"href":"https:\/\/cernelic.hr\/en\/wp-json\/wp\/v2\/media\/122386"}],"wp:attachment":[{"href":"https:\/\/cernelic.hr\/en\/wp-json\/wp\/v2\/media?parent=123246"}],"wp:term":[{"taxonomy":"product_brand","embeddable":true,"href":"https:\/\/cernelic.hr\/en\/wp-json\/wp\/v2\/product_brand?post=123246"},{"taxonomy":"product_cat","embeddable":true,"href":"https:\/\/cernelic.hr\/en\/wp-json\/wp\/v2\/product_cat?post=123246"},{"taxonomy":"product_tag","embeddable":true,"href":"https:\/\/cernelic.hr\/en\/wp-json\/wp\/v2\/product_tag?post=123246"},{"taxonomy":"berocket_brand","embeddable":true,"href":"https:\/\/cernelic.hr\/en\/wp-json\/wp\/v2\/berocket_brand?post=123246"}],"curies":[{"name":"wp","href":"https:\/\/api.w.org\/{rel}","templated":true}]}}