{"id":123247,"date":"2022-08-21T21:06:28","date_gmt":"2022-08-21T21:06:28","guid":{"rendered":"https:\/\/cernelic.hr\/proizvod\/picnic-by-gandiablasco-2\/"},"modified":"2023-12-08T10:07:38","modified_gmt":"2023-12-08T10:07:38","slug":"picnic-by-gandiablasco-2","status":"publish","type":"product","link":"https:\/\/cernelic.hr\/en\/proizvod\/picnic-by-gandiablasco-2\/","title":{"rendered":"PICNIC by Gandia Blasco"},"content":{"rendered":"<p>Gandiablasco \u201ePicnic\u201c pobolj\u0161ana je verzija tradicionalne sklopive le\u017ealjke za pla\u017eu. Uz lak\u0161i i izdr\u017eljiviji dizajn koji olak\u0161ava no\u0161enje na pla\u017eu ili u park, \u201ePicnic\u201c se mo\u017ee trajno ostaviti vani na svim vremenskim uvjetima. Idealan je suputnik za u\u017eivanje u danu na otvorenom i za lounge sjedenje. Sklopiv je i vrlo jednostavan za no\u0161enje.<\/p>\n","protected":false},"excerpt":{"rendered":"<p>Gandiablasco \u201ePicnic\u201c pobolj\u0161ana je verzija tradicionalne sklopive le\u017ealjke za pla\u017eu. Uz lak\u0161i i izdr\u017eljiviji dizajn koji olak\u0161ava no\u0161enje na pla\u017eu ili u park, \u201ePicnic\u201c se mo\u017ee trajno ostaviti vani na svim vremenskim uvjetima. Idealan je suputnik za u\u017eivanje u danu na otvorenom i za lounge sjedenje. Sklopiv je i vrlo jednostavan za no\u0161enje.<\/p>\n","protected":false},"featured_media":122388,"template":"","meta":{"_acf_changed":false},"product_brand":[],"product_cat":[3041,2105,3225,3226,2513,2061,2068,2073,2087,3105,3109,3113,3115,3101],"product_tag":[],"berocket_brand":[3224],"class_list":{"0":"post-123247","1":"product","2":"type-product","3":"status-publish","4":"has-post-thumbnail","6":"product_cat-horeca-prostori","7":"product_cat-javni","8":"product_cat-lezaljke-horeca-prostori","9":"product_cat-lezaljke-rezidencijalni","10":"product_cat-outdoor","11":"product_cat-proizvodi","12":"product_cat-prostori","13":"product_cat-rezidencijalni","14":"product_cat-stolice","15":"product_cat-stolice-za-vanjske-prostore-horeca-prostori","16":"product_cat-stolice-za-vanjske-prostore-rezidencijalni","17":"product_cat-stolice-za-vanjske-prostore-javni","18":"product_cat-stolice-za-vanjske-prostore-outdoor","19":"product_cat-stolice-za-vanjske-prostore","20":"berocket_brand-gandiablasco","22":"first","23":"instock","24":"product-type-grouped"},"acf":[],"_links":{"self":[{"href":"https:\/\/cernelic.hr\/en\/wp-json\/wp\/v2\/product\/123247","targetHints":{"allow":["GET"]}}],"collection":[{"href":"https:\/\/cernelic.hr\/en\/wp-json\/wp\/v2\/product"}],"about":[{"href":"https:\/\/cernelic.hr\/en\/wp-json\/wp\/v2\/types\/product"}],"wp:featuredmedia":[{"embeddable":true,"href":"https:\/\/cernelic.hr\/en\/wp-json\/wp\/v2\/media\/122388"}],"wp:attachment":[{"href":"https:\/\/cernelic.hr\/en\/wp-json\/wp\/v2\/media?parent=123247"}],"wp:term":[{"taxonomy":"product_brand","embeddable":true,"href":"https:\/\/cernelic.hr\/en\/wp-json\/wp\/v2\/product_brand?post=123247"},{"taxonomy":"product_cat","embeddable":true,"href":"https:\/\/cernelic.hr\/en\/wp-json\/wp\/v2\/product_cat?post=123247"},{"taxonomy":"product_tag","embeddable":true,"href":"https:\/\/cernelic.hr\/en\/wp-json\/wp\/v2\/product_tag?post=123247"},{"taxonomy":"berocket_brand","embeddable":true,"href":"https:\/\/cernelic.hr\/en\/wp-json\/wp\/v2\/berocket_brand?post=123247"}],"curies":[{"name":"wp","href":"https:\/\/api.w.org\/{rel}","templated":true}]}}