{"id":123249,"date":"2022-08-21T21:06:48","date_gmt":"2022-08-21T21:06:48","guid":{"rendered":"https:\/\/cernelic.hr\/proizvod\/onsen-by-gandiablasco\/"},"modified":"2023-12-08T11:25:38","modified_gmt":"2023-12-08T11:25:38","slug":"onsen-by-gandiablasco","status":"publish","type":"product","link":"https:\/\/cernelic.hr\/en\/proizvod\/onsen-by-gandiablasco\/","title":{"rendered":"ONSEN by Gandia Blasco"},"content":{"rendered":"<p>Geometrija Gandia Blasco komada ONSEN zamjenjuje bezpotrebne povr\u0161ne ukrase i sljeva se u interakciju s golotinjom prostora, njegovom brutalisti\u010dkom estetikom, oboga\u0107uju\u0107i volumen i osje\u0107aj beskona\u010dnosti koji je nadahnuo Xaviera Corber\u00f3a i stvaraju\u0107i posebne vanjske prostore u kojima mo\u017eete u\u017eivati u \u017eeljenoj sun\u010devoj svjetlosti dok vas nadahnuju nove ideje za ure\u0111enje.<\/p>\n","protected":false},"excerpt":{"rendered":"<p>Geometrija Gandia Blasco komada ONSEN zamjenjuje bezpotrebne povr\u0161ne ukrase i sljeva se u interakciju s golotinjom prostora, njegovom brutalisti\u010dkom estetikom, oboga\u0107uju\u0107i volumen i osje\u0107aj beskona\u010dnosti koji je nadahnuo Xaviera Corber\u00f3a i stvaraju\u0107i posebne vanjske prostore u kojima mo\u017eete u\u017eivati u \u017eeljenoj sun\u010devoj svjetlosti dok vas nadahnuju nove ideje za ure\u0111enje.<\/p>\n","protected":false},"featured_media":126593,"template":"","meta":{"_acf_changed":false},"product_brand":[],"product_cat":[2111,3116,3211,3212,3214,3213,3209,3210,3041,2105,3136,3129,2513,2061,2068,2073,3141,2118,3139,3135,3128],"product_tag":[],"berocket_brand":[3224],"class_list":{"0":"post-123249","1":"product","2":"type-product","3":"status-publish","4":"has-post-thumbnail","6":"product_cat-dvorane","7":"product_cat-fotelje-garniture-proizvodi","8":"product_cat-fotelje-i-garniture-vanjske-prostore","9":"product_cat-fotelje-i-garniture-vanjske-prostore-javni","10":"product_cat-fotelje-i-garniture-vanjske-prostore-outdoor","11":"product_cat-fotelje-i-garniture-za-vanjske-prostore-dvorane","12":"product_cat-fotelje-i-garniture-za-vanjske-prostore","13":"product_cat-fotelje-i-garniture-za-vanjske-prostore-horeca-prostori","14":"product_cat-horeca-prostori","15":"product_cat-javni","16":"product_cat-niski-klubski-stolici-za-vanjske-prostore","17":"product_cat-niski-stolovi-vanjske-prostore","18":"product_cat-outdoor","19":"product_cat-proizvodi","20":"product_cat-prostori","21":"product_cat-rezidencijalni","22":"product_cat-stolovi-outdoor","23":"product_cat-stolovi","24":"product_cat-stolovi-za-unutarnje-prostore-javni","25":"product_cat-stolovi-za-vanjske-prostore","26":"product_cat-taburei-fotelje-garniture-proizvodi","27":"berocket_brand-gandiablasco","29":"first","30":"instock","31":"product-type-grouped"},"acf":[],"_links":{"self":[{"href":"https:\/\/cernelic.hr\/en\/wp-json\/wp\/v2\/product\/123249","targetHints":{"allow":["GET"]}}],"collection":[{"href":"https:\/\/cernelic.hr\/en\/wp-json\/wp\/v2\/product"}],"about":[{"href":"https:\/\/cernelic.hr\/en\/wp-json\/wp\/v2\/types\/product"}],"wp:featuredmedia":[{"embeddable":true,"href":"https:\/\/cernelic.hr\/en\/wp-json\/wp\/v2\/media\/126593"}],"wp:attachment":[{"href":"https:\/\/cernelic.hr\/en\/wp-json\/wp\/v2\/media?parent=123249"}],"wp:term":[{"taxonomy":"product_brand","embeddable":true,"href":"https:\/\/cernelic.hr\/en\/wp-json\/wp\/v2\/product_brand?post=123249"},{"taxonomy":"product_cat","embeddable":true,"href":"https:\/\/cernelic.hr\/en\/wp-json\/wp\/v2\/product_cat?post=123249"},{"taxonomy":"product_tag","embeddable":true,"href":"https:\/\/cernelic.hr\/en\/wp-json\/wp\/v2\/product_tag?post=123249"},{"taxonomy":"berocket_brand","embeddable":true,"href":"https:\/\/cernelic.hr\/en\/wp-json\/wp\/v2\/berocket_brand?post=123249"}],"curies":[{"name":"wp","href":"https:\/\/api.w.org\/{rel}","templated":true}]}}