{"id":123250,"date":"2022-08-21T21:06:48","date_gmt":"2022-08-21T21:06:48","guid":{"rendered":"https:\/\/cernelic.hr\/proizvod\/amai-by-extremis\/"},"modified":"2023-12-08T10:08:14","modified_gmt":"2023-12-08T10:08:14","slug":"amai-by-extremis","status":"publish","type":"product","link":"https:\/\/cernelic.hr\/en\/proizvod\/amai-by-extremis\/","title":{"rendered":"AMAi by Extremis"},"content":{"rendered":"<p>&#8220;Fleksibilnost u svom najboljem izdanju.<br \/>\n\u201eAMAi\u201c je fleksibilnost koju \u017eelite, cijelo vrijeme, u zatvorenom i na otvorenom. Dva bo\u010dna okvira u obliku slova A pru\u017eaju \u010dvrstu konstrukciju u kojoj vi\u0161enamjenska magija pronalazi svoju svrhu. Izme\u0111u ovih okvira mo\u017eete postaviti povr\u0161inu stola u dvije visine: standardnu ili visoku. Zahvaljuju\u0107i inovativnom dizajnu, \u010dak i jedna osoba mo\u017ee glatko pomaknuti plo\u010du stola iz \u201evisine sjedenja\u201c u \u201evisinu za stajanje\u201c i obrnuto.<br \/>\nGornji dio okvira mo\u017ee imati opcionalna LED svjetla i\/ili utika\u010de. Dodajte zaklon koji \u0107e poslu\u017eiti kao za\u0161tita od sunca ili od lagane ki\u0161e. Jedan \u201eAMAi\u201c osigurava mjesto za osam osoba, a stajati mo\u017ee \u010dak i vi\u0161e. Tri komada u kombinaciji lako okupljaju mali orkestar!&#8221;<\/p>\n","protected":false},"excerpt":{"rendered":"<p>&#8220;Fleksibilnost u svom najboljem izdanju. \u201eAMAi\u201c je fleksibilnost koju \u017eelite, cijelo vrijeme, u zatvorenom i na otvorenom. Dva bo\u010dna okvira u obliku slova A pru\u017eaju \u010dvrstu konstrukciju u kojoj vi\u0161enamjenska magija pronalazi svoju svrhu. Izme\u0111u ovih okvira mo\u017eete postaviti povr\u0161inu stola u dvije visine: standardnu ili visoku. Zahvaljuju\u0107i inovativnom dizajnu, \u010dak i jedna osoba mo\u017ee [&hellip;]<\/p>\n","protected":false},"featured_media":123285,"template":"","meta":{"_acf_changed":false},"product_brand":[],"product_cat":[3221,3116,3214,3041,2105,3127,3133,2963,3131,2085,2513,2061,2964,2068,2073,2118,3141,3134,3182,3139,3135,3215,3140,3216,2986,2092,3217,3218,3230,3231,3232,2218,3229],"product_tag":[],"berocket_brand":[3233],"class_list":{"0":"post-123250","1":"product","2":"type-product","3":"status-publish","4":"has-post-thumbnail","6":"product_cat-co-working-namjestaj","7":"product_cat-fotelje-garniture-proizvodi","8":"product_cat-fotelje-i-garniture-vanjske-prostore-outdoor","9":"product_cat-horeca-prostori","10":"product_cat-javni","11":"product_cat-klupe-i-separei","12":"product_cat-klupe-i-separei-horeca-prostori","13":"product_cat-kuhinje","14":"product_cat-namjestaj-za-neformalne-sastanke-i-druzenje","15":"product_cat-namjestaj-za-urede","16":"product_cat-outdoor","17":"product_cat-proizvodi","18":"product_cat-kuhinje-za-stambene-prostore","19":"product_cat-prostori","20":"product_cat-rezidencijalni","21":"product_cat-stolovi","22":"product_cat-stolovi-outdoor","23":"product_cat-stolovi-za-unutarnje-prostore-horeca-prostori","24":"product_cat-stolovi-za-unutarnje-prostore-rezidencijalni","25":"product_cat-stolovi-za-unutarnje-prostore-javni","26":"product_cat-stolovi-za-vanjske-prostore","27":"product_cat-stolovi-za-vanjske-prostore-stolovi","28":"product_cat-stolovi-za-vanjske-prostore-javni","29":"product_cat-stolovi-za-vanjske-prostore-rezidencijalni","30":"product_cat-tende","31":"product_cat-uredi","32":"product_cat-visoki-barski-stolovi-vanjske-prostore","33":"product_cat-visoki-barski-stolovi-za-unutarnje-prostore","34":"product_cat-zastita-od-sunca-rezidencijalni","35":"product_cat-zastita-od-sunca-javni","36":"product_cat-zastita-od-sunca-outdoor","37":"product_cat-zastita-od-sunca","38":"product_cat-zastita-od-sunca-horeca-prostori","39":"berocket_brand-extremis","41":"first","42":"instock","43":"product-type-grouped"},"acf":[],"_links":{"self":[{"href":"https:\/\/cernelic.hr\/en\/wp-json\/wp\/v2\/product\/123250","targetHints":{"allow":["GET"]}}],"collection":[{"href":"https:\/\/cernelic.hr\/en\/wp-json\/wp\/v2\/product"}],"about":[{"href":"https:\/\/cernelic.hr\/en\/wp-json\/wp\/v2\/types\/product"}],"wp:featuredmedia":[{"embeddable":true,"href":"https:\/\/cernelic.hr\/en\/wp-json\/wp\/v2\/media\/123285"}],"wp:attachment":[{"href":"https:\/\/cernelic.hr\/en\/wp-json\/wp\/v2\/media?parent=123250"}],"wp:term":[{"taxonomy":"product_brand","embeddable":true,"href":"https:\/\/cernelic.hr\/en\/wp-json\/wp\/v2\/product_brand?post=123250"},{"taxonomy":"product_cat","embeddable":true,"href":"https:\/\/cernelic.hr\/en\/wp-json\/wp\/v2\/product_cat?post=123250"},{"taxonomy":"product_tag","embeddable":true,"href":"https:\/\/cernelic.hr\/en\/wp-json\/wp\/v2\/product_tag?post=123250"},{"taxonomy":"berocket_brand","embeddable":true,"href":"https:\/\/cernelic.hr\/en\/wp-json\/wp\/v2\/berocket_brand?post=123250"}],"curies":[{"name":"wp","href":"https:\/\/api.w.org\/{rel}","templated":true}]}}