{"id":123252,"date":"2022-08-21T21:07:07","date_gmt":"2022-08-21T21:07:07","guid":{"rendered":"https:\/\/cernelic.hr\/proizvod\/acacia-by-extremis\/"},"modified":"2023-12-08T10:08:10","modified_gmt":"2023-12-08T10:08:10","slug":"acacia-by-extremis","status":"publish","type":"product","link":"https:\/\/cernelic.hr\/en\/proizvod\/acacia-by-extremis\/","title":{"rendered":"ACACIA by Extremis"},"content":{"rendered":"<p>Ovi kompaktni, asimetri\u010dni suncobrani u obliku bagrema odgovaraju ograni\u010denim prostorima poput balkona ili male terase. Pametan dizajn omogu\u0107uje Vam da stvorite hladovinu puno ve\u0107eg suncobrana sa znatno smanjenom povr\u0161inom. Dodatna vanjska rasvjeta ispod platna odr\u017eava dnevnu svjetlost malo du\u017ee nakon zalaska sunca. Umjesto zatvaranja, jednostavno uklonite platno i spremite ga u vre\u0107icu.<\/p>\n","protected":false},"excerpt":{"rendered":"<p>Ovi kompaktni, asimetri\u010dni suncobrani u obliku bagrema odgovaraju ograni\u010denim prostorima poput balkona ili male terase. Pametan dizajn omogu\u0107uje Vam da stvorite hladovinu puno ve\u0107eg suncobrana sa znatno smanjenom povr\u0161inom. Dodatna vanjska rasvjeta ispod platna odr\u017eava dnevnu svjetlost malo du\u017ee nakon zalaska sunca. Umjesto zatvaranja, jednostavno uklonite platno i spremite ga u vre\u0107icu.<\/p>\n","protected":false},"featured_media":123284,"template":"","meta":{"_acf_changed":false},"product_brand":[],"product_cat":[2111,3041,2105,2513,2061,2219,2068,2073,3232,2218,3229,3235,3230,3231],"product_tag":[],"berocket_brand":[3233],"class_list":{"0":"post-123252","1":"product","2":"type-product","3":"status-publish","4":"has-post-thumbnail","6":"product_cat-dvorane","7":"product_cat-horeca-prostori","8":"product_cat-javni","9":"product_cat-outdoor","10":"product_cat-proizvodi","11":"product_cat-proizvodi-zastita-od-sunca-suncobrani","12":"product_cat-prostori","13":"product_cat-rezidencijalni","14":"product_cat-zastita-od-sunca-outdoor","15":"product_cat-zastita-od-sunca","16":"product_cat-zastita-od-sunca-horeca-prostori","17":"product_cat-zastita-od-sunca-dvorane","18":"product_cat-zastita-od-sunca-rezidencijalni","19":"product_cat-zastita-od-sunca-javni","20":"berocket_brand-extremis","22":"first","23":"instock","24":"product-type-grouped"},"acf":[],"_links":{"self":[{"href":"https:\/\/cernelic.hr\/en\/wp-json\/wp\/v2\/product\/123252","targetHints":{"allow":["GET"]}}],"collection":[{"href":"https:\/\/cernelic.hr\/en\/wp-json\/wp\/v2\/product"}],"about":[{"href":"https:\/\/cernelic.hr\/en\/wp-json\/wp\/v2\/types\/product"}],"wp:featuredmedia":[{"embeddable":true,"href":"https:\/\/cernelic.hr\/en\/wp-json\/wp\/v2\/media\/123284"}],"wp:attachment":[{"href":"https:\/\/cernelic.hr\/en\/wp-json\/wp\/v2\/media?parent=123252"}],"wp:term":[{"taxonomy":"product_brand","embeddable":true,"href":"https:\/\/cernelic.hr\/en\/wp-json\/wp\/v2\/product_brand?post=123252"},{"taxonomy":"product_cat","embeddable":true,"href":"https:\/\/cernelic.hr\/en\/wp-json\/wp\/v2\/product_cat?post=123252"},{"taxonomy":"product_tag","embeddable":true,"href":"https:\/\/cernelic.hr\/en\/wp-json\/wp\/v2\/product_tag?post=123252"},{"taxonomy":"berocket_brand","embeddable":true,"href":"https:\/\/cernelic.hr\/en\/wp-json\/wp\/v2\/berocket_brand?post=123252"}],"curies":[{"name":"wp","href":"https:\/\/api.w.org\/{rel}","templated":true}]}}