{"id":123253,"date":"2022-08-21T21:07:26","date_gmt":"2022-08-21T21:07:26","guid":{"rendered":"https:\/\/cernelic.hr\/proizvod\/anker-by-extremis\/"},"modified":"2023-12-08T10:08:18","modified_gmt":"2023-12-08T10:08:18","slug":"anker-by-extremis","status":"publish","type":"product","link":"https:\/\/cernelic.hr\/en\/proizvod\/anker-by-extremis\/","title":{"rendered":"ANKER by Extremis"},"content":{"rendered":"<p>Extremis \u201eAnker\u201c na\u0161 je odgovor na rastu\u0107u potrebu za optimalnim kori\u0161tenjem prostora. Kompaktni stolovi za vanjsku upotrebu sa 6 sjedala poti\u010du razgovore jedan na jedan, ali svojim izgledom tako\u0111er pozivaju ljude da se okupe. \u010cvrsti okvir je vrlo robustan i otporan na vremenske uvjete.<\/p>\n","protected":false},"excerpt":{"rendered":"<p>Extremis \u201eAnker\u201c na\u0161 je odgovor na rastu\u0107u potrebu za optimalnim kori\u0161tenjem prostora. Kompaktni stolovi za vanjsku upotrebu sa 6 sjedala poti\u010du razgovore jedan na jedan, ali svojim izgledom tako\u0111er pozivaju ljude da se okupe. \u010cvrsti okvir je vrlo robustan i otporan na vremenske uvjete.<\/p>\n","protected":false},"featured_media":123286,"template":"","meta":{"_acf_changed":false},"product_brand":[],"product_cat":[3222,3221,3116,3041,2105,3127,3133,3131,2085,2513,2061,2068,2073,2087,3108,3100,3109,3115,3101,2118,3141,3182,3181,3215,3216,3237,2092],"product_tag":[],"berocket_brand":[3233],"class_list":{"0":"post-123253","1":"product","2":"type-product","3":"status-publish","4":"has-post-thumbnail","6":"product_cat-co-working-namjestaj-uredi","7":"product_cat-co-working-namjestaj","8":"product_cat-fotelje-garniture-proizvodi","9":"product_cat-horeca-prostori","10":"product_cat-javni","11":"product_cat-klupe-i-separei","12":"product_cat-klupe-i-separei-horeca-prostori","13":"product_cat-namjestaj-za-neformalne-sastanke-i-druzenje","14":"product_cat-namjestaj-za-urede","15":"product_cat-outdoor","16":"product_cat-proizvodi","17":"product_cat-prostori","18":"product_cat-rezidencijalni","19":"product_cat-stolice","20":"product_cat-stolice-za-unutarnje-prostore-rezidencijalni","21":"product_cat-stolice-za-unutarnje-prostore","22":"product_cat-stolice-za-vanjske-prostore-rezidencijalni","23":"product_cat-stolice-za-vanjske-prostore-outdoor","24":"product_cat-stolice-za-vanjske-prostore","25":"product_cat-stolovi","26":"product_cat-stolovi-outdoor","27":"product_cat-stolovi-za-unutarnje-prostore-rezidencijalni","28":"product_cat-stolovi-za-unutarnje-prostore-stolovi","29":"product_cat-stolovi-za-vanjske-prostore-stolovi","30":"product_cat-stolovi-za-vanjske-prostore-rezidencijalni","31":"product_cat-urbana-oprema","32":"product_cat-uredi","33":"berocket_brand-extremis","35":"first","36":"instock","37":"product-type-grouped"},"acf":[],"_links":{"self":[{"href":"https:\/\/cernelic.hr\/en\/wp-json\/wp\/v2\/product\/123253","targetHints":{"allow":["GET"]}}],"collection":[{"href":"https:\/\/cernelic.hr\/en\/wp-json\/wp\/v2\/product"}],"about":[{"href":"https:\/\/cernelic.hr\/en\/wp-json\/wp\/v2\/types\/product"}],"wp:featuredmedia":[{"embeddable":true,"href":"https:\/\/cernelic.hr\/en\/wp-json\/wp\/v2\/media\/123286"}],"wp:attachment":[{"href":"https:\/\/cernelic.hr\/en\/wp-json\/wp\/v2\/media?parent=123253"}],"wp:term":[{"taxonomy":"product_brand","embeddable":true,"href":"https:\/\/cernelic.hr\/en\/wp-json\/wp\/v2\/product_brand?post=123253"},{"taxonomy":"product_cat","embeddable":true,"href":"https:\/\/cernelic.hr\/en\/wp-json\/wp\/v2\/product_cat?post=123253"},{"taxonomy":"product_tag","embeddable":true,"href":"https:\/\/cernelic.hr\/en\/wp-json\/wp\/v2\/product_tag?post=123253"},{"taxonomy":"berocket_brand","embeddable":true,"href":"https:\/\/cernelic.hr\/en\/wp-json\/wp\/v2\/berocket_brand?post=123253"}],"curies":[{"name":"wp","href":"https:\/\/api.w.org\/{rel}","templated":true}]}}