{"id":123255,"date":"2022-08-21T21:07:45","date_gmt":"2022-08-21T21:07:45","guid":{"rendered":"https:\/\/cernelic.hr\/proizvod\/captains-chair-by-extremis\/"},"modified":"2023-12-08T10:08:25","modified_gmt":"2023-12-08T10:08:25","slug":"captains-chair-by-extremis","status":"publish","type":"product","link":"https:\/\/cernelic.hr\/en\/proizvod\/captains-chair-by-extremis\/","title":{"rendered":"CAPTAIN&#8217;S CHAIR by Extremis"},"content":{"rendered":"<p>\u201eThe Captain\u2019s chair\u201c svoje ime duguje svom obliku, koji crpi inspiraciju iz stolica za kormilo za jahte. Ergonomske stolice nude udobnost sjedenja bez premca, a specijalno su pogodne za velike ili visoke ljude. Zahvaljuju\u0107i raznolikosti svog okvira, stolica se mo\u017ee koristiti u svim vrstama okru\u017eenja, poput: terasa, dvori\u0161ta, hotela, restorana, pubova, ureda, blagovaonica, soba za sastanke, barova i salona. Budu\u0107i da ih vjetar mo\u017ee otkotrljati, ne bismo savjetovali kori\u0161tenje opcije okvira kota\u010da na otvorenom.<\/p>\n","protected":false},"excerpt":{"rendered":"<p>\u201eThe Captain\u2019s chair\u201c svoje ime duguje svom obliku, koji crpi inspiraciju iz stolica za kormilo za jahte. Ergonomske stolice nude udobnost sjedenja bez premca, a specijalno su pogodne za velike ili visoke ljude. Zahvaljuju\u0107i raznolikosti svog okvira, stolica se mo\u017ee koristiti u svim vrstama okru\u017eenja, poput: terasa, dvori\u0161ta, hotela, restorana, pubova, ureda, blagovaonica, soba za [&hellip;]<\/p>\n","protected":false},"featured_media":123288,"template":"","meta":{"_acf_changed":false},"product_brand":[],"product_cat":[3110,3106,3102,3098,3111,3107,3103,3099,3114,3041,2105,2513,2061,2068,2073,2087,3205,3112,3108,3104,3100,3101,3115,3113,3109,3105],"product_tag":[],"berocket_brand":[3233],"class_list":{"0":"post-123255","1":"product","2":"type-product","3":"status-publish","4":"has-post-thumbnail","6":"product_cat-barske-stolice-za-unutarnje-prostore-javni","7":"product_cat-barske-stolice-za-unutarnje-prostore-rezidencijalni","8":"product_cat-barske-stolice-za-unutarnje-prostore-horeca-prostori","9":"product_cat-barske-stolice-za-unutarnje-prostore","10":"product_cat-barske-stolice-za-vanjske-prostore-javni","11":"product_cat-barske-stolice-za-vanjske-prostore-rezidencijalni","12":"product_cat-barske-stolice-za-vanjske-prostore-horeca-prostori","13":"product_cat-barske-stolice-za-vanjske-prostore","14":"product_cat-barske-stolice-za-vanjske-prostore-outdoor","15":"product_cat-horeca-prostori","16":"product_cat-javni","17":"product_cat-outdoor","18":"product_cat-proizvodi","19":"product_cat-prostori","20":"product_cat-rezidencijalni","21":"product_cat-stolice","22":"product_cat-stolice-za-cekaonice","23":"product_cat-stolice-za-unutarnje-prostore-javni","24":"product_cat-stolice-za-unutarnje-prostore-rezidencijalni","25":"product_cat-stolice-za-unutarnje-prostore-horeca-prostori","26":"product_cat-stolice-za-unutarnje-prostore","27":"product_cat-stolice-za-vanjske-prostore","28":"product_cat-stolice-za-vanjske-prostore-outdoor","29":"product_cat-stolice-za-vanjske-prostore-javni","30":"product_cat-stolice-za-vanjske-prostore-rezidencijalni","31":"product_cat-stolice-za-vanjske-prostore-horeca-prostori","32":"berocket_brand-extremis","34":"first","35":"instock","36":"product-type-grouped"},"acf":[],"_links":{"self":[{"href":"https:\/\/cernelic.hr\/en\/wp-json\/wp\/v2\/product\/123255","targetHints":{"allow":["GET"]}}],"collection":[{"href":"https:\/\/cernelic.hr\/en\/wp-json\/wp\/v2\/product"}],"about":[{"href":"https:\/\/cernelic.hr\/en\/wp-json\/wp\/v2\/types\/product"}],"wp:featuredmedia":[{"embeddable":true,"href":"https:\/\/cernelic.hr\/en\/wp-json\/wp\/v2\/media\/123288"}],"wp:attachment":[{"href":"https:\/\/cernelic.hr\/en\/wp-json\/wp\/v2\/media?parent=123255"}],"wp:term":[{"taxonomy":"product_brand","embeddable":true,"href":"https:\/\/cernelic.hr\/en\/wp-json\/wp\/v2\/product_brand?post=123255"},{"taxonomy":"product_cat","embeddable":true,"href":"https:\/\/cernelic.hr\/en\/wp-json\/wp\/v2\/product_cat?post=123255"},{"taxonomy":"product_tag","embeddable":true,"href":"https:\/\/cernelic.hr\/en\/wp-json\/wp\/v2\/product_tag?post=123255"},{"taxonomy":"berocket_brand","embeddable":true,"href":"https:\/\/cernelic.hr\/en\/wp-json\/wp\/v2\/berocket_brand?post=123255"}],"curies":[{"name":"wp","href":"https:\/\/api.w.org\/{rel}","templated":true}]}}