{"id":123259,"date":"2022-08-21T21:08:23","date_gmt":"2022-08-21T21:08:23","guid":{"rendered":"https:\/\/cernelic.hr\/proizvod\/hooper-combo-180-240-300-360-by-extremis\/"},"modified":"2023-12-08T08:53:57","modified_gmt":"2023-12-08T08:53:57","slug":"hooper-combo-180-240-300-360-by-extremis","status":"publish","type":"product","link":"https:\/\/cernelic.hr\/en\/proizvod\/hooper-combo-180-240-300-360-by-extremis\/","title":{"rendered":"HOOPER combo 180\/240\/300\/360 by Extremis"},"content":{"rendered":"<p>\u201eHopper combo\u201c kombinira najbolje od dva svijeta: klupu s jedne i udobne stolice s druge strane. Prilo\u017eene klupe omogu\u0107uju Vam da se uvu\u010dete sa strane, a da ne morate podi\u0107i noge. Otvorena strana nudi fleksibilnost i prihva\u0107a invalidska kolica ili dje\u010dje sjedalice.<\/p>\n","protected":false},"excerpt":{"rendered":"<p>\u201eHopper combo\u201c kombinira najbolje od dva svijeta: klupu s jedne i udobne stolice s druge strane. Prilo\u017eene klupe omogu\u0107uju Vam da se uvu\u010dete sa strane, a da ne morate podi\u0107i noge. Otvorena strana nudi fleksibilnost i prihva\u0107a invalidska kolica ili dje\u010dje sjedalice.<\/p>\n","protected":false},"featured_media":119298,"template":"","meta":{"_acf_changed":false},"product_brand":[],"product_cat":[3116,3041,2105,3133,3127,2513,2061,2068,3238,3237],"product_tag":[],"berocket_brand":[3233],"class_list":{"0":"post-123259","1":"product","2":"type-product","3":"status-publish","4":"has-post-thumbnail","6":"product_cat-fotelje-garniture-proizvodi","7":"product_cat-horeca-prostori","8":"product_cat-javni","9":"product_cat-klupe-i-separei-horeca-prostori","10":"product_cat-klupe-i-separei","11":"product_cat-outdoor","12":"product_cat-proizvodi","13":"product_cat-prostori","14":"product_cat-urbana-oprema-outdoor","15":"product_cat-urbana-oprema","16":"berocket_brand-extremis","18":"first","19":"instock","20":"product-type-grouped"},"acf":[],"_links":{"self":[{"href":"https:\/\/cernelic.hr\/en\/wp-json\/wp\/v2\/product\/123259","targetHints":{"allow":["GET"]}}],"collection":[{"href":"https:\/\/cernelic.hr\/en\/wp-json\/wp\/v2\/product"}],"about":[{"href":"https:\/\/cernelic.hr\/en\/wp-json\/wp\/v2\/types\/product"}],"wp:featuredmedia":[{"embeddable":true,"href":"https:\/\/cernelic.hr\/en\/wp-json\/wp\/v2\/media\/119298"}],"wp:attachment":[{"href":"https:\/\/cernelic.hr\/en\/wp-json\/wp\/v2\/media?parent=123259"}],"wp:term":[{"taxonomy":"product_brand","embeddable":true,"href":"https:\/\/cernelic.hr\/en\/wp-json\/wp\/v2\/product_brand?post=123259"},{"taxonomy":"product_cat","embeddable":true,"href":"https:\/\/cernelic.hr\/en\/wp-json\/wp\/v2\/product_cat?post=123259"},{"taxonomy":"product_tag","embeddable":true,"href":"https:\/\/cernelic.hr\/en\/wp-json\/wp\/v2\/product_tag?post=123259"},{"taxonomy":"berocket_brand","embeddable":true,"href":"https:\/\/cernelic.hr\/en\/wp-json\/wp\/v2\/berocket_brand?post=123259"}],"curies":[{"name":"wp","href":"https:\/\/api.w.org\/{rel}","templated":true}]}}