{"id":123260,"date":"2022-08-21T21:08:23","date_gmt":"2022-08-21T21:08:23","guid":{"rendered":"https:\/\/cernelic.hr\/proizvod\/hooper-picnic-180-240-300-360-by-extremis\/"},"modified":"2023-12-08T10:08:39","modified_gmt":"2023-12-08T10:08:39","slug":"hooper-picnic-180-240-300-360-by-extremis","status":"publish","type":"product","link":"https:\/\/cernelic.hr\/en\/proizvod\/hooper-picnic-180-240-300-360-by-extremis\/","title":{"rendered":"HOOPER picnic 180\/240\/300\/360 by Extremis"},"content":{"rendered":"<p>\u201eHopper\u201c je funkcionalno rje\u0161enje za klasi\u010dni koncept: stol za piknik. Zna\u010dajka savijenih nogu eliminira neugodno penjanje preko klupa. Aluminijske ili \u010deli\u010dne noge u kombinaciji s tvrdim drvetom osiguravaju dugovje\u010dnost materijala, dok pri\u010dvr\u0161\u0107ene klupe pru\u017eaju \u010distu estetiku. Extremis stolovi za vanjsku upotrebu moderne izrade sa jo\u0161 modernijim dizajnom.<\/p>\n","protected":false},"excerpt":{"rendered":"<p>\u201eHopper\u201c je funkcionalno rje\u0161enje za klasi\u010dni koncept: stol za piknik. Zna\u010dajka savijenih nogu eliminira neugodno penjanje preko klupa. Aluminijske ili \u010deli\u010dne noge u kombinaciji s tvrdim drvetom osiguravaju dugovje\u010dnost materijala, dok pri\u010dvr\u0161\u0107ene klupe pru\u017eaju \u010distu estetiku. Extremis stolovi za vanjsku upotrebu moderne izrade sa jo\u0161 modernijim dizajnom.<\/p>\n","protected":false},"featured_media":123293,"template":"","meta":{"_acf_changed":false},"product_brand":[],"product_cat":[3116,3041,2105,3127,3133,2513,2061,2068,3237,3238],"product_tag":[],"berocket_brand":[3233],"class_list":{"0":"post-123260","1":"product","2":"type-product","3":"status-publish","4":"has-post-thumbnail","6":"product_cat-fotelje-garniture-proizvodi","7":"product_cat-horeca-prostori","8":"product_cat-javni","9":"product_cat-klupe-i-separei","10":"product_cat-klupe-i-separei-horeca-prostori","11":"product_cat-outdoor","12":"product_cat-proizvodi","13":"product_cat-prostori","14":"product_cat-urbana-oprema","15":"product_cat-urbana-oprema-outdoor","16":"berocket_brand-extremis","18":"first","19":"instock","20":"product-type-grouped"},"acf":[],"_links":{"self":[{"href":"https:\/\/cernelic.hr\/en\/wp-json\/wp\/v2\/product\/123260","targetHints":{"allow":["GET"]}}],"collection":[{"href":"https:\/\/cernelic.hr\/en\/wp-json\/wp\/v2\/product"}],"about":[{"href":"https:\/\/cernelic.hr\/en\/wp-json\/wp\/v2\/types\/product"}],"wp:featuredmedia":[{"embeddable":true,"href":"https:\/\/cernelic.hr\/en\/wp-json\/wp\/v2\/media\/123293"}],"wp:attachment":[{"href":"https:\/\/cernelic.hr\/en\/wp-json\/wp\/v2\/media?parent=123260"}],"wp:term":[{"taxonomy":"product_brand","embeddable":true,"href":"https:\/\/cernelic.hr\/en\/wp-json\/wp\/v2\/product_brand?post=123260"},{"taxonomy":"product_cat","embeddable":true,"href":"https:\/\/cernelic.hr\/en\/wp-json\/wp\/v2\/product_cat?post=123260"},{"taxonomy":"product_tag","embeddable":true,"href":"https:\/\/cernelic.hr\/en\/wp-json\/wp\/v2\/product_tag?post=123260"},{"taxonomy":"berocket_brand","embeddable":true,"href":"https:\/\/cernelic.hr\/en\/wp-json\/wp\/v2\/berocket_brand?post=123260"}],"curies":[{"name":"wp","href":"https:\/\/api.w.org\/{rel}","templated":true}]}}