{"id":123263,"date":"2022-08-21T21:09:00","date_gmt":"2022-08-21T21:09:00","guid":{"rendered":"https:\/\/cernelic.hr\/proizvod\/inumbrina-by-extremis\/"},"modified":"2023-12-08T10:08:49","modified_gmt":"2023-12-08T10:08:49","slug":"inumbrina-by-extremis","status":"publish","type":"product","link":"https:\/\/cernelic.hr\/en\/proizvod\/inumbrina-by-extremis\/","title":{"rendered":"INUMBRINA by Extremis"},"content":{"rendered":"<p><span data-sheets-value=\"{&quot;1&quot;:2,&quot;2&quot;:&quot;Osje\u0107aj da ste na jahti, bez osje\u0107aja morske bolesti. Mo\u017ee li biti bolje? Zapo\u010dnite dan doru\u010dkom, u\u017eivajte u sun\u010danju ili se divite zalasku sunca uz osvje\u017eavaju\u0107e koktele; sve je mogu\u0107e s Kosmosom! Extremisov Kosmos je savr\u0161en \u010dak i za poslovne svrhe: svaki sastanak koji po\u010dinje ovdje ima potencijal postati super kreativan. Interakcija s ljudima puno je zabavnija u ovom ugodnom I svestranom kokpitu u stilu jahte.&quot;}\" data-sheets-userformat=\"{&quot;2&quot;:12735,&quot;3&quot;:{&quot;1&quot;:0,&quot;3&quot;:1},&quot;4&quot;:{&quot;1&quot;:2,&quot;2&quot;:9621584},&quot;5&quot;:{&quot;1&quot;:[{&quot;1&quot;:2,&quot;2&quot;:0,&quot;5&quot;:{&quot;1&quot;:0}},{&quot;1&quot;:0,&quot;2&quot;:0,&quot;3&quot;:3},{&quot;1&quot;:1,&quot;2&quot;:0,&quot;4&quot;:1}]},&quot;6&quot;:{&quot;1&quot;:[{&quot;1&quot;:2,&quot;2&quot;:0,&quot;5&quot;:{&quot;1&quot;:0}},{&quot;1&quot;:0,&quot;2&quot;:0,&quot;3&quot;:3},{&quot;1&quot;:1,&quot;2&quot;:0,&quot;4&quot;:1}]},&quot;7&quot;:{&quot;1&quot;:[{&quot;1&quot;:2,&quot;2&quot;:0,&quot;5&quot;:{&quot;1&quot;:0}},{&quot;1&quot;:0,&quot;2&quot;:0,&quot;3&quot;:3},{&quot;1&quot;:1,&quot;2&quot;:0,&quot;4&quot;:1}]},&quot;8&quot;:{&quot;1&quot;:[{&quot;1&quot;:2,&quot;2&quot;:0,&quot;5&quot;:{&quot;1&quot;:0}},{&quot;1&quot;:0,&quot;2&quot;:0,&quot;3&quot;:3},{&quot;1&quot;:1,&quot;2&quot;:0,&quot;4&quot;:1}]},&quot;10&quot;:0,&quot;11&quot;:4,&quot;15&quot;:&quot;Calibri&quot;,&quot;16&quot;:11}\">Osje\u0107aj da ste na jahti, bez osje\u0107aja morske bolesti. Mo\u017ee li biti bolje? Zapo\u010dnite dan doru\u010dkom, u\u017eivajte u sun\u010danju ili se divite zalasku sunca uz osvje\u017eavaju\u0107e koktele; sve je mogu\u0107e s Kosmosom! Extremisov Kosmos je savr\u0161en \u010dak i za poslovne svrhe: svaki sastanak koji po\u010dinje ovdje ima potencijal postati super kreativan. Interakcija s ljudima puno je zabavnija u ovom ugodnom I svestranom kokpitu u stilu jahte.<\/span><\/p>\n","protected":false},"excerpt":{"rendered":"<p>Osje\u0107aj da ste na jahti, bez osje\u0107aja morske bolesti. Mo\u017ee li biti bolje? Zapo\u010dnite dan doru\u010dkom, u\u017eivajte u sun\u010danju ili se divite zalasku sunca uz osvje\u017eavaju\u0107e koktele; sve je mogu\u0107e s Kosmosom! Extremisov Kosmos je savr\u0161en \u010dak i za poslovne svrhe: svaki sastanak koji po\u010dinje ovdje ima potencijal postati super kreativan. Interakcija s ljudima puno [&hellip;]<\/p>\n","protected":false},"featured_media":123296,"template":"","meta":{"_acf_changed":false},"product_brand":[],"product_cat":[2111,3041,2105,2513,2061,2068,2073,3230,3231,3232,3229,3235,2218],"product_tag":[],"berocket_brand":[3233],"class_list":{"0":"post-123263","1":"product","2":"type-product","3":"status-publish","4":"has-post-thumbnail","6":"product_cat-dvorane","7":"product_cat-horeca-prostori","8":"product_cat-javni","9":"product_cat-outdoor","10":"product_cat-proizvodi","11":"product_cat-prostori","12":"product_cat-rezidencijalni","13":"product_cat-zastita-od-sunca-rezidencijalni","14":"product_cat-zastita-od-sunca-javni","15":"product_cat-zastita-od-sunca-outdoor","16":"product_cat-zastita-od-sunca-horeca-prostori","17":"product_cat-zastita-od-sunca-dvorane","18":"product_cat-zastita-od-sunca","19":"berocket_brand-extremis","21":"first","22":"instock","23":"product-type-grouped"},"acf":[],"_links":{"self":[{"href":"https:\/\/cernelic.hr\/en\/wp-json\/wp\/v2\/product\/123263","targetHints":{"allow":["GET"]}}],"collection":[{"href":"https:\/\/cernelic.hr\/en\/wp-json\/wp\/v2\/product"}],"about":[{"href":"https:\/\/cernelic.hr\/en\/wp-json\/wp\/v2\/types\/product"}],"wp:featuredmedia":[{"embeddable":true,"href":"https:\/\/cernelic.hr\/en\/wp-json\/wp\/v2\/media\/123296"}],"wp:attachment":[{"href":"https:\/\/cernelic.hr\/en\/wp-json\/wp\/v2\/media?parent=123263"}],"wp:term":[{"taxonomy":"product_brand","embeddable":true,"href":"https:\/\/cernelic.hr\/en\/wp-json\/wp\/v2\/product_brand?post=123263"},{"taxonomy":"product_cat","embeddable":true,"href":"https:\/\/cernelic.hr\/en\/wp-json\/wp\/v2\/product_cat?post=123263"},{"taxonomy":"product_tag","embeddable":true,"href":"https:\/\/cernelic.hr\/en\/wp-json\/wp\/v2\/product_tag?post=123263"},{"taxonomy":"berocket_brand","embeddable":true,"href":"https:\/\/cernelic.hr\/en\/wp-json\/wp\/v2\/berocket_brand?post=123263"}],"curies":[{"name":"wp","href":"https:\/\/api.w.org\/{rel}","templated":true}]}}